{"id":1483,"date":"2019-10-16T16:13:12","date_gmt":"2019-10-16T16:13:12","guid":{"rendered":"https:\/\/the7.io\/company\/?page_id=1483"},"modified":"2025-03-11T20:25:16","modified_gmt":"2025-03-11T20:25:16","slug":"expertise","status":"publish","type":"page","link":"https:\/\/bernardesconsultoria.com\/pt_pt\/expertise\/","title":{"rendered":"Expertise"},"content":{"rendered":"<div data-elementor-type=\"wp-page\" data-elementor-id=\"1483\" class=\"elementor elementor-1483\" data-elementor-post-type=\"page\">\n\t\t\t\t<div class=\"elementor-element elementor-element-6cc0eec e-flex e-con-boxed e-con e-parent\" data-id=\"6cc0eec\" data-element_type=\"container\">\n\t\t\t\t\t<div class=\"e-con-inner\">\n\t\t<div class=\"elementor-element elementor-element-0955393 e-con-full e-flex e-con e-child\" data-id=\"0955393\" data-element_type=\"container\" data-settings=\"{&quot;background_background&quot;:&quot;classic&quot;}\">\n\t\t\t\t<div class=\"elementor-element elementor-element-631ed0c elementor-widget elementor-widget-heading\" data-id=\"631ed0c\" data-element_type=\"widget\" data-widget_type=\"heading.default\">\n\t\t\t\t<div class=\"elementor-widget-container\">\n\t\t\t\t\t<h2 class=\"elementor-heading-title elementor-size-default\">Gest\u00e3o Estrat\u00e9gica<\/h2>\t\t\t\t<\/div>\n\t\t\t\t<\/div>\n\t\t\t\t<div class=\"elementor-element elementor-element-363a5ab elementor-widget elementor-widget-text-editor\" data-id=\"363a5ab\" data-element_type=\"widget\" data-widget_type=\"text-editor.default\">\n\t\t\t\t<div class=\"elementor-widget-container\">\n\t\t\t\t\t\t\t\t\t<p>A Gest\u00e3o Estrat\u00e9gica transforma sua vis\u00e3o em realidade, garantindo sucesso e adapta\u00e7\u00e3o \u00e0s mudan\u00e7as do mercado. Invista no futuro!<\/p>\t\t\t\t\t\t\t\t<\/div>\n\t\t\t\t<\/div>\n\t\t\t\t<div class=\"elementor-element elementor-element-576db60 elementor-align-center elementor-widget elementor-widget-button\" data-id=\"576db60\" data-element_type=\"widget\" data-widget_type=\"button.default\">\n\t\t\t\t<div class=\"elementor-widget-container\">\n\t\t\t\t\t\t\t\t\t<div class=\"elementor-button-wrapper\">\n\t\t\t\t\t<a class=\"elementor-button elementor-button-link elementor-size-sm\" href=\"http:\/\/bernardesconsultoria.com\/pt_pt\/expertises\/gestao-estrategica\/\">\n\t\t\t\t\t\t<span class=\"elementor-button-content-wrapper\">\n\t\t\t\t\t\t\t\t\t<span class=\"elementor-button-text\">Saiba Mais<\/span>\n\t\t\t\t\t<\/span>\n\t\t\t\t\t<\/a>\n\t\t\t\t<\/div>\n\t\t\t\t\t\t\t\t<\/div>\n\t\t\t\t<\/div>\n\t\t\t\t<\/div>\n\t\t<div class=\"elementor-element elementor-element-9002d8c e-con-full e-flex e-con e-child\" data-id=\"9002d8c\" data-element_type=\"container\" data-settings=\"{&quot;background_background&quot;:&quot;classic&quot;}\">\n\t\t\t\t<div class=\"elementor-element elementor-element-f742f9c elementor-widget elementor-widget-heading\" data-id=\"f742f9c\" data-element_type=\"widget\" data-widget_type=\"heading.default\">\n\t\t\t\t<div class=\"elementor-widget-container\">\n\t\t\t\t\t<h2 class=\"elementor-heading-title elementor-size-default\">Governan\u00e7a Corporativa<\/h2>\t\t\t\t<\/div>\n\t\t\t\t<\/div>\n\t\t\t\t<div class=\"elementor-element elementor-element-9759abe elementor-widget elementor-widget-text-editor\" data-id=\"9759abe\" data-element_type=\"widget\" data-widget_type=\"text-editor.default\">\n\t\t\t\t<div class=\"elementor-widget-container\">\n\t\t\t\t\t\t\t\t\t<p>A Governan\u00e7a Corporativa garante transpar\u00eancia e responsabilidade, fortalecendo a confian\u00e7a e o desempenho da sua empresa. Invista em uma gest\u00e3o s\u00f3lida e \u00e9tica!<\/p>\t\t\t\t\t\t\t\t<\/div>\n\t\t\t\t<\/div>\n\t\t\t\t<div class=\"elementor-element elementor-element-da18d17 elementor-align-center elementor-widget elementor-widget-button\" data-id=\"da18d17\" data-element_type=\"widget\" data-widget_type=\"button.default\">\n\t\t\t\t<div class=\"elementor-widget-container\">\n\t\t\t\t\t\t\t\t\t<div class=\"elementor-button-wrapper\">\n\t\t\t\t\t<a class=\"elementor-button elementor-button-link elementor-size-sm\" href=\"http:\/\/bernardesconsultoria.com\/pt_pt\/expertises\/governanca-corporativa\/\">\n\t\t\t\t\t\t<span class=\"elementor-button-content-wrapper\">\n\t\t\t\t\t\t\t\t\t<span class=\"elementor-button-text\">Saiba Mais<\/span>\n\t\t\t\t\t<\/span>\n\t\t\t\t\t<\/a>\n\t\t\t\t<\/div>\n\t\t\t\t\t\t\t\t<\/div>\n\t\t\t\t<\/div>\n\t\t\t\t<\/div>\n\t\t<div class=\"elementor-element elementor-element-e45d7f8 e-con-full e-flex e-con e-child\" data-id=\"e45d7f8\" data-element_type=\"container\" data-settings=\"{&quot;background_background&quot;:&quot;classic&quot;}\">\n\t\t\t\t<div class=\"elementor-element elementor-element-0fd04dd elementor-widget elementor-widget-heading\" data-id=\"0fd04dd\" data-element_type=\"widget\" data-widget_type=\"heading.default\">\n\t\t\t\t<div class=\"elementor-widget-container\">\n\t\t\t\t\t<h2 class=\"elementor-heading-title elementor-size-default\">Legal Operations<\/h2>\t\t\t\t<\/div>\n\t\t\t\t<\/div>\n\t\t\t\t<div class=\"elementor-element elementor-element-90a5ecf elementor-widget elementor-widget-text-editor\" data-id=\"90a5ecf\" data-element_type=\"widget\" data-widget_type=\"text-editor.default\">\n\t\t\t\t<div class=\"elementor-widget-container\">\n\t\t\t\t\t\t\t\t\t<p>Legal Operations otimiza a efici\u00eancia e a efic\u00e1cia dos processos jur\u00eddicos, impulsionando a produtividade e a qualidade dos servi\u00e7os. Invista na excel\u00eancia operacional!<\/p>\t\t\t\t\t\t\t\t<\/div>\n\t\t\t\t<\/div>\n\t\t\t\t<div class=\"elementor-element elementor-element-d2c2ec9 elementor-align-center elementor-widget elementor-widget-button\" data-id=\"d2c2ec9\" data-element_type=\"widget\" data-widget_type=\"button.default\">\n\t\t\t\t<div class=\"elementor-widget-container\">\n\t\t\t\t\t\t\t\t\t<div class=\"elementor-button-wrapper\">\n\t\t\t\t\t<a class=\"elementor-button elementor-button-link elementor-size-sm\" href=\"http:\/\/bernardesconsultoria.com\/pt_pt\/expertises\/legal-operations\/\">\n\t\t\t\t\t\t<span class=\"elementor-button-content-wrapper\">\n\t\t\t\t\t\t\t\t\t<span class=\"elementor-button-text\">Saiba Mais<\/span>\n\t\t\t\t\t<\/span>\n\t\t\t\t\t<\/a>\n\t\t\t\t<\/div>\n\t\t\t\t\t\t\t\t<\/div>\n\t\t\t\t<\/div>\n\t\t\t\t<\/div>\n\t\t<div class=\"elementor-element elementor-element-8f89631 e-con-full e-flex e-con e-child\" data-id=\"8f89631\" data-element_type=\"container\" data-settings=\"{&quot;background_background&quot;:&quot;classic&quot;}\">\n\t\t\t\t<div class=\"elementor-element elementor-element-d986e89 elementor-widget elementor-widget-heading\" data-id=\"d986e89\" data-element_type=\"widget\" data-widget_type=\"heading.default\">\n\t\t\t\t<div class=\"elementor-widget-container\">\n\t\t\t\t\t<h2 class=\"elementor-heading-title elementor-size-default\">Gest\u00e3o do Marketing Jur\u00eddico e Cliente<\/h2>\t\t\t\t<\/div>\n\t\t\t\t<\/div>\n\t\t\t\t<div class=\"elementor-element elementor-element-04b9bea elementor-widget elementor-widget-text-editor\" data-id=\"04b9bea\" data-element_type=\"widget\" data-widget_type=\"text-editor.default\">\n\t\t\t\t<div class=\"elementor-widget-container\">\n\t\t\t\t\t\t\t\t\t<p>A Gest\u00e3o do Marketing Jur\u00eddico e Clientes atrai e fideliza clientes, impulsionando o crescimento do seu escrit\u00f3rio de advocacia. Invista no sucesso cont\u00ednuo!<\/p>\t\t\t\t\t\t\t\t<\/div>\n\t\t\t\t<\/div>\n\t\t\t\t<div class=\"elementor-element elementor-element-751bcb5 elementor-align-center elementor-widget elementor-widget-button\" data-id=\"751bcb5\" data-element_type=\"widget\" data-widget_type=\"button.default\">\n\t\t\t\t<div class=\"elementor-widget-container\">\n\t\t\t\t\t\t\t\t\t<div class=\"elementor-button-wrapper\">\n\t\t\t\t\t<a class=\"elementor-button elementor-button-link elementor-size-sm\" href=\"http:\/\/bernardesconsultoria.com\/pt_pt\/expertises\/gestao-do-marketing-juridico-e-clientes\/\">\n\t\t\t\t\t\t<span class=\"elementor-button-content-wrapper\">\n\t\t\t\t\t\t\t\t\t<span class=\"elementor-button-text\">Saiba Mais<\/span>\n\t\t\t\t\t<\/span>\n\t\t\t\t\t<\/a>\n\t\t\t\t<\/div>\n\t\t\t\t\t\t\t\t<\/div>\n\t\t\t\t<\/div>\n\t\t\t\t<\/div>\n\t\t<div class=\"elementor-element elementor-element-a957576 e-con-full e-flex e-con e-child\" data-id=\"a957576\" data-element_type=\"container\" data-settings=\"{&quot;background_background&quot;:&quot;classic&quot;}\">\n\t\t\t\t<div class=\"elementor-element elementor-element-13369f5 elementor-widget elementor-widget-heading\" data-id=\"13369f5\" data-element_type=\"widget\" data-widget_type=\"heading.default\">\n\t\t\t\t<div class=\"elementor-widget-container\">\n\t\t\t\t\t<h2 class=\"elementor-heading-title elementor-size-default\">Gest\u00e3o da Produ\u00e7\u00e3o Jur\u00eddica<\/h2>\t\t\t\t<\/div>\n\t\t\t\t<\/div>\n\t\t\t\t<div class=\"elementor-element elementor-element-c7349cf elementor-widget elementor-widget-text-editor\" data-id=\"c7349cf\" data-element_type=\"widget\" data-widget_type=\"text-editor.default\">\n\t\t\t\t<div class=\"elementor-widget-container\">\n\t\t\t\t\t\t\t\t\t<p>A Gest\u00e3o da Produ\u00e7\u00e3o Jur\u00eddica otimiza processos e aumenta a efici\u00eancia do seu escrit\u00f3rio de advocacia. Invista na produtividade e qualidade!<\/p>\t\t\t\t\t\t\t\t<\/div>\n\t\t\t\t<\/div>\n\t\t\t\t<div class=\"elementor-element elementor-element-df7c301 elementor-align-center elementor-widget elementor-widget-button\" data-id=\"df7c301\" data-element_type=\"widget\" data-widget_type=\"button.default\">\n\t\t\t\t<div class=\"elementor-widget-container\">\n\t\t\t\t\t\t\t\t\t<div class=\"elementor-button-wrapper\">\n\t\t\t\t\t<a class=\"elementor-button elementor-button-link elementor-size-sm\" href=\"http:\/\/bernardesconsultoria.com\/pt_pt\/expertises\/gestao-da-producao-juridica\/\">\n\t\t\t\t\t\t<span class=\"elementor-button-content-wrapper\">\n\t\t\t\t\t\t\t\t\t<span class=\"elementor-button-text\">Saiba Mais<\/span>\n\t\t\t\t\t<\/span>\n\t\t\t\t\t<\/a>\n\t\t\t\t<\/div>\n\t\t\t\t\t\t\t\t<\/div>\n\t\t\t\t<\/div>\n\t\t\t\t<\/div>\n\t\t<div class=\"elementor-element elementor-element-9d6e692 e-con-full e-flex e-con e-child\" data-id=\"9d6e692\" data-element_type=\"container\" data-settings=\"{&quot;background_background&quot;:&quot;classic&quot;}\">\n\t\t\t\t<div class=\"elementor-element elementor-element-3f3f3ef elementor-widget elementor-widget-heading\" data-id=\"3f3f3ef\" data-element_type=\"widget\" data-widget_type=\"heading.default\">\n\t\t\t\t<div class=\"elementor-widget-container\">\n\t\t\t\t\t<h2 class=\"elementor-heading-title elementor-size-default\">Gest\u00e3o Financeira\n\n<\/h2>\t\t\t\t<\/div>\n\t\t\t\t<\/div>\n\t\t\t\t<div class=\"elementor-element elementor-element-7469aba elementor-widget elementor-widget-text-editor\" data-id=\"7469aba\" data-element_type=\"widget\" data-widget_type=\"text-editor.default\">\n\t\t\t\t<div class=\"elementor-widget-container\">\n\t\t\t\t\t\t\t\t\t<p>A Gest\u00e3o Financeira maximiza lucros e assegura a sa\u00fade econ\u00f4mica da sua empresa. Invista na estabilidade e crescimento financeiro!<\/p>\t\t\t\t\t\t\t\t<\/div>\n\t\t\t\t<\/div>\n\t\t\t\t<div class=\"elementor-element elementor-element-c32aa91 elementor-align-center elementor-widget elementor-widget-button\" data-id=\"c32aa91\" data-element_type=\"widget\" data-widget_type=\"button.default\">\n\t\t\t\t<div class=\"elementor-widget-container\">\n\t\t\t\t\t\t\t\t\t<div class=\"elementor-button-wrapper\">\n\t\t\t\t\t<a class=\"elementor-button elementor-button-link elementor-size-sm\" href=\"http:\/\/bernardesconsultoria.com\/pt_pt\/expertises\/gestao-financeira\/\">\n\t\t\t\t\t\t<span class=\"elementor-button-content-wrapper\">\n\t\t\t\t\t\t\t\t\t<span class=\"elementor-button-text\">Saiba Mais<\/span>\n\t\t\t\t\t<\/span>\n\t\t\t\t\t<\/a>\n\t\t\t\t<\/div>\n\t\t\t\t\t\t\t\t<\/div>\n\t\t\t\t<\/div>\n\t\t\t\t<\/div>\n\t\t<div class=\"elementor-element elementor-element-0baa8c7 e-con-full e-flex e-con e-child\" data-id=\"0baa8c7\" data-element_type=\"container\" data-settings=\"{&quot;background_background&quot;:&quot;classic&quot;}\">\n\t\t\t\t<div class=\"elementor-element elementor-element-749cf49 elementor-widget elementor-widget-heading\" data-id=\"749cf49\" data-element_type=\"widget\" data-widget_type=\"heading.default\">\n\t\t\t\t<div class=\"elementor-widget-container\">\n\t\t\t\t\t<h2 class=\"elementor-heading-title elementor-size-default\">Gest\u00e3o de Pessoas<\/h2>\t\t\t\t<\/div>\n\t\t\t\t<\/div>\n\t\t\t\t<div class=\"elementor-element elementor-element-a11489b elementor-widget elementor-widget-text-editor\" data-id=\"a11489b\" data-element_type=\"widget\" data-widget_type=\"text-editor.default\">\n\t\t\t\t<div class=\"elementor-widget-container\">\n\t\t\t\t\t\t\t\t\t<p>A Gest\u00e3o de Pessoas desenvolve talentos e melhora o ambiente de trabalho, aumentando a produtividade e a satisfa\u00e7\u00e3o dos colaboradores. Invista no potencial humano!<\/p>\t\t\t\t\t\t\t\t<\/div>\n\t\t\t\t<\/div>\n\t\t\t\t<div class=\"elementor-element elementor-element-f084f04 elementor-align-center elementor-widget elementor-widget-button\" data-id=\"f084f04\" data-element_type=\"widget\" data-widget_type=\"button.default\">\n\t\t\t\t<div class=\"elementor-widget-container\">\n\t\t\t\t\t\t\t\t\t<div class=\"elementor-button-wrapper\">\n\t\t\t\t\t<a class=\"elementor-button elementor-button-link elementor-size-sm\" href=\"http:\/\/bernardesconsultoria.com\/pt_pt\/expertises\/gestao-de-pessoas\/\">\n\t\t\t\t\t\t<span class=\"elementor-button-content-wrapper\">\n\t\t\t\t\t\t\t\t\t<span class=\"elementor-button-text\">Saiba Mais<\/span>\n\t\t\t\t\t<\/span>\n\t\t\t\t\t<\/a>\n\t\t\t\t<\/div>\n\t\t\t\t\t\t\t\t<\/div>\n\t\t\t\t<\/div>\n\t\t\t\t<\/div>\n\t\t<div class=\"elementor-element elementor-element-37d8dde e-con-full e-flex e-con e-child\" data-id=\"37d8dde\" data-element_type=\"container\" data-settings=\"{&quot;background_background&quot;:&quot;classic&quot;}\">\n\t\t\t\t<div class=\"elementor-element elementor-element-510fb2a elementor-widget elementor-widget-heading\" data-id=\"510fb2a\" data-element_type=\"widget\" data-widget_type=\"heading.default\">\n\t\t\t\t<div class=\"elementor-widget-container\">\n\t\t\t\t\t<h2 class=\"elementor-heading-title elementor-size-default\">Controladoria Jur\u00eddica<\/h2>\t\t\t\t<\/div>\n\t\t\t\t<\/div>\n\t\t\t\t<div class=\"elementor-element elementor-element-6cc4c41 elementor-widget elementor-widget-text-editor\" data-id=\"6cc4c41\" data-element_type=\"widget\" data-widget_type=\"text-editor.default\">\n\t\t\t\t<div class=\"elementor-widget-container\">\n\t\t\t\t\t\t\t\t\t<p>A Controladoria Jur\u00eddica aprimora a efici\u00eancia e a precis\u00e3o dos processos legais, garantindo um controle rigoroso e resultados superiores. Invista na excel\u00eancia operacional!<\/p>\t\t\t\t\t\t\t\t<\/div>\n\t\t\t\t<\/div>\n\t\t\t\t<div class=\"elementor-element elementor-element-9a29334 elementor-align-center elementor-widget elementor-widget-button\" data-id=\"9a29334\" data-element_type=\"widget\" data-widget_type=\"button.default\">\n\t\t\t\t<div class=\"elementor-widget-container\">\n\t\t\t\t\t\t\t\t\t<div class=\"elementor-button-wrapper\">\n\t\t\t\t\t<a class=\"elementor-button elementor-button-link elementor-size-sm\" href=\"http:\/\/bernardesconsultoria.com\/pt_pt\/expertises\/controladoria-juridica\/\">\n\t\t\t\t\t\t<span class=\"elementor-button-content-wrapper\">\n\t\t\t\t\t\t\t\t\t<span class=\"elementor-button-text\">Saiba Mais<\/span>\n\t\t\t\t\t<\/span>\n\t\t\t\t\t<\/a>\n\t\t\t\t<\/div>\n\t\t\t\t\t\t\t\t<\/div>\n\t\t\t\t<\/div>\n\t\t\t\t<\/div>\n\t\t\t\t\t<\/div>\n\t\t\t\t<\/div>\n\t\t\t\t<\/div>","protected":false},"excerpt":{"rendered":"<p>Gest\u00e3o Estrat\u00e9gica A Gest\u00e3o Estrat\u00e9gica transforma sua vis\u00e3o em realidade, garantindo sucesso e adapta\u00e7\u00e3o \u00e0s mudan\u00e7as do mercado. Invista no futuro! Saiba Mais Governan\u00e7a Corporativa A Governan\u00e7a Corporativa garante transpar\u00eancia e responsabilidade, fortalecendo a confian\u00e7a e o desempenho da sua empresa. Invista em uma gest\u00e3o s\u00f3lida e \u00e9tica! Saiba Mais Legal Operations Legal Operations otimiza&hellip;<\/p>","protected":false},"author":2,"featured_media":3796,"parent":0,"menu_order":20,"comment_status":"closed","ping_status":"closed","template":"elementor_header_footer","meta":{"footnotes":""},"class_list":["post-1483","page","type-page","status-publish","has-post-thumbnail","hentry"],"yoast_head":"<!-- This site is optimized with the Yoast SEO plugin v24.8.1 - https:\/\/yoast.com\/wordpress\/plugins\/seo\/ -->\n<title>Expertise - Bernardes Consultoria<\/title>\n<meta name=\"robots\" content=\"index, follow, max-snippet:-1, max-image-preview:large, max-video-preview:-1\" \/>\n<link rel=\"canonical\" href=\"https:\/\/bernardesconsultoria.com\/pt_pt\/expertise\/\" \/>\n<meta property=\"og:locale\" content=\"pt_PT\" \/>\n<meta property=\"og:type\" content=\"article\" \/>\n<meta property=\"og:title\" content=\"Expertise - Bernardes Consultoria\" \/>\n<meta property=\"og:description\" content=\"Gest\u00e3o Estrat\u00e9gica A Gest\u00e3o Estrat\u00e9gica transforma sua vis\u00e3o em realidade, garantindo sucesso e adapta\u00e7\u00e3o \u00e0s mudan\u00e7as do mercado. Invista no futuro! Saiba Mais Governan\u00e7a Corporativa A Governan\u00e7a Corporativa garante transpar\u00eancia e responsabilidade, fortalecendo a confian\u00e7a e o desempenho da sua empresa. Invista em uma gest\u00e3o s\u00f3lida e \u00e9tica! Saiba Mais Legal Operations Legal Operations otimiza&hellip;\" \/>\n<meta property=\"og:url\" content=\"https:\/\/bernardesconsultoria.com\/pt_pt\/expertise\/\" \/>\n<meta property=\"og:site_name\" content=\"Bernardes Consultoria\" \/>\n<meta property=\"article:modified_time\" content=\"2025-03-11T20:25:16+00:00\" \/>\n<meta property=\"og:image\" content=\"https:\/\/bernardesconsultoria.com\/wp-content\/uploads\/2024\/05\/Gestao1.webp\" \/>\n\t<meta property=\"og:image:width\" content=\"1200\" \/>\n\t<meta property=\"og:image:height\" content=\"675\" \/>\n\t<meta property=\"og:image:type\" content=\"image\/webp\" \/>\n<meta name=\"twitter:card\" content=\"summary_large_image\" \/>\n<meta name=\"twitter:label1\" content=\"Tempo estimado de leitura\" \/>\n\t<meta name=\"twitter:data1\" content=\"2 minutos\" \/>\n<script type=\"application\/ld+json\" class=\"yoast-schema-graph\">{\"@context\":\"https:\/\/schema.org\",\"@graph\":[{\"@type\":\"WebPage\",\"@id\":\"https:\/\/bernardesconsultoria.com\/pt_pt\/expertise\/\",\"url\":\"https:\/\/bernardesconsultoria.com\/pt_pt\/expertise\/\",\"name\":\"Expertise - Bernardes Consultoria\",\"isPartOf\":{\"@id\":\"https:\/\/www.bernardesconsultoria.com\/#website\"},\"primaryImageOfPage\":{\"@id\":\"https:\/\/bernardesconsultoria.com\/pt_pt\/expertise\/#primaryimage\"},\"image\":{\"@id\":\"https:\/\/bernardesconsultoria.com\/pt_pt\/expertise\/#primaryimage\"},\"thumbnailUrl\":\"https:\/\/bernardesconsultoria.com\/wp-content\/uploads\/2024\/05\/Gestao1.webp\",\"datePublished\":\"2019-10-16T16:13:12+00:00\",\"dateModified\":\"2025-03-11T20:25:16+00:00\",\"breadcrumb\":{\"@id\":\"https:\/\/bernardesconsultoria.com\/pt_pt\/expertise\/#breadcrumb\"},\"inLanguage\":\"pt-PT\",\"potentialAction\":[{\"@type\":\"ReadAction\",\"target\":[\"https:\/\/bernardesconsultoria.com\/pt_pt\/expertise\/\"]}]},{\"@type\":\"ImageObject\",\"inLanguage\":\"pt-PT\",\"@id\":\"https:\/\/bernardesconsultoria.com\/pt_pt\/expertise\/#primaryimage\",\"url\":\"https:\/\/bernardesconsultoria.com\/wp-content\/uploads\/2024\/05\/Gestao1.webp\",\"contentUrl\":\"https:\/\/bernardesconsultoria.com\/wp-content\/uploads\/2024\/05\/Gestao1.webp\",\"width\":1200,\"height\":675},{\"@type\":\"BreadcrumbList\",\"@id\":\"https:\/\/bernardesconsultoria.com\/pt_pt\/expertise\/#breadcrumb\",\"itemListElement\":[{\"@type\":\"ListItem\",\"position\":1,\"name\":\"In\u00edcio\",\"item\":\"https:\/\/bernardesconsultoria.com\/\"},{\"@type\":\"ListItem\",\"position\":2,\"name\":\"Expertise\"}]},{\"@type\":\"WebSite\",\"@id\":\"https:\/\/www.bernardesconsultoria.com\/#website\",\"url\":\"https:\/\/www.bernardesconsultoria.com\/\",\"name\":\"Bernardes Consultoria\",\"description\":\"\",\"publisher\":{\"@id\":\"https:\/\/www.bernardesconsultoria.com\/#organization\"},\"potentialAction\":[{\"@type\":\"SearchAction\",\"target\":{\"@type\":\"EntryPoint\",\"urlTemplate\":\"https:\/\/www.bernardesconsultoria.com\/?s={search_term_string}\"},\"query-input\":{\"@type\":\"PropertyValueSpecification\",\"valueRequired\":true,\"valueName\":\"search_term_string\"}}],\"inLanguage\":\"pt-PT\"},{\"@type\":\"Organization\",\"@id\":\"https:\/\/www.bernardesconsultoria.com\/#organization\",\"name\":\"Bernardes Consultoria\",\"url\":\"https:\/\/www.bernardesconsultoria.com\/\",\"logo\":{\"@type\":\"ImageObject\",\"inLanguage\":\"pt-PT\",\"@id\":\"https:\/\/www.bernardesconsultoria.com\/#\/schema\/logo\/image\/\",\"url\":\"\",\"contentUrl\":\"\",\"caption\":\"Bernardes Consultoria\"},\"image\":{\"@id\":\"https:\/\/www.bernardesconsultoria.com\/#\/schema\/logo\/image\/\"}}]}<\/script>\n<!-- \/ Yoast SEO plugin. -->","yoast_head_json":{"title":"Expertise - Bernardes Consultoria","robots":{"index":"index","follow":"follow","max-snippet":"max-snippet:-1","max-image-preview":"max-image-preview:large","max-video-preview":"max-video-preview:-1"},"canonical":"https:\/\/bernardesconsultoria.com\/pt_pt\/expertise\/","og_locale":"pt_PT","og_type":"article","og_title":"Expertise - Bernardes Consultoria","og_description":"Gest\u00e3o Estrat\u00e9gica A Gest\u00e3o Estrat\u00e9gica transforma sua vis\u00e3o em realidade, garantindo sucesso e adapta\u00e7\u00e3o \u00e0s mudan\u00e7as do mercado. Invista no futuro! Saiba Mais Governan\u00e7a Corporativa A Governan\u00e7a Corporativa garante transpar\u00eancia e responsabilidade, fortalecendo a confian\u00e7a e o desempenho da sua empresa. Invista em uma gest\u00e3o s\u00f3lida e \u00e9tica! Saiba Mais Legal Operations Legal Operations otimiza&hellip;","og_url":"https:\/\/bernardesconsultoria.com\/pt_pt\/expertise\/","og_site_name":"Bernardes Consultoria","article_modified_time":"2025-03-11T20:25:16+00:00","og_image":[{"width":1200,"height":675,"url":"https:\/\/bernardesconsultoria.com\/wp-content\/uploads\/2024\/05\/Gestao1.webp","type":"image\/webp"}],"twitter_card":"summary_large_image","twitter_misc":{"Tempo estimado de leitura":"2 minutos"},"schema":{"@context":"https:\/\/schema.org","@graph":[{"@type":"WebPage","@id":"https:\/\/bernardesconsultoria.com\/pt_pt\/expertise\/","url":"https:\/\/bernardesconsultoria.com\/pt_pt\/expertise\/","name":"Expertise - Bernardes Consultoria","isPartOf":{"@id":"https:\/\/www.bernardesconsultoria.com\/#website"},"primaryImageOfPage":{"@id":"https:\/\/bernardesconsultoria.com\/pt_pt\/expertise\/#primaryimage"},"image":{"@id":"https:\/\/bernardesconsultoria.com\/pt_pt\/expertise\/#primaryimage"},"thumbnailUrl":"https:\/\/bernardesconsultoria.com\/wp-content\/uploads\/2024\/05\/Gestao1.webp","datePublished":"2019-10-16T16:13:12+00:00","dateModified":"2025-03-11T20:25:16+00:00","breadcrumb":{"@id":"https:\/\/bernardesconsultoria.com\/pt_pt\/expertise\/#breadcrumb"},"inLanguage":"pt-PT","potentialAction":[{"@type":"ReadAction","target":["https:\/\/bernardesconsultoria.com\/pt_pt\/expertise\/"]}]},{"@type":"ImageObject","inLanguage":"pt-PT","@id":"https:\/\/bernardesconsultoria.com\/pt_pt\/expertise\/#primaryimage","url":"https:\/\/bernardesconsultoria.com\/wp-content\/uploads\/2024\/05\/Gestao1.webp","contentUrl":"https:\/\/bernardesconsultoria.com\/wp-content\/uploads\/2024\/05\/Gestao1.webp","width":1200,"height":675},{"@type":"BreadcrumbList","@id":"https:\/\/bernardesconsultoria.com\/pt_pt\/expertise\/#breadcrumb","itemListElement":[{"@type":"ListItem","position":1,"name":"In\u00edcio","item":"https:\/\/bernardesconsultoria.com\/"},{"@type":"ListItem","position":2,"name":"Expertise"}]},{"@type":"WebSite","@id":"https:\/\/www.bernardesconsultoria.com\/#website","url":"https:\/\/www.bernardesconsultoria.com\/","name":"Bernardes Consultoria","description":"","publisher":{"@id":"https:\/\/www.bernardesconsultoria.com\/#organization"},"potentialAction":[{"@type":"SearchAction","target":{"@type":"EntryPoint","urlTemplate":"https:\/\/www.bernardesconsultoria.com\/?s={search_term_string}"},"query-input":{"@type":"PropertyValueSpecification","valueRequired":true,"valueName":"search_term_string"}}],"inLanguage":"pt-PT"},{"@type":"Organization","@id":"https:\/\/www.bernardesconsultoria.com\/#organization","name":"Bernardes Consultoria","url":"https:\/\/www.bernardesconsultoria.com\/","logo":{"@type":"ImageObject","inLanguage":"pt-PT","@id":"https:\/\/www.bernardesconsultoria.com\/#\/schema\/logo\/image\/","url":"","contentUrl":"","caption":"Bernardes Consultoria"},"image":{"@id":"https:\/\/www.bernardesconsultoria.com\/#\/schema\/logo\/image\/"}}]}},"_links":{"self":[{"href":"https:\/\/bernardesconsultoria.com\/pt_pt\/wp-json\/wp\/v2\/pages\/1483","targetHints":{"allow":["GET"]}}],"collection":[{"href":"https:\/\/bernardesconsultoria.com\/pt_pt\/wp-json\/wp\/v2\/pages"}],"about":[{"href":"https:\/\/bernardesconsultoria.com\/pt_pt\/wp-json\/wp\/v2\/types\/page"}],"author":[{"embeddable":true,"href":"https:\/\/bernardesconsultoria.com\/pt_pt\/wp-json\/wp\/v2\/users\/2"}],"replies":[{"embeddable":true,"href":"https:\/\/bernardesconsultoria.com\/pt_pt\/wp-json\/wp\/v2\/comments?post=1483"}],"version-history":[{"count":140,"href":"https:\/\/bernardesconsultoria.com\/pt_pt\/wp-json\/wp\/v2\/pages\/1483\/revisions"}],"predecessor-version":[{"id":56458,"href":"https:\/\/bernardesconsultoria.com\/pt_pt\/wp-json\/wp\/v2\/pages\/1483\/revisions\/56458"}],"wp:featuredmedia":[{"embeddable":true,"href":"https:\/\/bernardesconsultoria.com\/pt_pt\/wp-json\/wp\/v2\/media\/3796"}],"wp:attachment":[{"href":"https:\/\/bernardesconsultoria.com\/pt_pt\/wp-json\/wp\/v2\/media?parent=1483"}],"curies":[{"name":"wp","href":"https:\/\/api.w.org\/{rel}","templated":true}]}}