{"id":1611,"date":"2024-05-22T16:25:52","date_gmt":"2024-05-22T16:25:52","guid":{"rendered":"http:\/\/bernardesconsultoria.com\/novosite\/?page_id=1611"},"modified":"2024-05-22T16:30:35","modified_gmt":"2024-05-22T16:30:35","slug":"consultoria-em-gestao-estrategica","status":"publish","type":"page","link":"https:\/\/bernardesconsultoria.com\/pt_pt\/consultoria-em-gestao-estrategica\/","title":{"rendered":"Consultoria em Gest\u00e3o Estrat\u00e9gica"},"content":{"rendered":"<div data-elementor-type=\"wp-page\" data-elementor-id=\"1611\" class=\"elementor elementor-1611\" data-elementor-post-type=\"page\">\n\t\t\t\t<div class=\"elementor-element elementor-element-0c9f87c e-flex e-con-boxed e-con e-parent\" data-id=\"0c9f87c\" data-element_type=\"container\">\n\t\t\t\t\t<div class=\"e-con-inner\">\n\t\t\t\t<div class=\"elementor-element elementor-element-27b6046 elementor-widget elementor-widget-text-editor\" data-id=\"27b6046\" data-element_type=\"widget\" data-widget_type=\"text-editor.default\">\n\t\t\t\t<div class=\"elementor-widget-container\">\n\t\t\t\t\t\t\t\t\t<h5>Uma estrat\u00e9gia bem definida norteia todas as a\u00e7\u00f5es e decis\u00f5es de uma organiza\u00e7\u00e3o. \u00c9 a partir dela que se entende a representatividade atual de um escrit\u00f3rio no mercado, a posi\u00e7\u00e3o que ele quer atingir e, principalmente, a forma como pretende chegar l\u00e1.<\/h5><h5>Atrav\u00e9s de uma metodologia propriet\u00e1ria, a Bernardes Consultoria realiza an\u00e1lise capaz de diagnosticar as oportunidades e orientar o posicionamento do escrit\u00f3rio para gerar maior efici\u00eancia e lucratividade.<\/h5>\t\t\t\t\t\t\t\t<\/div>\n\t\t\t\t<\/div>\n\t\t\t\t\t<\/div>\n\t\t\t\t<\/div>\n\t\t\t\t<\/div>","protected":false},"excerpt":{"rendered":"<p>Uma estrat\u00e9gia bem definida norteia todas as a\u00e7\u00f5es e decis\u00f5es de uma organiza\u00e7\u00e3o. \u00c9 a partir dela que se entende a representatividade atual de um escrit\u00f3rio no mercado, a posi\u00e7\u00e3o que ele quer atingir e, principalmente, a forma como pretende chegar l\u00e1. Atrav\u00e9s de uma metodologia propriet\u00e1ria, a Bernardes Consultoria realiza an\u00e1lise capaz de diagnosticar&hellip;<\/p>","protected":false},"author":2,"featured_media":0,"parent":0,"menu_order":0,"comment_status":"closed","ping_status":"closed","template":"","meta":{"footnotes":""},"class_list":["post-1611","page","type-page","status-publish","hentry"],"yoast_head":"<!-- This site is optimized with the Yoast SEO plugin v24.8.1 - https:\/\/yoast.com\/wordpress\/plugins\/seo\/ -->\n<title>Consultoria em Gest\u00e3o Estrat\u00e9gica - Bernardes Consultoria<\/title>\n<meta name=\"robots\" content=\"index, follow, max-snippet:-1, max-image-preview:large, max-video-preview:-1\" \/>\n<link rel=\"canonical\" href=\"https:\/\/bernardesconsultoria.com\/pt_pt\/consultoria-em-gestao-estrategica\/\" \/>\n<meta property=\"og:locale\" content=\"pt_PT\" \/>\n<meta property=\"og:type\" content=\"article\" \/>\n<meta property=\"og:title\" content=\"Consultoria em Gest\u00e3o Estrat\u00e9gica - Bernardes Consultoria\" \/>\n<meta property=\"og:description\" content=\"Uma estrat\u00e9gia bem definida norteia todas as a\u00e7\u00f5es e decis\u00f5es de uma organiza\u00e7\u00e3o. \u00c9 a partir dela que se entende a representatividade atual de um escrit\u00f3rio no mercado, a posi\u00e7\u00e3o que ele quer atingir e, principalmente, a forma como pretende chegar l\u00e1. Atrav\u00e9s de uma metodologia propriet\u00e1ria, a Bernardes Consultoria realiza an\u00e1lise capaz de diagnosticar&hellip;\" \/>\n<meta property=\"og:url\" content=\"https:\/\/bernardesconsultoria.com\/pt_pt\/consultoria-em-gestao-estrategica\/\" \/>\n<meta property=\"og:site_name\" content=\"Bernardes Consultoria\" \/>\n<meta property=\"article:modified_time\" content=\"2024-05-22T16:30:35+00:00\" \/>\n<meta name=\"twitter:card\" content=\"summary_large_image\" \/>\n<script type=\"application\/ld+json\" class=\"yoast-schema-graph\">{\"@context\":\"https:\/\/schema.org\",\"@graph\":[{\"@type\":\"WebPage\",\"@id\":\"https:\/\/bernardesconsultoria.com\/consultoria-em-gestao-estrategica\/\",\"url\":\"https:\/\/bernardesconsultoria.com\/consultoria-em-gestao-estrategica\/\",\"name\":\"Consultoria em Gest\u00e3o Estrat\u00e9gica - Bernardes Consultoria\",\"isPartOf\":{\"@id\":\"https:\/\/www.bernardesconsultoria.com\/#website\"},\"datePublished\":\"2024-05-22T16:25:52+00:00\",\"dateModified\":\"2024-05-22T16:30:35+00:00\",\"breadcrumb\":{\"@id\":\"https:\/\/bernardesconsultoria.com\/consultoria-em-gestao-estrategica\/#breadcrumb\"},\"inLanguage\":\"pt-PT\",\"potentialAction\":[{\"@type\":\"ReadAction\",\"target\":[\"https:\/\/bernardesconsultoria.com\/consultoria-em-gestao-estrategica\/\"]}]},{\"@type\":\"BreadcrumbList\",\"@id\":\"https:\/\/bernardesconsultoria.com\/consultoria-em-gestao-estrategica\/#breadcrumb\",\"itemListElement\":[{\"@type\":\"ListItem\",\"position\":1,\"name\":\"In\u00edcio\",\"item\":\"https:\/\/bernardesconsultoria.com\/\"},{\"@type\":\"ListItem\",\"position\":2,\"name\":\"Consultoria em Gest\u00e3o Estrat\u00e9gica\"}]},{\"@type\":\"WebSite\",\"@id\":\"https:\/\/www.bernardesconsultoria.com\/#website\",\"url\":\"https:\/\/www.bernardesconsultoria.com\/\",\"name\":\"Bernardes Consultoria\",\"description\":\"\",\"publisher\":{\"@id\":\"https:\/\/www.bernardesconsultoria.com\/#organization\"},\"potentialAction\":[{\"@type\":\"SearchAction\",\"target\":{\"@type\":\"EntryPoint\",\"urlTemplate\":\"https:\/\/www.bernardesconsultoria.com\/?s={search_term_string}\"},\"query-input\":{\"@type\":\"PropertyValueSpecification\",\"valueRequired\":true,\"valueName\":\"search_term_string\"}}],\"inLanguage\":\"pt-PT\"},{\"@type\":\"Organization\",\"@id\":\"https:\/\/www.bernardesconsultoria.com\/#organization\",\"name\":\"Bernardes Consultoria\",\"url\":\"https:\/\/www.bernardesconsultoria.com\/\",\"logo\":{\"@type\":\"ImageObject\",\"inLanguage\":\"pt-PT\",\"@id\":\"https:\/\/www.bernardesconsultoria.com\/#\/schema\/logo\/image\/\",\"url\":\"\",\"contentUrl\":\"\",\"caption\":\"Bernardes Consultoria\"},\"image\":{\"@id\":\"https:\/\/www.bernardesconsultoria.com\/#\/schema\/logo\/image\/\"}}]}<\/script>\n<!-- \/ Yoast SEO plugin. -->","yoast_head_json":{"title":"Consultoria em Gest\u00e3o Estrat\u00e9gica - Bernardes Consultoria","robots":{"index":"index","follow":"follow","max-snippet":"max-snippet:-1","max-image-preview":"max-image-preview:large","max-video-preview":"max-video-preview:-1"},"canonical":"https:\/\/bernardesconsultoria.com\/pt_pt\/consultoria-em-gestao-estrategica\/","og_locale":"pt_PT","og_type":"article","og_title":"Consultoria em Gest\u00e3o Estrat\u00e9gica - Bernardes Consultoria","og_description":"Uma estrat\u00e9gia bem definida norteia todas as a\u00e7\u00f5es e decis\u00f5es de uma organiza\u00e7\u00e3o. \u00c9 a partir dela que se entende a representatividade atual de um escrit\u00f3rio no mercado, a posi\u00e7\u00e3o que ele quer atingir e, principalmente, a forma como pretende chegar l\u00e1. Atrav\u00e9s de uma metodologia propriet\u00e1ria, a Bernardes Consultoria realiza an\u00e1lise capaz de diagnosticar&hellip;","og_url":"https:\/\/bernardesconsultoria.com\/pt_pt\/consultoria-em-gestao-estrategica\/","og_site_name":"Bernardes Consultoria","article_modified_time":"2024-05-22T16:30:35+00:00","twitter_card":"summary_large_image","schema":{"@context":"https:\/\/schema.org","@graph":[{"@type":"WebPage","@id":"https:\/\/bernardesconsultoria.com\/consultoria-em-gestao-estrategica\/","url":"https:\/\/bernardesconsultoria.com\/consultoria-em-gestao-estrategica\/","name":"Consultoria em Gest\u00e3o Estrat\u00e9gica - Bernardes Consultoria","isPartOf":{"@id":"https:\/\/www.bernardesconsultoria.com\/#website"},"datePublished":"2024-05-22T16:25:52+00:00","dateModified":"2024-05-22T16:30:35+00:00","breadcrumb":{"@id":"https:\/\/bernardesconsultoria.com\/consultoria-em-gestao-estrategica\/#breadcrumb"},"inLanguage":"pt-PT","potentialAction":[{"@type":"ReadAction","target":["https:\/\/bernardesconsultoria.com\/consultoria-em-gestao-estrategica\/"]}]},{"@type":"BreadcrumbList","@id":"https:\/\/bernardesconsultoria.com\/consultoria-em-gestao-estrategica\/#breadcrumb","itemListElement":[{"@type":"ListItem","position":1,"name":"In\u00edcio","item":"https:\/\/bernardesconsultoria.com\/"},{"@type":"ListItem","position":2,"name":"Consultoria em Gest\u00e3o Estrat\u00e9gica"}]},{"@type":"WebSite","@id":"https:\/\/www.bernardesconsultoria.com\/#website","url":"https:\/\/www.bernardesconsultoria.com\/","name":"Bernardes Consultoria","description":"","publisher":{"@id":"https:\/\/www.bernardesconsultoria.com\/#organization"},"potentialAction":[{"@type":"SearchAction","target":{"@type":"EntryPoint","urlTemplate":"https:\/\/www.bernardesconsultoria.com\/?s={search_term_string}"},"query-input":{"@type":"PropertyValueSpecification","valueRequired":true,"valueName":"search_term_string"}}],"inLanguage":"pt-PT"},{"@type":"Organization","@id":"https:\/\/www.bernardesconsultoria.com\/#organization","name":"Bernardes Consultoria","url":"https:\/\/www.bernardesconsultoria.com\/","logo":{"@type":"ImageObject","inLanguage":"pt-PT","@id":"https:\/\/www.bernardesconsultoria.com\/#\/schema\/logo\/image\/","url":"","contentUrl":"","caption":"Bernardes Consultoria"},"image":{"@id":"https:\/\/www.bernardesconsultoria.com\/#\/schema\/logo\/image\/"}}]}},"_links":{"self":[{"href":"https:\/\/bernardesconsultoria.com\/pt_pt\/wp-json\/wp\/v2\/pages\/1611","targetHints":{"allow":["GET"]}}],"collection":[{"href":"https:\/\/bernardesconsultoria.com\/pt_pt\/wp-json\/wp\/v2\/pages"}],"about":[{"href":"https:\/\/bernardesconsultoria.com\/pt_pt\/wp-json\/wp\/v2\/types\/page"}],"author":[{"embeddable":true,"href":"https:\/\/bernardesconsultoria.com\/pt_pt\/wp-json\/wp\/v2\/users\/2"}],"replies":[{"embeddable":true,"href":"https:\/\/bernardesconsultoria.com\/pt_pt\/wp-json\/wp\/v2\/comments?post=1611"}],"version-history":[{"count":4,"href":"https:\/\/bernardesconsultoria.com\/pt_pt\/wp-json\/wp\/v2\/pages\/1611\/revisions"}],"predecessor-version":[{"id":1615,"href":"https:\/\/bernardesconsultoria.com\/pt_pt\/wp-json\/wp\/v2\/pages\/1611\/revisions\/1615"}],"wp:attachment":[{"href":"https:\/\/bernardesconsultoria.com\/pt_pt\/wp-json\/wp\/v2\/media?parent=1611"}],"curies":[{"name":"wp","href":"https:\/\/api.w.org\/{rel}","templated":true}]}}