{"id":1741,"date":"2019-10-22T13:53:43","date_gmt":"2019-10-22T13:53:43","guid":{"rendered":"https:\/\/the7.io\/company\/?page_id=1741"},"modified":"2024-07-03T12:25:27","modified_gmt":"2024-07-03T12:25:27","slug":"gestao-de-pessoas","status":"publish","type":"page","link":"https:\/\/bernardesconsultoria.com\/pt_pt\/expertise\/gestao-de-pessoas\/","title":{"rendered":"Gest\u00e3o de Pessoas"},"content":{"rendered":"<div data-elementor-type=\"wp-page\" data-elementor-id=\"1741\" class=\"elementor elementor-1741\" data-elementor-post-type=\"page\">\n\t\t\t\t<div class=\"elementor-element elementor-element-ce266ea e-flex e-con-boxed e-con e-parent\" data-id=\"ce266ea\" data-element_type=\"container\">\n\t\t\t\t\t<div class=\"e-con-inner\">\n\t\t<div class=\"elementor-element elementor-element-b333eed e-con-full e-flex e-con e-child\" data-id=\"b333eed\" data-element_type=\"container\">\n\t\t\t\t<div class=\"elementor-element elementor-element-24091ab elementor-widget elementor-widget-image\" data-id=\"24091ab\" data-element_type=\"widget\" data-widget_type=\"image.default\">\n\t\t\t\t<div class=\"elementor-widget-container\">\n\t\t\t\t\t\t\t\t\t\t\t\t\t\t\t<img fetchpriority=\"high\" decoding=\"async\" width=\"1024\" height=\"683\" src=\"https:\/\/bernardesconsultoria.com\/wp-content\/uploads\/2024\/06\/treinamentosn-1024x683.webp\" class=\"attachment-large size-large wp-image-55639\" alt=\"\" srcset=\"https:\/\/bernardesconsultoria.com\/wp-content\/uploads\/2024\/06\/treinamentosn-1024x683.webp 1024w, https:\/\/bernardesconsultoria.com\/wp-content\/uploads\/2024\/06\/treinamentosn-300x200.webp 300w, https:\/\/bernardesconsultoria.com\/wp-content\/uploads\/2024\/06\/treinamentosn-768x512.webp 768w, https:\/\/bernardesconsultoria.com\/wp-content\/uploads\/2024\/06\/treinamentosn-24x16.webp 24w, https:\/\/bernardesconsultoria.com\/wp-content\/uploads\/2024\/06\/treinamentosn-36x24.webp 36w, https:\/\/bernardesconsultoria.com\/wp-content\/uploads\/2024\/06\/treinamentosn-48x32.webp 48w, https:\/\/bernardesconsultoria.com\/wp-content\/uploads\/2024\/06\/treinamentosn.webp 1079w\" sizes=\"(max-width: 1024px) 100vw, 1024px\" \/>\t\t\t\t\t\t\t\t\t\t\t\t\t\t\t<\/div>\n\t\t\t\t<\/div>\n\t\t\t\t<\/div>\n\t\t<div class=\"elementor-element elementor-element-12df890 e-con-full e-flex e-con e-child\" data-id=\"12df890\" data-element_type=\"container\">\n\t\t\t\t<div class=\"elementor-element elementor-element-45c11ee elementor-widget elementor-widget-heading\" data-id=\"45c11ee\" data-element_type=\"widget\" data-widget_type=\"heading.default\">\n\t\t\t\t<div class=\"elementor-widget-container\">\n\t\t\t\t\t<h2 class=\"elementor-heading-title elementor-size-default\">GEST\u00c3O DE PESSOAS<\/h2>\t\t\t\t<\/div>\n\t\t\t\t<\/div>\n\t\t\t\t<div class=\"elementor-element elementor-element-9825239 elementor-widget elementor-widget-text-editor\" data-id=\"9825239\" data-element_type=\"widget\" data-widget_type=\"text-editor.default\">\n\t\t\t\t<div class=\"elementor-widget-container\">\n\t\t\t\t\t\t\t\t\t<p>A Gest\u00e3o de Pessoas desenvolve talentos e melhora o ambiente de trabalho, aumentando a produtividade e a satisfa\u00e7\u00e3o dos colaboradores. Invista no potencial humano!<\/p><p>Consultoria em Gest\u00e3o de Pessoas<br \/>Gerir de forma adequada o bem mais valioso de uma organiza\u00e7\u00e3o \u2013 as pessoas \u2013 ajuda a manter a motiva\u00e7\u00e3o da equipe e um bom clima organizacional. Para tanto, \u00e9 necess\u00e1rio definir o melhor tipo de contrata\u00e7\u00e3o, desenvolver os profissionais por meio de treinamentos, avaliar o desempenho de cada um, criar um plano de carreira, entre outras medidas.<br \/>Bernardes Consultoria analisa a estrutura do escrit\u00f3rio e juntamente com seus parceiros, orienta sobre os modelos ideais a serem adotados para o melhor engajamento de toda equipe e consequentemente, para os melhores resultados.<br \/>Tem por objetivo estabelecer um conjunto de pol\u00edticas de modo a estimular o desenvolvimento das pessoas, elevar a satisfa\u00e7\u00e3o e o comprometimento com o trabalho, gerar ambiente de trabalho saud\u00e1vel, cultivar a cultura do autoconhecimento, do respeito as diferen\u00e7as, da aprendizagem e melhoria cont\u00ednua tendo em vista o desenvolvimento da carreira do profissional e alta performance individual e do grupo. A \u00e1rea de Capital Humano divide-se em duas vertentes, complementares e distintas. A primeira, trata das pol\u00edticas de gest\u00e3o de pessoas, a cerca de defini\u00e7\u00e3o recrutamento, sele\u00e7\u00e3o, constru\u00e7\u00e3o de fichas t\u00e9cnicas de cargos, constru\u00e7\u00e3o de instrumentos para gest\u00e3o de desempenho, levantamento de necessidades de treinamento, municia gestores a cerca de como oferecer feedbacks que apoiem o desenvolvimento do time, constru\u00e7\u00e3o da Trilha de Desenvolvimento Profissional entre outros.<br \/>A segunda vertente \u00e9 voltada ao desenvolvimento do humano. Atua acompanhando gestores no desenvolvimento de compet\u00eancias comportamentais e, em n\u00edvel de grupo, com meetings que tem por objetivo identificar as diferen\u00e7as individuais, fortalecer valores do escrit\u00f3rio e desenvolver equipes de alta performance.<\/p>\t\t\t\t\t\t\t\t<\/div>\n\t\t\t\t<\/div>\n\t\t\t\t<\/div>\n\t\t\t\t\t<\/div>\n\t\t\t\t<\/div>\n\t\t\t\t<\/div>","protected":false},"excerpt":{"rendered":"<p>GEST\u00c3O DE PESSOAS A Gest\u00e3o de Pessoas desenvolve talentos e melhora o ambiente de trabalho, aumentando a produtividade e a satisfa\u00e7\u00e3o dos colaboradores. Invista no potencial humano! Consultoria em Gest\u00e3o de PessoasGerir de forma adequada o bem mais valioso de uma organiza\u00e7\u00e3o \u2013 as pessoas \u2013 ajuda a manter a motiva\u00e7\u00e3o da equipe e um&hellip;<\/p>","protected":false},"author":2,"featured_media":2159,"parent":1483,"menu_order":10,"comment_status":"closed","ping_status":"closed","template":"","meta":{"footnotes":""},"class_list":["post-1741","page","type-page","status-publish","has-post-thumbnail","hentry"],"yoast_head":"<!-- This site is optimized with the Yoast SEO plugin v24.8.1 - https:\/\/yoast.com\/wordpress\/plugins\/seo\/ -->\n<title>Gest\u00e3o de Pessoas - Bernardes Consultoria<\/title>\n<meta name=\"robots\" content=\"index, follow, max-snippet:-1, max-image-preview:large, max-video-preview:-1\" \/>\n<link rel=\"canonical\" href=\"https:\/\/www.bernardesconsultoria.com\/pt_pt\/expertise\/gestao-de-pessoas\/\" \/>\n<meta property=\"og:locale\" content=\"pt_PT\" \/>\n<meta property=\"og:type\" content=\"article\" \/>\n<meta property=\"og:title\" content=\"Gest\u00e3o de Pessoas - Bernardes Consultoria\" \/>\n<meta property=\"og:description\" content=\"GEST\u00c3O DE PESSOAS A Gest\u00e3o de Pessoas desenvolve talentos e melhora o ambiente de trabalho, aumentando a produtividade e a satisfa\u00e7\u00e3o dos colaboradores. Invista no potencial humano! Consultoria em Gest\u00e3o de PessoasGerir de forma adequada o bem mais valioso de uma organiza\u00e7\u00e3o \u2013 as pessoas \u2013 ajuda a manter a motiva\u00e7\u00e3o da equipe e um&hellip;\" \/>\n<meta property=\"og:url\" content=\"https:\/\/www.bernardesconsultoria.com\/pt_pt\/expertise\/gestao-de-pessoas\/\" \/>\n<meta property=\"og:site_name\" content=\"Bernardes Consultoria\" \/>\n<meta property=\"article:modified_time\" content=\"2024-07-03T12:25:27+00:00\" \/>\n<meta property=\"og:image\" content=\"https:\/\/www.bernardesconsultoria.com\/wp-content\/uploads\/2019\/11\/two-women-standing-beside-brown-board-on-wall-3184296.jpg\" \/>\n\t<meta property=\"og:image:width\" content=\"1200\" \/>\n\t<meta property=\"og:image:height\" content=\"600\" \/>\n\t<meta property=\"og:image:type\" content=\"image\/jpeg\" \/>\n<meta name=\"twitter:card\" content=\"summary_large_image\" \/>\n<meta name=\"twitter:label1\" content=\"Tempo estimado de leitura\" \/>\n\t<meta name=\"twitter:data1\" content=\"2 minutos\" \/>\n<script type=\"application\/ld+json\" class=\"yoast-schema-graph\">{\"@context\":\"https:\/\/schema.org\",\"@graph\":[{\"@type\":\"WebPage\",\"@id\":\"https:\/\/www.bernardesconsultoria.com\/pt_pt\/expertise\/gestao-de-pessoas\/\",\"url\":\"https:\/\/www.bernardesconsultoria.com\/pt_pt\/expertise\/gestao-de-pessoas\/\",\"name\":\"Gest\u00e3o de Pessoas - Bernardes Consultoria\",\"isPartOf\":{\"@id\":\"https:\/\/www.bernardesconsultoria.com\/#website\"},\"primaryImageOfPage\":{\"@id\":\"https:\/\/www.bernardesconsultoria.com\/pt_pt\/expertise\/gestao-de-pessoas\/#primaryimage\"},\"image\":{\"@id\":\"https:\/\/www.bernardesconsultoria.com\/pt_pt\/expertise\/gestao-de-pessoas\/#primaryimage\"},\"thumbnailUrl\":\"https:\/\/bernardesconsultoria.com\/wp-content\/uploads\/2019\/11\/two-women-standing-beside-brown-board-on-wall-3184296.jpg\",\"datePublished\":\"2019-10-22T13:53:43+00:00\",\"dateModified\":\"2024-07-03T12:25:27+00:00\",\"breadcrumb\":{\"@id\":\"https:\/\/www.bernardesconsultoria.com\/pt_pt\/expertise\/gestao-de-pessoas\/#breadcrumb\"},\"inLanguage\":\"pt-PT\",\"potentialAction\":[{\"@type\":\"ReadAction\",\"target\":[\"https:\/\/www.bernardesconsultoria.com\/pt_pt\/expertise\/gestao-de-pessoas\/\"]}]},{\"@type\":\"ImageObject\",\"inLanguage\":\"pt-PT\",\"@id\":\"https:\/\/www.bernardesconsultoria.com\/pt_pt\/expertise\/gestao-de-pessoas\/#primaryimage\",\"url\":\"https:\/\/bernardesconsultoria.com\/wp-content\/uploads\/2019\/11\/two-women-standing-beside-brown-board-on-wall-3184296.jpg\",\"contentUrl\":\"https:\/\/bernardesconsultoria.com\/wp-content\/uploads\/2019\/11\/two-women-standing-beside-brown-board-on-wall-3184296.jpg\",\"width\":1200,\"height\":600},{\"@type\":\"BreadcrumbList\",\"@id\":\"https:\/\/www.bernardesconsultoria.com\/pt_pt\/expertise\/gestao-de-pessoas\/#breadcrumb\",\"itemListElement\":[{\"@type\":\"ListItem\",\"position\":1,\"name\":\"In\u00edcio\",\"item\":\"https:\/\/bernardesconsultoria.com\/\"},{\"@type\":\"ListItem\",\"position\":2,\"name\":\"Expertise\",\"item\":\"https:\/\/bernardesconsultoria.com\/pt_pt\/expertise\/\"},{\"@type\":\"ListItem\",\"position\":3,\"name\":\"Gest\u00e3o de Pessoas\"}]},{\"@type\":\"WebSite\",\"@id\":\"https:\/\/www.bernardesconsultoria.com\/#website\",\"url\":\"https:\/\/www.bernardesconsultoria.com\/\",\"name\":\"Bernardes Consultoria\",\"description\":\"\",\"publisher\":{\"@id\":\"https:\/\/www.bernardesconsultoria.com\/#organization\"},\"potentialAction\":[{\"@type\":\"SearchAction\",\"target\":{\"@type\":\"EntryPoint\",\"urlTemplate\":\"https:\/\/www.bernardesconsultoria.com\/?s={search_term_string}\"},\"query-input\":{\"@type\":\"PropertyValueSpecification\",\"valueRequired\":true,\"valueName\":\"search_term_string\"}}],\"inLanguage\":\"pt-PT\"},{\"@type\":\"Organization\",\"@id\":\"https:\/\/www.bernardesconsultoria.com\/#organization\",\"name\":\"Bernardes Consultoria\",\"url\":\"https:\/\/www.bernardesconsultoria.com\/\",\"logo\":{\"@type\":\"ImageObject\",\"inLanguage\":\"pt-PT\",\"@id\":\"https:\/\/www.bernardesconsultoria.com\/#\/schema\/logo\/image\/\",\"url\":\"\",\"contentUrl\":\"\",\"caption\":\"Bernardes Consultoria\"},\"image\":{\"@id\":\"https:\/\/www.bernardesconsultoria.com\/#\/schema\/logo\/image\/\"}}]}<\/script>\n<!-- \/ Yoast SEO plugin. -->","yoast_head_json":{"title":"Gest\u00e3o de Pessoas - Bernardes Consultoria","robots":{"index":"index","follow":"follow","max-snippet":"max-snippet:-1","max-image-preview":"max-image-preview:large","max-video-preview":"max-video-preview:-1"},"canonical":"https:\/\/www.bernardesconsultoria.com\/pt_pt\/expertise\/gestao-de-pessoas\/","og_locale":"pt_PT","og_type":"article","og_title":"Gest\u00e3o de Pessoas - Bernardes Consultoria","og_description":"GEST\u00c3O DE PESSOAS A Gest\u00e3o de Pessoas desenvolve talentos e melhora o ambiente de trabalho, aumentando a produtividade e a satisfa\u00e7\u00e3o dos colaboradores. Invista no potencial humano! Consultoria em Gest\u00e3o de PessoasGerir de forma adequada o bem mais valioso de uma organiza\u00e7\u00e3o \u2013 as pessoas \u2013 ajuda a manter a motiva\u00e7\u00e3o da equipe e um&hellip;","og_url":"https:\/\/www.bernardesconsultoria.com\/pt_pt\/expertise\/gestao-de-pessoas\/","og_site_name":"Bernardes Consultoria","article_modified_time":"2024-07-03T12:25:27+00:00","og_image":[{"width":1200,"height":600,"url":"https:\/\/www.bernardesconsultoria.com\/wp-content\/uploads\/2019\/11\/two-women-standing-beside-brown-board-on-wall-3184296.jpg","type":"image\/jpeg"}],"twitter_card":"summary_large_image","twitter_misc":{"Tempo estimado de leitura":"2 minutos"},"schema":{"@context":"https:\/\/schema.org","@graph":[{"@type":"WebPage","@id":"https:\/\/www.bernardesconsultoria.com\/pt_pt\/expertise\/gestao-de-pessoas\/","url":"https:\/\/www.bernardesconsultoria.com\/pt_pt\/expertise\/gestao-de-pessoas\/","name":"Gest\u00e3o de Pessoas - Bernardes Consultoria","isPartOf":{"@id":"https:\/\/www.bernardesconsultoria.com\/#website"},"primaryImageOfPage":{"@id":"https:\/\/www.bernardesconsultoria.com\/pt_pt\/expertise\/gestao-de-pessoas\/#primaryimage"},"image":{"@id":"https:\/\/www.bernardesconsultoria.com\/pt_pt\/expertise\/gestao-de-pessoas\/#primaryimage"},"thumbnailUrl":"https:\/\/bernardesconsultoria.com\/wp-content\/uploads\/2019\/11\/two-women-standing-beside-brown-board-on-wall-3184296.jpg","datePublished":"2019-10-22T13:53:43+00:00","dateModified":"2024-07-03T12:25:27+00:00","breadcrumb":{"@id":"https:\/\/www.bernardesconsultoria.com\/pt_pt\/expertise\/gestao-de-pessoas\/#breadcrumb"},"inLanguage":"pt-PT","potentialAction":[{"@type":"ReadAction","target":["https:\/\/www.bernardesconsultoria.com\/pt_pt\/expertise\/gestao-de-pessoas\/"]}]},{"@type":"ImageObject","inLanguage":"pt-PT","@id":"https:\/\/www.bernardesconsultoria.com\/pt_pt\/expertise\/gestao-de-pessoas\/#primaryimage","url":"https:\/\/bernardesconsultoria.com\/wp-content\/uploads\/2019\/11\/two-women-standing-beside-brown-board-on-wall-3184296.jpg","contentUrl":"https:\/\/bernardesconsultoria.com\/wp-content\/uploads\/2019\/11\/two-women-standing-beside-brown-board-on-wall-3184296.jpg","width":1200,"height":600},{"@type":"BreadcrumbList","@id":"https:\/\/www.bernardesconsultoria.com\/pt_pt\/expertise\/gestao-de-pessoas\/#breadcrumb","itemListElement":[{"@type":"ListItem","position":1,"name":"In\u00edcio","item":"https:\/\/bernardesconsultoria.com\/"},{"@type":"ListItem","position":2,"name":"Expertise","item":"https:\/\/bernardesconsultoria.com\/pt_pt\/expertise\/"},{"@type":"ListItem","position":3,"name":"Gest\u00e3o de Pessoas"}]},{"@type":"WebSite","@id":"https:\/\/www.bernardesconsultoria.com\/#website","url":"https:\/\/www.bernardesconsultoria.com\/","name":"Bernardes Consultoria","description":"","publisher":{"@id":"https:\/\/www.bernardesconsultoria.com\/#organization"},"potentialAction":[{"@type":"SearchAction","target":{"@type":"EntryPoint","urlTemplate":"https:\/\/www.bernardesconsultoria.com\/?s={search_term_string}"},"query-input":{"@type":"PropertyValueSpecification","valueRequired":true,"valueName":"search_term_string"}}],"inLanguage":"pt-PT"},{"@type":"Organization","@id":"https:\/\/www.bernardesconsultoria.com\/#organization","name":"Bernardes Consultoria","url":"https:\/\/www.bernardesconsultoria.com\/","logo":{"@type":"ImageObject","inLanguage":"pt-PT","@id":"https:\/\/www.bernardesconsultoria.com\/#\/schema\/logo\/image\/","url":"","contentUrl":"","caption":"Bernardes Consultoria"},"image":{"@id":"https:\/\/www.bernardesconsultoria.com\/#\/schema\/logo\/image\/"}}]}},"_links":{"self":[{"href":"https:\/\/bernardesconsultoria.com\/pt_pt\/wp-json\/wp\/v2\/pages\/1741","targetHints":{"allow":["GET"]}}],"collection":[{"href":"https:\/\/bernardesconsultoria.com\/pt_pt\/wp-json\/wp\/v2\/pages"}],"about":[{"href":"https:\/\/bernardesconsultoria.com\/pt_pt\/wp-json\/wp\/v2\/types\/page"}],"author":[{"embeddable":true,"href":"https:\/\/bernardesconsultoria.com\/pt_pt\/wp-json\/wp\/v2\/users\/2"}],"replies":[{"embeddable":true,"href":"https:\/\/bernardesconsultoria.com\/pt_pt\/wp-json\/wp\/v2\/comments?post=1741"}],"version-history":[{"count":11,"href":"https:\/\/bernardesconsultoria.com\/pt_pt\/wp-json\/wp\/v2\/pages\/1741\/revisions"}],"predecessor-version":[{"id":56282,"href":"https:\/\/bernardesconsultoria.com\/pt_pt\/wp-json\/wp\/v2\/pages\/1741\/revisions\/56282"}],"up":[{"embeddable":true,"href":"https:\/\/bernardesconsultoria.com\/pt_pt\/wp-json\/wp\/v2\/pages\/1483"}],"wp:featuredmedia":[{"embeddable":true,"href":"https:\/\/bernardesconsultoria.com\/pt_pt\/wp-json\/wp\/v2\/media\/2159"}],"wp:attachment":[{"href":"https:\/\/bernardesconsultoria.com\/pt_pt\/wp-json\/wp\/v2\/media?parent=1741"}],"curies":[{"name":"wp","href":"https:\/\/api.w.org\/{rel}","templated":true}]}}