{"id":3626,"date":"2019-12-09T13:49:34","date_gmt":"2019-12-09T13:49:34","guid":{"rendered":"https:\/\/the7.io\/company\/?page_id=3626"},"modified":"2024-07-03T12:20:34","modified_gmt":"2024-07-03T12:20:34","slug":"gestao-da-producao-juridica","status":"publish","type":"page","link":"https:\/\/bernardesconsultoria.com\/pt_pt\/expertise\/gestao-da-producao-juridica\/","title":{"rendered":"Gest\u00e3o da Produ\u00e7\u00e3o Jur\u00eddica"},"content":{"rendered":"<div data-elementor-type=\"wp-page\" data-elementor-id=\"3626\" class=\"elementor elementor-3626\" data-elementor-post-type=\"page\">\n\t\t\t\t<div class=\"elementor-element elementor-element-e0ff21e e-flex e-con-boxed e-con e-parent\" data-id=\"e0ff21e\" data-element_type=\"container\">\n\t\t\t\t\t<div class=\"e-con-inner\">\n\t\t<div class=\"elementor-element elementor-element-22ddb1e e-con-full e-flex e-con e-child\" data-id=\"22ddb1e\" data-element_type=\"container\">\n\t\t<div class=\"elementor-element elementor-element-518acf2 e-con-full e-flex e-con e-child\" data-id=\"518acf2\" data-element_type=\"container\">\n\t\t\t\t<div class=\"elementor-element elementor-element-25613ca elementor-widget elementor-widget-image\" data-id=\"25613ca\" data-element_type=\"widget\" data-widget_type=\"image.default\">\n\t\t\t\t<div class=\"elementor-widget-container\">\n\t\t\t\t\t\t\t\t\t\t\t\t\t\t\t<img fetchpriority=\"high\" decoding=\"async\" width=\"1024\" height=\"512\" src=\"https:\/\/bernardesconsultoria.com\/wp-content\/uploads\/revslider\/the7-company-slider-1\/photo-of-people-leaning-on-wooden-table-31843251-1024x512.jpg\" class=\"attachment-large size-large wp-image-3735\" alt=\"\" srcset=\"https:\/\/bernardesconsultoria.com\/wp-content\/uploads\/revslider\/the7-company-slider-1\/photo-of-people-leaning-on-wooden-table-31843251-1024x512.jpg 1024w, https:\/\/bernardesconsultoria.com\/wp-content\/uploads\/revslider\/the7-company-slider-1\/photo-of-people-leaning-on-wooden-table-31843251-300x150.jpg 300w, https:\/\/bernardesconsultoria.com\/wp-content\/uploads\/revslider\/the7-company-slider-1\/photo-of-people-leaning-on-wooden-table-31843251-768x384.jpg 768w, https:\/\/bernardesconsultoria.com\/wp-content\/uploads\/revslider\/the7-company-slider-1\/photo-of-people-leaning-on-wooden-table-31843251.jpg 1200w\" sizes=\"(max-width: 1024px) 100vw, 1024px\" \/>\t\t\t\t\t\t\t\t\t\t\t\t\t\t\t<\/div>\n\t\t\t\t<\/div>\n\t\t\t\t<div class=\"elementor-element elementor-element-33a0ad5 elementor-hidden-mobile_extra elementor-hidden-mobile elementor-widget elementor-widget-image\" data-id=\"33a0ad5\" data-element_type=\"widget\" data-widget_type=\"image.default\">\n\t\t\t\t<div class=\"elementor-widget-container\">\n\t\t\t\t\t\t\t\t\t\t\t\t\t\t\t<img decoding=\"async\" width=\"750\" height=\"415\" src=\"https:\/\/bernardesconsultoria.com\/wp-content\/uploads\/2024\/06\/Conheca-os-principais-tipos-de-treinamento-corporativo.jpg\" class=\"attachment-large size-large wp-image-3986\" alt=\"\" srcset=\"https:\/\/bernardesconsultoria.com\/wp-content\/uploads\/2024\/06\/Conheca-os-principais-tipos-de-treinamento-corporativo.jpg 750w, https:\/\/bernardesconsultoria.com\/wp-content\/uploads\/2024\/06\/Conheca-os-principais-tipos-de-treinamento-corporativo-300x166.jpg 300w, https:\/\/bernardesconsultoria.com\/wp-content\/uploads\/2024\/06\/Conheca-os-principais-tipos-de-treinamento-corporativo-320x177.jpg 320w, https:\/\/bernardesconsultoria.com\/wp-content\/uploads\/2024\/06\/Conheca-os-principais-tipos-de-treinamento-corporativo-480x266.jpg 480w, https:\/\/bernardesconsultoria.com\/wp-content\/uploads\/2024\/06\/Conheca-os-principais-tipos-de-treinamento-corporativo-24x13.jpg 24w, https:\/\/bernardesconsultoria.com\/wp-content\/uploads\/2024\/06\/Conheca-os-principais-tipos-de-treinamento-corporativo-36x20.jpg 36w, https:\/\/bernardesconsultoria.com\/wp-content\/uploads\/2024\/06\/Conheca-os-principais-tipos-de-treinamento-corporativo-48x27.jpg 48w\" sizes=\"(max-width: 750px) 100vw, 750px\" \/>\t\t\t\t\t\t\t\t\t\t\t\t\t\t\t<\/div>\n\t\t\t\t<\/div>\n\t\t\t\t<\/div>\n\t\t<div class=\"elementor-element elementor-element-40c6966 e-con-full e-flex e-con e-child\" data-id=\"40c6966\" data-element_type=\"container\">\n\t\t\t\t<div class=\"elementor-element elementor-element-db97af7 elementor-widget elementor-widget-heading\" data-id=\"db97af7\" data-element_type=\"widget\" data-widget_type=\"heading.default\">\n\t\t\t\t<div class=\"elementor-widget-container\">\n\t\t\t\t\t<h2 class=\"elementor-heading-title elementor-size-default\">Gest\u00e3o da Produ\u00e7\u00e3o Jur\u00eddica<\/h2>\t\t\t\t<\/div>\n\t\t\t\t<\/div>\n\t\t\t\t<div class=\"elementor-element elementor-element-f4b6385 elementor-widget elementor-widget-text-editor\" data-id=\"f4b6385\" data-element_type=\"widget\" data-widget_type=\"text-editor.default\">\n\t\t\t\t<div class=\"elementor-widget-container\">\n\t\t\t\t\t\t\t\t\t<p>A Gest\u00e3o da Produ\u00e7\u00e3o Jur\u00eddica otimiza processos e aumenta a efici\u00eancia do seu escrit\u00f3rio de advocacia. Invista na produtividade e qualidade!<\/p><p>A produ\u00e7\u00e3o jur\u00eddica \u00e9 a \u00e1rea dos escrit\u00f3rios de advocacia onde se situa a controladoria jur\u00eddica, portanto tem como objetivo realizar a gest\u00e3o e controle de prazos, intima\u00e7\u00f5es, emiss\u00e3o de relat\u00f3rios, gest\u00e3o e auditoria do sistema de gest\u00e3o jur\u00eddica do escrit\u00f3rio, realiza\u00e7\u00e3o de treinamentos sobre os fluxos e procedimentos internos.<br \/>Fazer gest\u00e3o da produ\u00e7\u00e3o jur\u00eddica \u00e9 uma tarefa complicada at\u00e9 para os advogados mais experientes. Como qualquer empresa, um escrit\u00f3rio de advocacia necessita de um bom planejamento, defini\u00e7\u00e3o de estrat\u00e9gias, metas a serem cumpridas e boa organiza\u00e7\u00e3o di\u00e1ria para que o servi\u00e7o seja feito da melhor forma e o neg\u00f3cio cres\u00e7a de forma saud\u00e1vel.<br \/>A produ\u00e7\u00e3o jur\u00eddica \u00e9 respons\u00e1vel por organizar e gerenciar o escrit\u00f3rio de advocacia, pensando nos principais pilares do neg\u00f3cio: produtividade, controle de prazos, organiza\u00e7\u00e3o financeira e padr\u00e3o de qualidade dos servi\u00e7os. \u00c9 um meio pelo qual seu escrit\u00f3rio pode se destacar da concorr\u00eancia e atingir patamares cada vez maiores e mais rapidamente. Apesar de n\u00e3o ser uma atividade nova no mundo do empreendedorismo em advocacia, a gest\u00e3o da produ\u00e7\u00e3o jur\u00eddica tem tomado grandes propor\u00e7\u00f5es, principalmente por sua import\u00e2ncia cada vez mais evidente. Atualmente temos at\u00e9 uma \u00e1rea espec\u00edfica que cuida de todos os processos de gest\u00e3o, chamada de controladoria jur\u00eddica.<\/p>\t\t\t\t\t\t\t\t<\/div>\n\t\t\t\t<\/div>\n\t\t\t\t<\/div>\n\t\t\t\t<\/div>\n\t\t\t\t\t<\/div>\n\t\t\t\t<\/div>\n\t\t\t\t<\/div>","protected":false},"excerpt":{"rendered":"<p>Gest\u00e3o da Produ\u00e7\u00e3o Jur\u00eddica A Gest\u00e3o da Produ\u00e7\u00e3o Jur\u00eddica otimiza processos e aumenta a efici\u00eancia do seu escrit\u00f3rio de advocacia. Invista na produtividade e qualidade! A produ\u00e7\u00e3o jur\u00eddica \u00e9 a \u00e1rea dos escrit\u00f3rios de advocacia onde se situa a controladoria jur\u00eddica, portanto tem como objetivo realizar a gest\u00e3o e controle de prazos, intima\u00e7\u00f5es, emiss\u00e3o de&hellip;<\/p>","protected":false},"author":2,"featured_media":2172,"parent":1483,"menu_order":20,"comment_status":"closed","ping_status":"closed","template":"","meta":{"footnotes":""},"class_list":["post-3626","page","type-page","status-publish","has-post-thumbnail","hentry"],"yoast_head":"<!-- This site is optimized with the Yoast SEO plugin v24.8.1 - https:\/\/yoast.com\/wordpress\/plugins\/seo\/ -->\n<title>Gest\u00e3o da Produ\u00e7\u00e3o Jur\u00eddica - Bernardes Consultoria<\/title>\n<meta name=\"robots\" content=\"index, follow, max-snippet:-1, max-image-preview:large, max-video-preview:-1\" \/>\n<link rel=\"canonical\" href=\"https:\/\/bernardesconsultoria.com\/pt_pt\/expertise\/gestao-da-producao-juridica\/\" \/>\n<meta property=\"og:locale\" content=\"pt_PT\" \/>\n<meta property=\"og:type\" content=\"article\" \/>\n<meta property=\"og:title\" content=\"Gest\u00e3o da Produ\u00e7\u00e3o Jur\u00eddica - Bernardes Consultoria\" \/>\n<meta property=\"og:description\" content=\"Gest\u00e3o da Produ\u00e7\u00e3o Jur\u00eddica A Gest\u00e3o da Produ\u00e7\u00e3o Jur\u00eddica otimiza processos e aumenta a efici\u00eancia do seu escrit\u00f3rio de advocacia. Invista na produtividade e qualidade! A produ\u00e7\u00e3o jur\u00eddica \u00e9 a \u00e1rea dos escrit\u00f3rios de advocacia onde se situa a controladoria jur\u00eddica, portanto tem como objetivo realizar a gest\u00e3o e controle de prazos, intima\u00e7\u00f5es, emiss\u00e3o de&hellip;\" \/>\n<meta property=\"og:url\" content=\"https:\/\/bernardesconsultoria.com\/pt_pt\/expertise\/gestao-da-producao-juridica\/\" \/>\n<meta property=\"og:site_name\" content=\"Bernardes Consultoria\" \/>\n<meta property=\"article:modified_time\" content=\"2024-07-03T12:20:34+00:00\" \/>\n<meta property=\"og:image\" content=\"https:\/\/bernardesconsultoria.com\/wp-content\/uploads\/2019\/10\/dylan-gillis-KdeqA3aTnBY-unsplash.jpg\" \/>\n\t<meta property=\"og:image:width\" content=\"1200\" \/>\n\t<meta property=\"og:image:height\" content=\"800\" \/>\n\t<meta property=\"og:image:type\" content=\"image\/jpeg\" \/>\n<meta name=\"twitter:card\" content=\"summary_large_image\" \/>\n<meta name=\"twitter:label1\" content=\"Tempo estimado de leitura\" \/>\n\t<meta name=\"twitter:data1\" content=\"1 minuto\" \/>\n<script type=\"application\/ld+json\" class=\"yoast-schema-graph\">{\"@context\":\"https:\/\/schema.org\",\"@graph\":[{\"@type\":\"WebPage\",\"@id\":\"https:\/\/bernardesconsultoria.com\/pt_pt\/expertise\/gestao-da-producao-juridica\/\",\"url\":\"https:\/\/bernardesconsultoria.com\/pt_pt\/expertise\/gestao-da-producao-juridica\/\",\"name\":\"Gest\u00e3o da Produ\u00e7\u00e3o Jur\u00eddica - Bernardes Consultoria\",\"isPartOf\":{\"@id\":\"https:\/\/www.bernardesconsultoria.com\/#website\"},\"primaryImageOfPage\":{\"@id\":\"https:\/\/bernardesconsultoria.com\/pt_pt\/expertise\/gestao-da-producao-juridica\/#primaryimage\"},\"image\":{\"@id\":\"https:\/\/bernardesconsultoria.com\/pt_pt\/expertise\/gestao-da-producao-juridica\/#primaryimage\"},\"thumbnailUrl\":\"https:\/\/bernardesconsultoria.com\/wp-content\/uploads\/2019\/10\/dylan-gillis-KdeqA3aTnBY-unsplash.jpg\",\"datePublished\":\"2019-12-09T13:49:34+00:00\",\"dateModified\":\"2024-07-03T12:20:34+00:00\",\"breadcrumb\":{\"@id\":\"https:\/\/bernardesconsultoria.com\/pt_pt\/expertise\/gestao-da-producao-juridica\/#breadcrumb\"},\"inLanguage\":\"pt-PT\",\"potentialAction\":[{\"@type\":\"ReadAction\",\"target\":[\"https:\/\/bernardesconsultoria.com\/pt_pt\/expertise\/gestao-da-producao-juridica\/\"]}]},{\"@type\":\"ImageObject\",\"inLanguage\":\"pt-PT\",\"@id\":\"https:\/\/bernardesconsultoria.com\/pt_pt\/expertise\/gestao-da-producao-juridica\/#primaryimage\",\"url\":\"https:\/\/bernardesconsultoria.com\/wp-content\/uploads\/2019\/10\/dylan-gillis-KdeqA3aTnBY-unsplash.jpg\",\"contentUrl\":\"https:\/\/bernardesconsultoria.com\/wp-content\/uploads\/2019\/10\/dylan-gillis-KdeqA3aTnBY-unsplash.jpg\",\"width\":1200,\"height\":800},{\"@type\":\"BreadcrumbList\",\"@id\":\"https:\/\/bernardesconsultoria.com\/pt_pt\/expertise\/gestao-da-producao-juridica\/#breadcrumb\",\"itemListElement\":[{\"@type\":\"ListItem\",\"position\":1,\"name\":\"In\u00edcio\",\"item\":\"https:\/\/bernardesconsultoria.com\/\"},{\"@type\":\"ListItem\",\"position\":2,\"name\":\"Expertise\",\"item\":\"https:\/\/bernardesconsultoria.com\/pt_pt\/expertise\/\"},{\"@type\":\"ListItem\",\"position\":3,\"name\":\"Gest\u00e3o da Produ\u00e7\u00e3o Jur\u00eddica\"}]},{\"@type\":\"WebSite\",\"@id\":\"https:\/\/www.bernardesconsultoria.com\/#website\",\"url\":\"https:\/\/www.bernardesconsultoria.com\/\",\"name\":\"Bernardes Consultoria\",\"description\":\"\",\"publisher\":{\"@id\":\"https:\/\/www.bernardesconsultoria.com\/#organization\"},\"potentialAction\":[{\"@type\":\"SearchAction\",\"target\":{\"@type\":\"EntryPoint\",\"urlTemplate\":\"https:\/\/www.bernardesconsultoria.com\/?s={search_term_string}\"},\"query-input\":{\"@type\":\"PropertyValueSpecification\",\"valueRequired\":true,\"valueName\":\"search_term_string\"}}],\"inLanguage\":\"pt-PT\"},{\"@type\":\"Organization\",\"@id\":\"https:\/\/www.bernardesconsultoria.com\/#organization\",\"name\":\"Bernardes Consultoria\",\"url\":\"https:\/\/www.bernardesconsultoria.com\/\",\"logo\":{\"@type\":\"ImageObject\",\"inLanguage\":\"pt-PT\",\"@id\":\"https:\/\/www.bernardesconsultoria.com\/#\/schema\/logo\/image\/\",\"url\":\"\",\"contentUrl\":\"\",\"caption\":\"Bernardes Consultoria\"},\"image\":{\"@id\":\"https:\/\/www.bernardesconsultoria.com\/#\/schema\/logo\/image\/\"}}]}<\/script>\n<!-- \/ Yoast SEO plugin. -->","yoast_head_json":{"title":"Gest\u00e3o da Produ\u00e7\u00e3o Jur\u00eddica - Bernardes Consultoria","robots":{"index":"index","follow":"follow","max-snippet":"max-snippet:-1","max-image-preview":"max-image-preview:large","max-video-preview":"max-video-preview:-1"},"canonical":"https:\/\/bernardesconsultoria.com\/pt_pt\/expertise\/gestao-da-producao-juridica\/","og_locale":"pt_PT","og_type":"article","og_title":"Gest\u00e3o da Produ\u00e7\u00e3o Jur\u00eddica - Bernardes Consultoria","og_description":"Gest\u00e3o da Produ\u00e7\u00e3o Jur\u00eddica A Gest\u00e3o da Produ\u00e7\u00e3o Jur\u00eddica otimiza processos e aumenta a efici\u00eancia do seu escrit\u00f3rio de advocacia. Invista na produtividade e qualidade! A produ\u00e7\u00e3o jur\u00eddica \u00e9 a \u00e1rea dos escrit\u00f3rios de advocacia onde se situa a controladoria jur\u00eddica, portanto tem como objetivo realizar a gest\u00e3o e controle de prazos, intima\u00e7\u00f5es, emiss\u00e3o de&hellip;","og_url":"https:\/\/bernardesconsultoria.com\/pt_pt\/expertise\/gestao-da-producao-juridica\/","og_site_name":"Bernardes Consultoria","article_modified_time":"2024-07-03T12:20:34+00:00","og_image":[{"width":1200,"height":800,"url":"https:\/\/bernardesconsultoria.com\/wp-content\/uploads\/2019\/10\/dylan-gillis-KdeqA3aTnBY-unsplash.jpg","type":"image\/jpeg"}],"twitter_card":"summary_large_image","twitter_misc":{"Tempo estimado de leitura":"1 minuto"},"schema":{"@context":"https:\/\/schema.org","@graph":[{"@type":"WebPage","@id":"https:\/\/bernardesconsultoria.com\/pt_pt\/expertise\/gestao-da-producao-juridica\/","url":"https:\/\/bernardesconsultoria.com\/pt_pt\/expertise\/gestao-da-producao-juridica\/","name":"Gest\u00e3o da Produ\u00e7\u00e3o Jur\u00eddica - Bernardes Consultoria","isPartOf":{"@id":"https:\/\/www.bernardesconsultoria.com\/#website"},"primaryImageOfPage":{"@id":"https:\/\/bernardesconsultoria.com\/pt_pt\/expertise\/gestao-da-producao-juridica\/#primaryimage"},"image":{"@id":"https:\/\/bernardesconsultoria.com\/pt_pt\/expertise\/gestao-da-producao-juridica\/#primaryimage"},"thumbnailUrl":"https:\/\/bernardesconsultoria.com\/wp-content\/uploads\/2019\/10\/dylan-gillis-KdeqA3aTnBY-unsplash.jpg","datePublished":"2019-12-09T13:49:34+00:00","dateModified":"2024-07-03T12:20:34+00:00","breadcrumb":{"@id":"https:\/\/bernardesconsultoria.com\/pt_pt\/expertise\/gestao-da-producao-juridica\/#breadcrumb"},"inLanguage":"pt-PT","potentialAction":[{"@type":"ReadAction","target":["https:\/\/bernardesconsultoria.com\/pt_pt\/expertise\/gestao-da-producao-juridica\/"]}]},{"@type":"ImageObject","inLanguage":"pt-PT","@id":"https:\/\/bernardesconsultoria.com\/pt_pt\/expertise\/gestao-da-producao-juridica\/#primaryimage","url":"https:\/\/bernardesconsultoria.com\/wp-content\/uploads\/2019\/10\/dylan-gillis-KdeqA3aTnBY-unsplash.jpg","contentUrl":"https:\/\/bernardesconsultoria.com\/wp-content\/uploads\/2019\/10\/dylan-gillis-KdeqA3aTnBY-unsplash.jpg","width":1200,"height":800},{"@type":"BreadcrumbList","@id":"https:\/\/bernardesconsultoria.com\/pt_pt\/expertise\/gestao-da-producao-juridica\/#breadcrumb","itemListElement":[{"@type":"ListItem","position":1,"name":"In\u00edcio","item":"https:\/\/bernardesconsultoria.com\/"},{"@type":"ListItem","position":2,"name":"Expertise","item":"https:\/\/bernardesconsultoria.com\/pt_pt\/expertise\/"},{"@type":"ListItem","position":3,"name":"Gest\u00e3o da Produ\u00e7\u00e3o Jur\u00eddica"}]},{"@type":"WebSite","@id":"https:\/\/www.bernardesconsultoria.com\/#website","url":"https:\/\/www.bernardesconsultoria.com\/","name":"Bernardes Consultoria","description":"","publisher":{"@id":"https:\/\/www.bernardesconsultoria.com\/#organization"},"potentialAction":[{"@type":"SearchAction","target":{"@type":"EntryPoint","urlTemplate":"https:\/\/www.bernardesconsultoria.com\/?s={search_term_string}"},"query-input":{"@type":"PropertyValueSpecification","valueRequired":true,"valueName":"search_term_string"}}],"inLanguage":"pt-PT"},{"@type":"Organization","@id":"https:\/\/www.bernardesconsultoria.com\/#organization","name":"Bernardes Consultoria","url":"https:\/\/www.bernardesconsultoria.com\/","logo":{"@type":"ImageObject","inLanguage":"pt-PT","@id":"https:\/\/www.bernardesconsultoria.com\/#\/schema\/logo\/image\/","url":"","contentUrl":"","caption":"Bernardes Consultoria"},"image":{"@id":"https:\/\/www.bernardesconsultoria.com\/#\/schema\/logo\/image\/"}}]}},"_links":{"self":[{"href":"https:\/\/bernardesconsultoria.com\/pt_pt\/wp-json\/wp\/v2\/pages\/3626","targetHints":{"allow":["GET"]}}],"collection":[{"href":"https:\/\/bernardesconsultoria.com\/pt_pt\/wp-json\/wp\/v2\/pages"}],"about":[{"href":"https:\/\/bernardesconsultoria.com\/pt_pt\/wp-json\/wp\/v2\/types\/page"}],"author":[{"embeddable":true,"href":"https:\/\/bernardesconsultoria.com\/pt_pt\/wp-json\/wp\/v2\/users\/2"}],"replies":[{"embeddable":true,"href":"https:\/\/bernardesconsultoria.com\/pt_pt\/wp-json\/wp\/v2\/comments?post=3626"}],"version-history":[{"count":21,"href":"https:\/\/bernardesconsultoria.com\/pt_pt\/wp-json\/wp\/v2\/pages\/3626\/revisions"}],"predecessor-version":[{"id":56270,"href":"https:\/\/bernardesconsultoria.com\/pt_pt\/wp-json\/wp\/v2\/pages\/3626\/revisions\/56270"}],"up":[{"embeddable":true,"href":"https:\/\/bernardesconsultoria.com\/pt_pt\/wp-json\/wp\/v2\/pages\/1483"}],"wp:featuredmedia":[{"embeddable":true,"href":"https:\/\/bernardesconsultoria.com\/pt_pt\/wp-json\/wp\/v2\/media\/2172"}],"wp:attachment":[{"href":"https:\/\/bernardesconsultoria.com\/pt_pt\/wp-json\/wp\/v2\/media?parent=3626"}],"curies":[{"name":"wp","href":"https:\/\/api.w.org\/{rel}","templated":true}]}}