{"id":3635,"date":"2019-12-09T13:55:40","date_gmt":"2019-12-09T13:55:40","guid":{"rendered":"https:\/\/the7.io\/company\/?page_id=3635"},"modified":"2024-07-03T12:24:54","modified_gmt":"2024-07-03T12:24:54","slug":"governanca-corporativa","status":"publish","type":"page","link":"https:\/\/bernardesconsultoria.com\/pt_pt\/expertise\/governanca-corporativa\/","title":{"rendered":"Governan\u00e7a Corporativa"},"content":{"rendered":"<div data-elementor-type=\"wp-page\" data-elementor-id=\"3635\" class=\"elementor elementor-3635\" data-elementor-post-type=\"page\">\n\t\t\t\t<div class=\"elementor-element elementor-element-f455826 e-flex e-con-boxed e-con e-parent\" data-id=\"f455826\" data-element_type=\"container\">\n\t\t\t\t\t<div class=\"e-con-inner\">\n\t\t<div class=\"elementor-element elementor-element-b002b2b e-con-full e-flex e-con e-child\" data-id=\"b002b2b\" data-element_type=\"container\">\n\t\t\t\t<div class=\"elementor-element elementor-element-ff8b517 elementor-widget elementor-widget-image\" data-id=\"ff8b517\" data-element_type=\"widget\" data-widget_type=\"image.default\">\n\t\t\t\t<div class=\"elementor-widget-container\">\n\t\t\t\t\t\t\t\t\t\t\t\t\t\t\t<img fetchpriority=\"high\" decoding=\"async\" width=\"1024\" height=\"576\" src=\"https:\/\/bernardesconsultoria.com\/wp-content\/uploads\/2024\/05\/dados-financeiros-1024x576.webp\" class=\"attachment-large size-large wp-image-3754\" alt=\"\" srcset=\"https:\/\/bernardesconsultoria.com\/wp-content\/uploads\/2024\/05\/dados-financeiros-1024x576.webp 1024w, https:\/\/bernardesconsultoria.com\/wp-content\/uploads\/2024\/05\/dados-financeiros-300x169.webp 300w, https:\/\/bernardesconsultoria.com\/wp-content\/uploads\/2024\/05\/dados-financeiros-768x432.webp 768w, https:\/\/bernardesconsultoria.com\/wp-content\/uploads\/2024\/05\/dados-financeiros-1536x864.webp 1536w, https:\/\/bernardesconsultoria.com\/wp-content\/uploads\/2024\/05\/dados-financeiros-2048x1152.webp 2048w\" sizes=\"(max-width: 1024px) 100vw, 1024px\" \/>\t\t\t\t\t\t\t\t\t\t\t\t\t\t\t<\/div>\n\t\t\t\t<\/div>\n\t\t\t\t<\/div>\n\t\t<div class=\"elementor-element elementor-element-d8d8ec1 e-con-full e-flex e-con e-child\" data-id=\"d8d8ec1\" data-element_type=\"container\">\n\t\t\t\t<div class=\"elementor-element elementor-element-5cece75 elementor-widget elementor-widget-heading\" data-id=\"5cece75\" data-element_type=\"widget\" data-widget_type=\"heading.default\">\n\t\t\t\t<div class=\"elementor-widget-container\">\n\t\t\t\t\t<h2 class=\"elementor-heading-title elementor-size-default\">GOVERNAN\u00c7A CORPORATIVA<\/h2>\t\t\t\t<\/div>\n\t\t\t\t<\/div>\n\t\t\t\t<div class=\"elementor-element elementor-element-f29962e elementor-widget elementor-widget-text-editor\" data-id=\"f29962e\" data-element_type=\"widget\" data-widget_type=\"text-editor.default\">\n\t\t\t\t<div class=\"elementor-widget-container\">\n\t\t\t\t\t\t\t\t\t<p>A Governan\u00e7a Corporativa garante transpar\u00eancia e responsabilidade, fortalecendo a confian\u00e7a e o desempenho da sua empresa. Invista em uma gest\u00e3o s\u00f3lida e \u00e9tica!<\/p><p>Adotar um modelo de governan\u00e7a adequado \u00e9 uma decis\u00e3o coletiva, que deve ser acordada entre todos os s\u00f3cios de uma organiza\u00e7\u00e3o. Como n\u00e3o h\u00e1 um modelo padr\u00e3o, definir seus crit\u00e9rios, regras e pressupostos \u00e9 imprescind\u00edvel para garantir tranquilidade e justi\u00e7a aos integrantes de um escrit\u00f3rio.<br \/>Bernardes Consultoria identifica e define junto com os s\u00f3cios qual o melhor modelo a ser adotado para o perfil do escrit\u00f3rio.<\/p>\t\t\t\t\t\t\t\t<\/div>\n\t\t\t\t<\/div>\n\t\t\t\t<\/div>\n\t\t\t\t\t<\/div>\n\t\t\t\t<\/div>\n\t\t\t\t<\/div>","protected":false},"excerpt":{"rendered":"<p>GOVERNAN\u00c7A CORPORATIVA A Governan\u00e7a Corporativa garante transpar\u00eancia e responsabilidade, fortalecendo a confian\u00e7a e o desempenho da sua empresa. Invista em uma gest\u00e3o s\u00f3lida e \u00e9tica! Adotar um modelo de governan\u00e7a adequado \u00e9 uma decis\u00e3o coletiva, que deve ser acordada entre todos os s\u00f3cios de uma organiza\u00e7\u00e3o. Como n\u00e3o h\u00e1 um modelo padr\u00e3o, definir seus crit\u00e9rios,&hellip;<\/p>","protected":false},"author":2,"featured_media":2038,"parent":1483,"menu_order":40,"comment_status":"closed","ping_status":"closed","template":"","meta":{"footnotes":""},"class_list":["post-3635","page","type-page","status-publish","has-post-thumbnail","hentry"],"yoast_head":"<!-- This site is optimized with the Yoast SEO plugin v24.8.1 - https:\/\/yoast.com\/wordpress\/plugins\/seo\/ -->\n<title>Governan\u00e7a Corporativa - Bernardes Consultoria<\/title>\n<meta name=\"robots\" content=\"index, follow, max-snippet:-1, max-image-preview:large, max-video-preview:-1\" \/>\n<link rel=\"canonical\" href=\"https:\/\/bernardesconsultoria.com\/pt_pt\/expertise\/governanca-corporativa\/\" \/>\n<meta property=\"og:locale\" content=\"pt_PT\" \/>\n<meta property=\"og:type\" content=\"article\" \/>\n<meta property=\"og:title\" content=\"Governan\u00e7a Corporativa - Bernardes Consultoria\" \/>\n<meta property=\"og:description\" content=\"GOVERNAN\u00c7A CORPORATIVA A Governan\u00e7a Corporativa garante transpar\u00eancia e responsabilidade, fortalecendo a confian\u00e7a e o desempenho da sua empresa. Invista em uma gest\u00e3o s\u00f3lida e \u00e9tica! Adotar um modelo de governan\u00e7a adequado \u00e9 uma decis\u00e3o coletiva, que deve ser acordada entre todos os s\u00f3cios de uma organiza\u00e7\u00e3o. Como n\u00e3o h\u00e1 um modelo padr\u00e3o, definir seus crit\u00e9rios,&hellip;\" \/>\n<meta property=\"og:url\" content=\"https:\/\/bernardesconsultoria.com\/pt_pt\/expertise\/governanca-corporativa\/\" \/>\n<meta property=\"og:site_name\" content=\"Bernardes Consultoria\" \/>\n<meta property=\"article:modified_time\" content=\"2024-07-03T12:24:54+00:00\" \/>\n<meta property=\"og:image\" content=\"https:\/\/bernardesconsultoria.com\/wp-content\/uploads\/2019\/11\/man-standing-beside-people-sitting-beside-table-with-laptops-3184395.jpg\" \/>\n\t<meta property=\"og:image:width\" content=\"1200\" \/>\n\t<meta property=\"og:image:height\" content=\"650\" \/>\n\t<meta property=\"og:image:type\" content=\"image\/jpeg\" \/>\n<meta name=\"twitter:card\" content=\"summary_large_image\" \/>\n<meta name=\"twitter:label1\" content=\"Tempo estimado de leitura\" \/>\n\t<meta name=\"twitter:data1\" content=\"1 minuto\" \/>\n<script type=\"application\/ld+json\" class=\"yoast-schema-graph\">{\"@context\":\"https:\/\/schema.org\",\"@graph\":[{\"@type\":\"WebPage\",\"@id\":\"https:\/\/bernardesconsultoria.com\/pt_pt\/expertise\/governanca-corporativa\/\",\"url\":\"https:\/\/bernardesconsultoria.com\/pt_pt\/expertise\/governanca-corporativa\/\",\"name\":\"Governan\u00e7a Corporativa - Bernardes Consultoria\",\"isPartOf\":{\"@id\":\"https:\/\/www.bernardesconsultoria.com\/#website\"},\"primaryImageOfPage\":{\"@id\":\"https:\/\/bernardesconsultoria.com\/pt_pt\/expertise\/governanca-corporativa\/#primaryimage\"},\"image\":{\"@id\":\"https:\/\/bernardesconsultoria.com\/pt_pt\/expertise\/governanca-corporativa\/#primaryimage\"},\"thumbnailUrl\":\"https:\/\/bernardesconsultoria.com\/wp-content\/uploads\/2019\/11\/man-standing-beside-people-sitting-beside-table-with-laptops-3184395.jpg\",\"datePublished\":\"2019-12-09T13:55:40+00:00\",\"dateModified\":\"2024-07-03T12:24:54+00:00\",\"breadcrumb\":{\"@id\":\"https:\/\/bernardesconsultoria.com\/pt_pt\/expertise\/governanca-corporativa\/#breadcrumb\"},\"inLanguage\":\"pt-PT\",\"potentialAction\":[{\"@type\":\"ReadAction\",\"target\":[\"https:\/\/bernardesconsultoria.com\/pt_pt\/expertise\/governanca-corporativa\/\"]}]},{\"@type\":\"ImageObject\",\"inLanguage\":\"pt-PT\",\"@id\":\"https:\/\/bernardesconsultoria.com\/pt_pt\/expertise\/governanca-corporativa\/#primaryimage\",\"url\":\"https:\/\/bernardesconsultoria.com\/wp-content\/uploads\/2019\/11\/man-standing-beside-people-sitting-beside-table-with-laptops-3184395.jpg\",\"contentUrl\":\"https:\/\/bernardesconsultoria.com\/wp-content\/uploads\/2019\/11\/man-standing-beside-people-sitting-beside-table-with-laptops-3184395.jpg\",\"width\":1200,\"height\":650},{\"@type\":\"BreadcrumbList\",\"@id\":\"https:\/\/bernardesconsultoria.com\/pt_pt\/expertise\/governanca-corporativa\/#breadcrumb\",\"itemListElement\":[{\"@type\":\"ListItem\",\"position\":1,\"name\":\"In\u00edcio\",\"item\":\"https:\/\/bernardesconsultoria.com\/\"},{\"@type\":\"ListItem\",\"position\":2,\"name\":\"Expertise\",\"item\":\"https:\/\/bernardesconsultoria.com\/pt_pt\/expertise\/\"},{\"@type\":\"ListItem\",\"position\":3,\"name\":\"Governan\u00e7a Corporativa\"}]},{\"@type\":\"WebSite\",\"@id\":\"https:\/\/www.bernardesconsultoria.com\/#website\",\"url\":\"https:\/\/www.bernardesconsultoria.com\/\",\"name\":\"Bernardes Consultoria\",\"description\":\"\",\"publisher\":{\"@id\":\"https:\/\/www.bernardesconsultoria.com\/#organization\"},\"potentialAction\":[{\"@type\":\"SearchAction\",\"target\":{\"@type\":\"EntryPoint\",\"urlTemplate\":\"https:\/\/www.bernardesconsultoria.com\/?s={search_term_string}\"},\"query-input\":{\"@type\":\"PropertyValueSpecification\",\"valueRequired\":true,\"valueName\":\"search_term_string\"}}],\"inLanguage\":\"pt-PT\"},{\"@type\":\"Organization\",\"@id\":\"https:\/\/www.bernardesconsultoria.com\/#organization\",\"name\":\"Bernardes Consultoria\",\"url\":\"https:\/\/www.bernardesconsultoria.com\/\",\"logo\":{\"@type\":\"ImageObject\",\"inLanguage\":\"pt-PT\",\"@id\":\"https:\/\/www.bernardesconsultoria.com\/#\/schema\/logo\/image\/\",\"url\":\"\",\"contentUrl\":\"\",\"caption\":\"Bernardes Consultoria\"},\"image\":{\"@id\":\"https:\/\/www.bernardesconsultoria.com\/#\/schema\/logo\/image\/\"}}]}<\/script>\n<!-- \/ Yoast SEO plugin. -->","yoast_head_json":{"title":"Governan\u00e7a Corporativa - Bernardes Consultoria","robots":{"index":"index","follow":"follow","max-snippet":"max-snippet:-1","max-image-preview":"max-image-preview:large","max-video-preview":"max-video-preview:-1"},"canonical":"https:\/\/bernardesconsultoria.com\/pt_pt\/expertise\/governanca-corporativa\/","og_locale":"pt_PT","og_type":"article","og_title":"Governan\u00e7a Corporativa - Bernardes Consultoria","og_description":"GOVERNAN\u00c7A CORPORATIVA A Governan\u00e7a Corporativa garante transpar\u00eancia e responsabilidade, fortalecendo a confian\u00e7a e o desempenho da sua empresa. Invista em uma gest\u00e3o s\u00f3lida e \u00e9tica! Adotar um modelo de governan\u00e7a adequado \u00e9 uma decis\u00e3o coletiva, que deve ser acordada entre todos os s\u00f3cios de uma organiza\u00e7\u00e3o. Como n\u00e3o h\u00e1 um modelo padr\u00e3o, definir seus crit\u00e9rios,&hellip;","og_url":"https:\/\/bernardesconsultoria.com\/pt_pt\/expertise\/governanca-corporativa\/","og_site_name":"Bernardes Consultoria","article_modified_time":"2024-07-03T12:24:54+00:00","og_image":[{"width":1200,"height":650,"url":"https:\/\/bernardesconsultoria.com\/wp-content\/uploads\/2019\/11\/man-standing-beside-people-sitting-beside-table-with-laptops-3184395.jpg","type":"image\/jpeg"}],"twitter_card":"summary_large_image","twitter_misc":{"Tempo estimado de leitura":"1 minuto"},"schema":{"@context":"https:\/\/schema.org","@graph":[{"@type":"WebPage","@id":"https:\/\/bernardesconsultoria.com\/pt_pt\/expertise\/governanca-corporativa\/","url":"https:\/\/bernardesconsultoria.com\/pt_pt\/expertise\/governanca-corporativa\/","name":"Governan\u00e7a Corporativa - Bernardes Consultoria","isPartOf":{"@id":"https:\/\/www.bernardesconsultoria.com\/#website"},"primaryImageOfPage":{"@id":"https:\/\/bernardesconsultoria.com\/pt_pt\/expertise\/governanca-corporativa\/#primaryimage"},"image":{"@id":"https:\/\/bernardesconsultoria.com\/pt_pt\/expertise\/governanca-corporativa\/#primaryimage"},"thumbnailUrl":"https:\/\/bernardesconsultoria.com\/wp-content\/uploads\/2019\/11\/man-standing-beside-people-sitting-beside-table-with-laptops-3184395.jpg","datePublished":"2019-12-09T13:55:40+00:00","dateModified":"2024-07-03T12:24:54+00:00","breadcrumb":{"@id":"https:\/\/bernardesconsultoria.com\/pt_pt\/expertise\/governanca-corporativa\/#breadcrumb"},"inLanguage":"pt-PT","potentialAction":[{"@type":"ReadAction","target":["https:\/\/bernardesconsultoria.com\/pt_pt\/expertise\/governanca-corporativa\/"]}]},{"@type":"ImageObject","inLanguage":"pt-PT","@id":"https:\/\/bernardesconsultoria.com\/pt_pt\/expertise\/governanca-corporativa\/#primaryimage","url":"https:\/\/bernardesconsultoria.com\/wp-content\/uploads\/2019\/11\/man-standing-beside-people-sitting-beside-table-with-laptops-3184395.jpg","contentUrl":"https:\/\/bernardesconsultoria.com\/wp-content\/uploads\/2019\/11\/man-standing-beside-people-sitting-beside-table-with-laptops-3184395.jpg","width":1200,"height":650},{"@type":"BreadcrumbList","@id":"https:\/\/bernardesconsultoria.com\/pt_pt\/expertise\/governanca-corporativa\/#breadcrumb","itemListElement":[{"@type":"ListItem","position":1,"name":"In\u00edcio","item":"https:\/\/bernardesconsultoria.com\/"},{"@type":"ListItem","position":2,"name":"Expertise","item":"https:\/\/bernardesconsultoria.com\/pt_pt\/expertise\/"},{"@type":"ListItem","position":3,"name":"Governan\u00e7a Corporativa"}]},{"@type":"WebSite","@id":"https:\/\/www.bernardesconsultoria.com\/#website","url":"https:\/\/www.bernardesconsultoria.com\/","name":"Bernardes Consultoria","description":"","publisher":{"@id":"https:\/\/www.bernardesconsultoria.com\/#organization"},"potentialAction":[{"@type":"SearchAction","target":{"@type":"EntryPoint","urlTemplate":"https:\/\/www.bernardesconsultoria.com\/?s={search_term_string}"},"query-input":{"@type":"PropertyValueSpecification","valueRequired":true,"valueName":"search_term_string"}}],"inLanguage":"pt-PT"},{"@type":"Organization","@id":"https:\/\/www.bernardesconsultoria.com\/#organization","name":"Bernardes Consultoria","url":"https:\/\/www.bernardesconsultoria.com\/","logo":{"@type":"ImageObject","inLanguage":"pt-PT","@id":"https:\/\/www.bernardesconsultoria.com\/#\/schema\/logo\/image\/","url":"","contentUrl":"","caption":"Bernardes Consultoria"},"image":{"@id":"https:\/\/www.bernardesconsultoria.com\/#\/schema\/logo\/image\/"}}]}},"_links":{"self":[{"href":"https:\/\/bernardesconsultoria.com\/pt_pt\/wp-json\/wp\/v2\/pages\/3635","targetHints":{"allow":["GET"]}}],"collection":[{"href":"https:\/\/bernardesconsultoria.com\/pt_pt\/wp-json\/wp\/v2\/pages"}],"about":[{"href":"https:\/\/bernardesconsultoria.com\/pt_pt\/wp-json\/wp\/v2\/types\/page"}],"author":[{"embeddable":true,"href":"https:\/\/bernardesconsultoria.com\/pt_pt\/wp-json\/wp\/v2\/users\/2"}],"replies":[{"embeddable":true,"href":"https:\/\/bernardesconsultoria.com\/pt_pt\/wp-json\/wp\/v2\/comments?post=3635"}],"version-history":[{"count":11,"href":"https:\/\/bernardesconsultoria.com\/pt_pt\/wp-json\/wp\/v2\/pages\/3635\/revisions"}],"predecessor-version":[{"id":56279,"href":"https:\/\/bernardesconsultoria.com\/pt_pt\/wp-json\/wp\/v2\/pages\/3635\/revisions\/56279"}],"up":[{"embeddable":true,"href":"https:\/\/bernardesconsultoria.com\/pt_pt\/wp-json\/wp\/v2\/pages\/1483"}],"wp:featuredmedia":[{"embeddable":true,"href":"https:\/\/bernardesconsultoria.com\/pt_pt\/wp-json\/wp\/v2\/media\/2038"}],"wp:attachment":[{"href":"https:\/\/bernardesconsultoria.com\/pt_pt\/wp-json\/wp\/v2\/media?parent=3635"}],"curies":[{"name":"wp","href":"https:\/\/api.w.org\/{rel}","templated":true}]}}