{"id":3644,"date":"2019-12-09T14:01:02","date_gmt":"2019-12-09T14:01:02","guid":{"rendered":"https:\/\/the7.io\/company\/?page_id=3644"},"modified":"2024-07-03T12:17:00","modified_gmt":"2024-07-03T12:17:00","slug":"gestao-do-marketing-juridico-e-clientes","status":"publish","type":"page","link":"https:\/\/bernardesconsultoria.com\/pt_pt\/expertise\/gestao-do-marketing-juridico-e-clientes\/","title":{"rendered":"Gest\u00e3o do Marketing Jur\u00eddico e Clientes"},"content":{"rendered":"<div data-elementor-type=\"wp-page\" data-elementor-id=\"3644\" class=\"elementor elementor-3644\" data-elementor-post-type=\"page\">\n\t\t\t\t<div class=\"elementor-element elementor-element-a8941ac e-flex e-con-boxed e-con e-parent\" data-id=\"a8941ac\" data-element_type=\"container\">\n\t\t\t\t\t<div class=\"e-con-inner\">\n\t\t<div class=\"elementor-element elementor-element-31e8618 e-con-full e-flex e-con e-child\" data-id=\"31e8618\" data-element_type=\"container\">\n\t\t\t\t<div class=\"elementor-element elementor-element-7e30bbe elementor-widget elementor-widget-image\" data-id=\"7e30bbe\" data-element_type=\"widget\" data-widget_type=\"image.default\">\n\t\t\t\t<div class=\"elementor-widget-container\">\n\t\t\t\t\t\t\t\t\t\t\t\t\t\t\t<img fetchpriority=\"high\" decoding=\"async\" width=\"1024\" height=\"512\" src=\"https:\/\/bernardesconsultoria.com\/wp-content\/uploads\/revslider\/the7-company-slider-1\/photo-of-people-leaning-on-wooden-table-31843251-1024x512.jpg\" class=\"attachment-large size-large wp-image-3735\" alt=\"\" srcset=\"https:\/\/bernardesconsultoria.com\/wp-content\/uploads\/revslider\/the7-company-slider-1\/photo-of-people-leaning-on-wooden-table-31843251-1024x512.jpg 1024w, https:\/\/bernardesconsultoria.com\/wp-content\/uploads\/revslider\/the7-company-slider-1\/photo-of-people-leaning-on-wooden-table-31843251-300x150.jpg 300w, https:\/\/bernardesconsultoria.com\/wp-content\/uploads\/revslider\/the7-company-slider-1\/photo-of-people-leaning-on-wooden-table-31843251-768x384.jpg 768w, https:\/\/bernardesconsultoria.com\/wp-content\/uploads\/revslider\/the7-company-slider-1\/photo-of-people-leaning-on-wooden-table-31843251.jpg 1200w\" sizes=\"(max-width: 1024px) 100vw, 1024px\" \/>\t\t\t\t\t\t\t\t\t\t\t\t\t\t\t<\/div>\n\t\t\t\t<\/div>\n\t\t\t\t<\/div>\n\t\t<div class=\"elementor-element elementor-element-ab7ec26 e-con-full e-flex e-con e-child\" data-id=\"ab7ec26\" data-element_type=\"container\">\n\t\t\t\t<div class=\"elementor-element elementor-element-e8d38e4 elementor-widget elementor-widget-heading\" data-id=\"e8d38e4\" data-element_type=\"widget\" data-widget_type=\"heading.default\">\n\t\t\t\t<div class=\"elementor-widget-container\">\n\t\t\t\t\t<h2 class=\"elementor-heading-title elementor-size-default\">Gest\u00e3o do Marketing Jur\u00eddico e Clientes<\/h2>\t\t\t\t<\/div>\n\t\t\t\t<\/div>\n\t\t\t\t<div class=\"elementor-element elementor-element-d5516b7 elementor-widget elementor-widget-text-editor\" data-id=\"d5516b7\" data-element_type=\"widget\" data-widget_type=\"text-editor.default\">\n\t\t\t\t<div class=\"elementor-widget-container\">\n\t\t\t\t\t\t\t\t\t<div id=\"ultimate-heading-5595668047bb01f96\" class=\"uvc-heading ult-adjust-bottom-margin ultimate-heading-5595668047bb01f96 uvc-509 uvc-heading-default-font-sizes\" data-hspacer=\"no_spacer\" data-halign=\"left\"><div class=\"uvc-sub-heading ult-responsive\" data-ultimate-target=\".uvc-heading.ultimate-heading-5595668047bb01f96 .uvc-sub-heading \" data-responsive-json-new=\"{&quot;font-size&quot;:&quot;desktop:34px;&quot;,&quot;line-height&quot;:&quot;desktop:44px;&quot;}\"><p>A Gest\u00e3o do Marketing Jur\u00eddico e Clientes atrai e fideliza clientes, impulsionando o crescimento do seu escrit\u00f3rio de advocacia. Invista no sucesso cont\u00ednuo!<\/p><p>Um marketing bem feito ajuda a fidelizar a marca de uma organiza\u00e7\u00e3o. Se utilizado com modera\u00e7\u00e3o (respeitando as limita\u00e7\u00f5es \u00e9ticas legais), ele ajuda a definir e a aplicar, de forma consistente, as diretrizes visuais e verbais de toda a comunica\u00e7\u00e3o do escrit\u00f3rio.<br \/>Ap\u00f3s diagn\u00f3stico, a Bernardes Consultoria, juntamente com seus parceiros, indica as melhores solu\u00e7\u00f5es para se fazer uso do Marketing.<\/p><\/div><\/div>\t\t\t\t\t\t\t\t<\/div>\n\t\t\t\t<\/div>\n\t\t\t\t<\/div>\n\t\t\t\t\t<\/div>\n\t\t\t\t<\/div>\n\t\t\t\t<\/div>","protected":false},"excerpt":{"rendered":"<p>Gest\u00e3o do Marketing Jur\u00eddico e Clientes A Gest\u00e3o do Marketing Jur\u00eddico e Clientes atrai e fideliza clientes, impulsionando o crescimento do seu escrit\u00f3rio de advocacia. Invista no sucesso cont\u00ednuo! Um marketing bem feito ajuda a fidelizar a marca de uma organiza\u00e7\u00e3o. Se utilizado com modera\u00e7\u00e3o (respeitando as limita\u00e7\u00f5es \u00e9ticas legais), ele ajuda a definir e&hellip;<\/p>","protected":false},"author":2,"featured_media":2158,"parent":1483,"menu_order":5,"comment_status":"closed","ping_status":"closed","template":"","meta":{"footnotes":""},"class_list":["post-3644","page","type-page","status-publish","has-post-thumbnail","hentry"],"yoast_head":"<!-- This site is optimized with the Yoast SEO plugin v24.8.1 - https:\/\/yoast.com\/wordpress\/plugins\/seo\/ -->\n<title>Gest\u00e3o do Marketing Jur\u00eddico e Clientes - Bernardes Consultoria<\/title>\n<meta name=\"robots\" content=\"index, follow, max-snippet:-1, max-image-preview:large, max-video-preview:-1\" \/>\n<link rel=\"canonical\" href=\"https:\/\/bernardesconsultoria.com\/pt_pt\/expertise\/gestao-do-marketing-juridico-e-clientes\/\" \/>\n<meta property=\"og:locale\" content=\"pt_PT\" \/>\n<meta property=\"og:type\" content=\"article\" \/>\n<meta property=\"og:title\" content=\"Gest\u00e3o do Marketing Jur\u00eddico e Clientes - Bernardes Consultoria\" \/>\n<meta property=\"og:description\" content=\"Gest\u00e3o do Marketing Jur\u00eddico e Clientes A Gest\u00e3o do Marketing Jur\u00eddico e Clientes atrai e fideliza clientes, impulsionando o crescimento do seu escrit\u00f3rio de advocacia. Invista no sucesso cont\u00ednuo! Um marketing bem feito ajuda a fidelizar a marca de uma organiza\u00e7\u00e3o. Se utilizado com modera\u00e7\u00e3o (respeitando as limita\u00e7\u00f5es \u00e9ticas legais), ele ajuda a definir e&hellip;\" \/>\n<meta property=\"og:url\" content=\"https:\/\/bernardesconsultoria.com\/pt_pt\/expertise\/gestao-do-marketing-juridico-e-clientes\/\" \/>\n<meta property=\"og:site_name\" content=\"Bernardes Consultoria\" \/>\n<meta property=\"article:modified_time\" content=\"2024-07-03T12:17:00+00:00\" \/>\n<meta property=\"og:image\" content=\"https:\/\/bernardesconsultoria.com\/wp-content\/uploads\/2019\/11\/top-view-photo-of-people-near-wooden-table-3183150.jpg\" \/>\n\t<meta property=\"og:image:width\" content=\"1200\" \/>\n\t<meta property=\"og:image:height\" content=\"600\" \/>\n\t<meta property=\"og:image:type\" content=\"image\/jpeg\" \/>\n<meta name=\"twitter:card\" content=\"summary_large_image\" \/>\n<meta name=\"twitter:label1\" content=\"Tempo estimado de leitura\" \/>\n\t<meta name=\"twitter:data1\" content=\"1 minuto\" \/>\n<script type=\"application\/ld+json\" class=\"yoast-schema-graph\">{\"@context\":\"https:\/\/schema.org\",\"@graph\":[{\"@type\":\"WebPage\",\"@id\":\"https:\/\/bernardesconsultoria.com\/expertise\/gestao-do-marketing-juridico-e-clientes\/\",\"url\":\"https:\/\/bernardesconsultoria.com\/expertise\/gestao-do-marketing-juridico-e-clientes\/\",\"name\":\"Gest\u00e3o do Marketing Jur\u00eddico e Clientes - Bernardes Consultoria\",\"isPartOf\":{\"@id\":\"https:\/\/www.bernardesconsultoria.com\/#website\"},\"primaryImageOfPage\":{\"@id\":\"https:\/\/bernardesconsultoria.com\/expertise\/gestao-do-marketing-juridico-e-clientes\/#primaryimage\"},\"image\":{\"@id\":\"https:\/\/bernardesconsultoria.com\/expertise\/gestao-do-marketing-juridico-e-clientes\/#primaryimage\"},\"thumbnailUrl\":\"https:\/\/bernardesconsultoria.com\/wp-content\/uploads\/2019\/11\/top-view-photo-of-people-near-wooden-table-3183150.jpg\",\"datePublished\":\"2019-12-09T14:01:02+00:00\",\"dateModified\":\"2024-07-03T12:17:00+00:00\",\"breadcrumb\":{\"@id\":\"https:\/\/bernardesconsultoria.com\/expertise\/gestao-do-marketing-juridico-e-clientes\/#breadcrumb\"},\"inLanguage\":\"pt-PT\",\"potentialAction\":[{\"@type\":\"ReadAction\",\"target\":[\"https:\/\/bernardesconsultoria.com\/expertise\/gestao-do-marketing-juridico-e-clientes\/\"]}]},{\"@type\":\"ImageObject\",\"inLanguage\":\"pt-PT\",\"@id\":\"https:\/\/bernardesconsultoria.com\/expertise\/gestao-do-marketing-juridico-e-clientes\/#primaryimage\",\"url\":\"https:\/\/bernardesconsultoria.com\/wp-content\/uploads\/2019\/11\/top-view-photo-of-people-near-wooden-table-3183150.jpg\",\"contentUrl\":\"https:\/\/bernardesconsultoria.com\/wp-content\/uploads\/2019\/11\/top-view-photo-of-people-near-wooden-table-3183150.jpg\",\"width\":1200,\"height\":600},{\"@type\":\"BreadcrumbList\",\"@id\":\"https:\/\/bernardesconsultoria.com\/expertise\/gestao-do-marketing-juridico-e-clientes\/#breadcrumb\",\"itemListElement\":[{\"@type\":\"ListItem\",\"position\":1,\"name\":\"In\u00edcio\",\"item\":\"https:\/\/bernardesconsultoria.com\/\"},{\"@type\":\"ListItem\",\"position\":2,\"name\":\"Expertise\",\"item\":\"https:\/\/bernardesconsultoria.com\/pt_pt\/expertise\/\"},{\"@type\":\"ListItem\",\"position\":3,\"name\":\"Gest\u00e3o do Marketing Jur\u00eddico e Clientes\"}]},{\"@type\":\"WebSite\",\"@id\":\"https:\/\/www.bernardesconsultoria.com\/#website\",\"url\":\"https:\/\/www.bernardesconsultoria.com\/\",\"name\":\"Bernardes Consultoria\",\"description\":\"\",\"publisher\":{\"@id\":\"https:\/\/www.bernardesconsultoria.com\/#organization\"},\"potentialAction\":[{\"@type\":\"SearchAction\",\"target\":{\"@type\":\"EntryPoint\",\"urlTemplate\":\"https:\/\/www.bernardesconsultoria.com\/?s={search_term_string}\"},\"query-input\":{\"@type\":\"PropertyValueSpecification\",\"valueRequired\":true,\"valueName\":\"search_term_string\"}}],\"inLanguage\":\"pt-PT\"},{\"@type\":\"Organization\",\"@id\":\"https:\/\/www.bernardesconsultoria.com\/#organization\",\"name\":\"Bernardes Consultoria\",\"url\":\"https:\/\/www.bernardesconsultoria.com\/\",\"logo\":{\"@type\":\"ImageObject\",\"inLanguage\":\"pt-PT\",\"@id\":\"https:\/\/www.bernardesconsultoria.com\/#\/schema\/logo\/image\/\",\"url\":\"\",\"contentUrl\":\"\",\"caption\":\"Bernardes Consultoria\"},\"image\":{\"@id\":\"https:\/\/www.bernardesconsultoria.com\/#\/schema\/logo\/image\/\"}}]}<\/script>\n<!-- \/ Yoast SEO plugin. -->","yoast_head_json":{"title":"Gest\u00e3o do Marketing Jur\u00eddico e Clientes - Bernardes Consultoria","robots":{"index":"index","follow":"follow","max-snippet":"max-snippet:-1","max-image-preview":"max-image-preview:large","max-video-preview":"max-video-preview:-1"},"canonical":"https:\/\/bernardesconsultoria.com\/pt_pt\/expertise\/gestao-do-marketing-juridico-e-clientes\/","og_locale":"pt_PT","og_type":"article","og_title":"Gest\u00e3o do Marketing Jur\u00eddico e Clientes - Bernardes Consultoria","og_description":"Gest\u00e3o do Marketing Jur\u00eddico e Clientes A Gest\u00e3o do Marketing Jur\u00eddico e Clientes atrai e fideliza clientes, impulsionando o crescimento do seu escrit\u00f3rio de advocacia. Invista no sucesso cont\u00ednuo! Um marketing bem feito ajuda a fidelizar a marca de uma organiza\u00e7\u00e3o. Se utilizado com modera\u00e7\u00e3o (respeitando as limita\u00e7\u00f5es \u00e9ticas legais), ele ajuda a definir e&hellip;","og_url":"https:\/\/bernardesconsultoria.com\/pt_pt\/expertise\/gestao-do-marketing-juridico-e-clientes\/","og_site_name":"Bernardes Consultoria","article_modified_time":"2024-07-03T12:17:00+00:00","og_image":[{"width":1200,"height":600,"url":"https:\/\/bernardesconsultoria.com\/wp-content\/uploads\/2019\/11\/top-view-photo-of-people-near-wooden-table-3183150.jpg","type":"image\/jpeg"}],"twitter_card":"summary_large_image","twitter_misc":{"Tempo estimado de leitura":"1 minuto"},"schema":{"@context":"https:\/\/schema.org","@graph":[{"@type":"WebPage","@id":"https:\/\/bernardesconsultoria.com\/expertise\/gestao-do-marketing-juridico-e-clientes\/","url":"https:\/\/bernardesconsultoria.com\/expertise\/gestao-do-marketing-juridico-e-clientes\/","name":"Gest\u00e3o do Marketing Jur\u00eddico e Clientes - Bernardes Consultoria","isPartOf":{"@id":"https:\/\/www.bernardesconsultoria.com\/#website"},"primaryImageOfPage":{"@id":"https:\/\/bernardesconsultoria.com\/expertise\/gestao-do-marketing-juridico-e-clientes\/#primaryimage"},"image":{"@id":"https:\/\/bernardesconsultoria.com\/expertise\/gestao-do-marketing-juridico-e-clientes\/#primaryimage"},"thumbnailUrl":"https:\/\/bernardesconsultoria.com\/wp-content\/uploads\/2019\/11\/top-view-photo-of-people-near-wooden-table-3183150.jpg","datePublished":"2019-12-09T14:01:02+00:00","dateModified":"2024-07-03T12:17:00+00:00","breadcrumb":{"@id":"https:\/\/bernardesconsultoria.com\/expertise\/gestao-do-marketing-juridico-e-clientes\/#breadcrumb"},"inLanguage":"pt-PT","potentialAction":[{"@type":"ReadAction","target":["https:\/\/bernardesconsultoria.com\/expertise\/gestao-do-marketing-juridico-e-clientes\/"]}]},{"@type":"ImageObject","inLanguage":"pt-PT","@id":"https:\/\/bernardesconsultoria.com\/expertise\/gestao-do-marketing-juridico-e-clientes\/#primaryimage","url":"https:\/\/bernardesconsultoria.com\/wp-content\/uploads\/2019\/11\/top-view-photo-of-people-near-wooden-table-3183150.jpg","contentUrl":"https:\/\/bernardesconsultoria.com\/wp-content\/uploads\/2019\/11\/top-view-photo-of-people-near-wooden-table-3183150.jpg","width":1200,"height":600},{"@type":"BreadcrumbList","@id":"https:\/\/bernardesconsultoria.com\/expertise\/gestao-do-marketing-juridico-e-clientes\/#breadcrumb","itemListElement":[{"@type":"ListItem","position":1,"name":"In\u00edcio","item":"https:\/\/bernardesconsultoria.com\/"},{"@type":"ListItem","position":2,"name":"Expertise","item":"https:\/\/bernardesconsultoria.com\/pt_pt\/expertise\/"},{"@type":"ListItem","position":3,"name":"Gest\u00e3o do Marketing Jur\u00eddico e Clientes"}]},{"@type":"WebSite","@id":"https:\/\/www.bernardesconsultoria.com\/#website","url":"https:\/\/www.bernardesconsultoria.com\/","name":"Bernardes Consultoria","description":"","publisher":{"@id":"https:\/\/www.bernardesconsultoria.com\/#organization"},"potentialAction":[{"@type":"SearchAction","target":{"@type":"EntryPoint","urlTemplate":"https:\/\/www.bernardesconsultoria.com\/?s={search_term_string}"},"query-input":{"@type":"PropertyValueSpecification","valueRequired":true,"valueName":"search_term_string"}}],"inLanguage":"pt-PT"},{"@type":"Organization","@id":"https:\/\/www.bernardesconsultoria.com\/#organization","name":"Bernardes Consultoria","url":"https:\/\/www.bernardesconsultoria.com\/","logo":{"@type":"ImageObject","inLanguage":"pt-PT","@id":"https:\/\/www.bernardesconsultoria.com\/#\/schema\/logo\/image\/","url":"","contentUrl":"","caption":"Bernardes Consultoria"},"image":{"@id":"https:\/\/www.bernardesconsultoria.com\/#\/schema\/logo\/image\/"}}]}},"_links":{"self":[{"href":"https:\/\/bernardesconsultoria.com\/pt_pt\/wp-json\/wp\/v2\/pages\/3644","targetHints":{"allow":["GET"]}}],"collection":[{"href":"https:\/\/bernardesconsultoria.com\/pt_pt\/wp-json\/wp\/v2\/pages"}],"about":[{"href":"https:\/\/bernardesconsultoria.com\/pt_pt\/wp-json\/wp\/v2\/types\/page"}],"author":[{"embeddable":true,"href":"https:\/\/bernardesconsultoria.com\/pt_pt\/wp-json\/wp\/v2\/users\/2"}],"replies":[{"embeddable":true,"href":"https:\/\/bernardesconsultoria.com\/pt_pt\/wp-json\/wp\/v2\/comments?post=3644"}],"version-history":[{"count":16,"href":"https:\/\/bernardesconsultoria.com\/pt_pt\/wp-json\/wp\/v2\/pages\/3644\/revisions"}],"predecessor-version":[{"id":56258,"href":"https:\/\/bernardesconsultoria.com\/pt_pt\/wp-json\/wp\/v2\/pages\/3644\/revisions\/56258"}],"up":[{"embeddable":true,"href":"https:\/\/bernardesconsultoria.com\/pt_pt\/wp-json\/wp\/v2\/pages\/1483"}],"wp:featuredmedia":[{"embeddable":true,"href":"https:\/\/bernardesconsultoria.com\/pt_pt\/wp-json\/wp\/v2\/media\/2158"}],"wp:attachment":[{"href":"https:\/\/bernardesconsultoria.com\/pt_pt\/wp-json\/wp\/v2\/media?parent=3644"}],"curies":[{"name":"wp","href":"https:\/\/api.w.org\/{rel}","templated":true}]}}