{"id":3658,"date":"2019-12-10T08:29:54","date_gmt":"2019-12-10T08:29:54","guid":{"rendered":"https:\/\/the7.io\/company\/?page_id=3658"},"modified":"2024-09-02T14:42:52","modified_gmt":"2024-09-02T14:42:52","slug":"aviso-de-privacidade","status":"publish","type":"page","link":"https:\/\/bernardesconsultoria.com\/pt_pt\/aviso-de-privacidade\/","title":{"rendered":"Aviso de Privacidade"},"content":{"rendered":"<div class=\"wpb-content-wrapper\"><div class=\"vc_row wpb_row vc_row-fluid\"><div class=\"wpb_column vc_column_container vc_col-sm-12\"><div class=\"vc_column-inner\"><div class=\"wpb_wrapper\">\n\t<div class=\"wpb_text_column wpb_content_element\" >\n\t\t<div class=\"wpb_wrapper\">\n\t\t\t<h2 class=\"tm7 wp-block-heading\"><strong><span class=\"tm8\">AVISO DE PRIVACIDADE<\/span><\/strong><\/h2>\n<p class=\"tm7\"><strong><span class=\"tm8\">\u00a0<\/span><\/strong><\/p>\n<p class=\"tm7\"><span class=\"tm9\">A Bernardes consultoria valoriza a sua confian\u00e7a e respeita seriamente a privacidade e a prote\u00e7\u00e3o de seus dados pessoais. Neste contexto, este Aviso de Privacidade (\u201cAviso\u201d) foi criado com o objetivo de indicar com clareza e transpar\u00eancia como a Bernardes Consultoria capta e utiliza seus dados, bem como quais os direitos que voc\u00ea tem sobre eles e como pode exerc\u00ea-los.<\/span><\/p>\n<p class=\"tm7\"><span class=\"tm9\">Este Aviso \u00e9 aplic\u00e1vel ao processamento de dados pessoais realizado pela Bernardes consultoria no website www.bernardesconsultoria.com., e inclui os dados pessoais que voc\u00ea nos fornece como, quando voc\u00ea utiliza o nosso formul\u00e1rio de contato e contrata\u00e7\u00e3o de servi\u00e7os, inscreve-se em eventos, assina newsletters ou preenche formul\u00e1rios de sele\u00e7\u00e3o para participar do nosso time.<\/span><\/p>\n<p class=\"tm7\"><span class=\"tm9\">O conte\u00fado disponibilizado no nosso website n\u00e3o se destina a crian\u00e7as ou adolescentes. Por esta raz\u00e3o, n\u00e3o realizamos avalia\u00e7\u00e3o et\u00e1ria e n\u00e3o s\u00e3o coletados, intencionalmente, dados pessoais de menores.<\/span><\/p>\n<p class=\"tm7\"><span class=\"tm9\">\u00c9 importante que voc\u00ea fa\u00e7a uma leitura atenta deste Aviso para compreender todos os crit\u00e9rios de tratamento dos seus dados pessoais. Ao utilizar o nosso site e fornecer os seus dados, voc\u00ea concorda e se vincula a este Aviso de Privacidade e suas eventuais altera\u00e7\u00f5es.<\/span><\/p>\n<p class=\"tm7\"><span class=\"tm9\">\u00a0<\/span><\/p>\n<h3 class=\"tm7\"><strong><span class=\"tm8\">1. GLOSS\u00c1RIO<\/span><\/strong><\/h3>\n<p class=\"tm7\"><span class=\"tm9\">Com o objetivo de melhor facilitar o seu entendimento sobre o presente Aviso, segue pequeno gloss\u00e1rio com o significado de alguns dos principais termos utilizados no \u00e2mbito do tratamento de dados:<\/span><\/p>\n<p class=\"tm7\"><span class=\"tm9\">\u00a0<\/span><\/p>\n<p class=\"tm7\"><strong><span class=\"tm8\">Titular:<\/span><\/strong><span class=\"tm9\"> pessoa natural detentora dos dados pessoais que s\u00e3o objeto de tratamento. Para fins deste Aviso, voc\u00ea \u00e9 considerado titular de dados pessoais;<\/span><\/p>\n<p class=\"tm7\"><span class=\"tm9\">\u00a0<\/span><\/p>\n<p class=\"tm7\"><strong><span class=\"tm8\">Dados pessoais:<\/span><\/strong><span class=\"tm9\"> s\u00e3o informa\u00e7\u00f5es que identifiquem ou torne identific\u00e1vel a pessoa natural (Exemplos: nome, endere\u00e7o, idade, estado civil, CPF, RG, endere\u00e7o eletr\u00f4nico, dados de localiza\u00e7\u00e3o, entre outros);<\/span><\/p>\n<p class=\"tm7\"><span class=\"tm9\">\u00a0<\/span><\/p>\n<p class=\"tm7\"><strong><span class=\"tm8\">Dados pessoas sens\u00edveis:<\/span><\/strong><span class=\"tm9\"> informa\u00e7\u00f5es de pessoas naturais relacionadas \u00e0 origem racial ou \u00e9tnica, religi\u00e3o, pol\u00edtica, sa\u00fade ou orienta\u00e7\u00e3o sexual, dado gen\u00e9tico ou biom\u00e9trico;<\/span><\/p>\n<p class=\"tm7\"><span class=\"tm9\">\u00a0<\/span><\/p>\n<p class=\"tm7\"><strong><span class=\"tm8\">Tratamento de dados:<\/span><\/strong><span class=\"tm9\"> o tratamento de dados compreende toda e qualquer opera\u00e7\u00e3o realizada com dados pessoais, que tenham o objetivo de coleta, produ\u00e7\u00e3o, recep\u00e7\u00e3o, classifica\u00e7\u00e3o, utiliza\u00e7\u00e3o, acesso, reprodu\u00e7\u00e3o, transmiss\u00e3o, distribui\u00e7\u00e3o, processamento, arquivamento, armazenamento, elimina\u00e7\u00e3o, controle, modifica\u00e7\u00e3o, comunica\u00e7\u00e3o, transfer\u00eancia, difus\u00e3o ou extra\u00e7\u00e3o de dados.<\/span><\/p>\n<p class=\"tm7\"><span class=\"tm9\">\u00a0<\/span><\/p>\n<p class=\"tm7\"><strong><span class=\"tm8\">Controlador: <\/span><\/strong><span class=\"tm9\">a Bernardes Consultoria \u00e9 um \u201ccontrolador\u201d, ou seja, a organiza\u00e7\u00e3o que, sozinha ou em conjunto, realiza o tratamento dos seus dados, mediante o seu consentimento ou outras hip\u00f3teses legais dispostas na Lei Geral de Prote\u00e7\u00e3o de Dados.\u00a0<\/span><\/p>\n<p class=\"tm11\"><strong><span class=\"tm8\">Operador:<\/span><\/strong><span class=\"tm9\"> pessoa natural ou jur\u00eddica, de direito p\u00fablico ou privado, que realiza o <\/span><\/p>\n<p class=\"tm11\"><span class=\"tm9\">tratamento de dados pessoais em nome do controlador.<\/span><\/p>\n<p class=\"tm7\"><span class=\"tm9\">\u00a0<\/span><\/p>\n<p class=\"tm7\"><strong><span class=\"tm8\">Encarregado:<\/span><\/strong><span class=\"tm9\"> pessoa indicada pelo controlador e operador para atuar como canal de comunica\u00e7\u00e3o entre o controlador, os titulares dos dados e a Autoridade Nacional de Prote\u00e7\u00e3o de Dados (ANPD); determina as finalidades e a maneira pela qual seus dados pessoais ser\u00e3o processados;<\/span><\/p>\n<p class=\"tm7\"><span class=\"tm9\">\u00a0<\/span><\/p>\n<h3 class=\"tm7\"><strong><span class=\"tm8\">2. TIPOS DE DADOS COLETADOS E FINALIDADE DO TRATAMENTO<\/span><\/strong><\/h3>\n<p class=\"tm7\"><span class=\"tm9\">A Bernardes consultoria informa que coleta dados pessoais que lhe identificam, tais como nome, endere\u00e7o de e-mail e f\u00edsico, telefone, empresa e cargo, fornecidos por voc\u00ea atrav\u00e9s dos meios habilitados para tal efeito no website. Os dados pessoais ser\u00e3o tratados para as seguintes finalidades:<\/span><\/p>\n<ul>\n<li class=\"tm13\"><span class=\"tm9\">Entrar em contato com voc\u00ea, caso voc\u00ea solicite algum servi\u00e7o de consultoria e para prestar este servi\u00e7o;<\/span><\/li>\n<li class=\"tm13\">Gerir a sua presen\u00e7a nos eventos em que tenha realizado inscri\u00e7\u00e3o e enviar informa\u00e7\u00f5es sobre o evento;<\/li>\n<li class=\"tm13\"><span class=\"tm9\">Enviar periodicamente nossos comunicados institucionais, newsletters e publica\u00e7\u00f5es sobre Gest\u00e3o Legal;<\/span><\/li>\n<li class=\"tm13\">Conhecer a sua opini\u00e3o e realizar pesquisas;<\/li>\n<li class=\"tm13\"><span class=\"tm9\">Enviar informa\u00e7\u00f5es sobre os servi\u00e7os, eventos, semin\u00e1rios, webinars e outras iniciativas promovidas pela Bernardes consultoria;<\/span><\/li>\n<li class=\"tm13\">Entregar conte\u00fado relevante do site para voc\u00ea e medir ou compreender a efic\u00e1cia do conte\u00fado que \u00e9 servido a voc\u00ea;<\/li>\n<li class=\"tm13\">Enviar materiais f\u00edsicos, como convites, por exemplo.<\/li>\n<\/ul>\n<p class=\"tm7\"><span class=\"tm9\">Al\u00e9m disso, caso voc\u00ea deseje participar do nosso time, a Bernardes consultoria capta suas informa\u00e7\u00f5es pessoais e dados sobre seu hist\u00f3rico profissional e acad\u00eamico para entrar em contato com voc\u00ea, para avaliar sua candidatura e para realizar o processo de sele\u00e7\u00e3o em rela\u00e7\u00e3o ao cargo a que voc\u00ea se candidata ou em rela\u00e7\u00e3o a outras posi\u00e7\u00f5es dispon\u00edveis ou que possam se tornar dispon\u00edveis no futuro.<\/span><\/p>\n<p class=\"tm7\"><span class=\"tm9\">A Bernardes consultoria n\u00e3o realiza tratamento de dados pessoais captados por meio deste website com finalidade diversa das acima elencadas, sendo expressamente vedada a utiliza\u00e7\u00e3o de dados pessoais para fins il\u00edcitos ou a sua comercializa\u00e7\u00e3o. <\/span><\/p>\n<p class=\"tm7\"><strong><span class=\"tm8\">\u00a0<\/span><\/strong><\/p>\n<h3 class=\"tm7\"><strong><span class=\"tm8\">3. LEGITIMA\u00c7\u00c3O<\/span><\/strong><\/h3>\n<p class=\"tm7\"><span class=\"tm9\">A Bernardes consultoria realiza o tratamento dos dados pessoais fornecidos por voc\u00ea com os seguintes fundamentos:<\/span><\/p>\n<ul>\n<li class=\"tm13\"><span class=\"tm9\">mediante o seu consentimento;<\/span><\/li>\n<li class=\"tm13\">\u00a0para execu\u00e7\u00e3o de um contrato de servi\u00e7os que est\u00e1 prestes a ser celebrado ou j\u00e1 celebrado com voc\u00ea ou para tomar medidas a seu pedido, antes de celebrar tal contrato;<\/li>\n<li class=\"tm13\">para cumprir obriga\u00e7\u00e3o legal ou regulamentar a que a Bernardes consultoria est\u00e1 sujeito;<\/li>\n<li class=\"tm13\">para prestar servi\u00e7os de consultoria a voc\u00ea;<\/li>\n<li class=\"tm13\">quando houver um leg\u00edtimo interesse da Bernardes consultoria;<\/li>\n<li class=\"tm13\">para exerc\u00edcio ou defesa de direitos da Bernardes consultoria;<\/li>\n<\/ul>\n<p class=\"tm7\"><strong><span class=\"tm8\">\u00a0<\/span><\/strong><\/p>\n<h3 class=\"tm7\"><strong><span class=\"tm8\">4. CONSERVA\u00c7\u00c3O DOS DADOS<\/span><\/strong><\/h3>\n<p class=\"tm7\"><span class=\"tm9\">Os dados que voc\u00ea fornece a Bernardes consultoria ser\u00e3o conservados durante o per\u00edodo que seja necess\u00e1rio para cumprimento das finalidades ora dispostas e para efeitos de garantia do cumprimento das obriga\u00e7\u00f5es legais.<\/span><\/p>\n<p class=\"tm7\"><strong><span class=\"tm8\">\u00a0<\/span><\/strong><\/p>\n<h3 class=\"tm7\"><strong><span class=\"tm8\">5. COMPARTILHAMENTO DE DADOS<\/span><\/strong><\/h3>\n<p class=\"tm7\"><span class=\"tm9\">Poder\u00e3o ter acesso aos seus dados prestadores de servi\u00e7os e fornecedores da Bernardes consultoria, na medida em que esse compartilhamento seja necess\u00e1rio para a efetiva\u00e7\u00e3o e garantia das finalidades do tratamento dos dados pessoais, como por exemplo, o envio de e-mails por plataforma terceirizada e a hospedagem do website. Em qualquer caso, ser\u00e3o adotadas as medidas legais e contratuais necess\u00e1rias para garantir a seguran\u00e7a e o acesso aos dados.<\/span><\/p>\n<h3>6. LINKS DE TERCEIROS<\/h3>\n<p class=\"tm7\"><span class=\"tm9\">O website <\/span><u><a href=\"http:\/\/bernardesconsultoria.com\/pt_pt\/\"><span class=\"tm9\">www.bernardesconsultoria.com<\/span><\/a><\/u><span class=\"tm9\"> pode incluir links para outros websites, plug-ins e aplicativos de terceiros. Clicar nesses links ou habilitar essas conex\u00f5es pode permitir que terceiros coletem ou compartilhem dados sobre voc\u00ea. A Bernardes consultoria n\u00e3o controla esses sites de terceiros e n\u00e3o \u00e9 respons\u00e1vel por suas Pol\u00edticas de Privacidade. Ao sair do website da Bernardes consultoria , recomenda-se que voc\u00ea leia o Aviso de Privacidade de cada website que visitar.<\/span><\/p>\n<h3 class=\"tm7\"><strong><span class=\"tm8\"><br \/>7. SEGURAN\u00c7A<\/span><\/strong><\/h3>\n<p class=\"tm7\"><span class=\"tm9\">A Bernardes consultoria se preocupa em garantir a seguran\u00e7a e a confidencialidade das informa\u00e7\u00f5es e dados pessoais que voc\u00ea nos fornece. <\/span><\/p>\n<p class=\"tm7\"><span class=\"tm9\">Em raz\u00e3o disso, realiza a\u00e7\u00f5es para proteger seus dados pessoais contra acessos n\u00e3o autorizados e utiliza sistemas de seguran\u00e7a, regras e procedimentos para garantir a prote\u00e7\u00e3o dos seus dados pessoais, bem como para prevenir o uso impr\u00f3prio, a sua divulga\u00e7\u00e3o, perda ou destrui\u00e7\u00e3o.<\/span><\/p>\n<p class=\"tm7\"><span class=\"tm9\">\u00c9, todavia, da sua responsabilidade garantir e assegurar que os dispositivos e equipamentos utilizados para acessar o website encontram-se adequadamente protegidos contra softwares nocivos, v\u00edrus inform\u00e1ticos e worms.<\/span><\/p>\n<h3 class=\"tm7\"><strong><span class=\"tm8\"><br \/>8. DIREITOS<\/span><\/strong><\/h3>\n<p class=\"tm7\"><span class=\"tm9\">Nos termos estabelecidos na legisla\u00e7\u00e3o vigente sobre prote\u00e7\u00e3o de dados, voc\u00ea poder\u00e1, a qualquer momento, exercer direitos relacionados com o tratamento de dados pessoais e questionar a finalidade ou informa\u00e7\u00f5es acerca da utiliza\u00e7\u00e3o de seus dados. Al\u00e9m disso, voc\u00ea poder\u00e1 exercer os seus direitos de atualiza\u00e7\u00e3o, acesso, retifica\u00e7\u00e3o, supress\u00e3o, oposi\u00e7\u00e3o e portabilidade e o direito de solicitar a limita\u00e7\u00e3o do tratamento dos seus dados pessoais. <\/span><\/p>\n<p class=\"tm7\"><span class=\"tm9\">Para exerc\u00edcio dos seus direitos como titular de dados, voc\u00ea poder\u00e1 se comunicar com a Bernardes consultoria atrav\u00e9s do e-mail <\/span><strong><u><a href=\"mailto:privacidade@bernardesconsultoria.com\"><span class=\"tm8\">privacidade@bernardesconsultoria.com<\/span><\/a><\/u><\/strong><span class=\"tm9\">, anexando c\u00f3pia de um documento que comprove a sua identidade e sua requisi\u00e7\u00e3o, o que ser\u00e1 respondido, conforme exigido pela legisla\u00e7\u00e3o aplic\u00e1vel, em no m\u00e1ximo 30 (trinta) dias contados do recebimento do e-mail.<\/span><\/p>\n<p class=\"tm7\"><span class=\"tm9\">Caso voc\u00ea n\u00e3o queira mais receber nossos e-mails com as informa\u00e7\u00f5es peri\u00f3dicas, convites, comunicados institucionais, entre outros, voc\u00ea tamb\u00e9m poder\u00e1 encaminhar um e-mail para o endere\u00e7o <\/span><strong><u><a href=\"mailto:privacidade@bernardesconsultoria.com\"><span class=\"tm8\">privacidade@bernardesconsultoria.com<\/span><\/a><\/u><\/strong><span class=\"tm9\"> informando que n\u00e3o tem mais interesse em receber essas informa\u00e7\u00f5es ou clicar no bot\u00e3o de opt-out constante nas nossas comunica\u00e7\u00f5es enviadas para o seu e-mail, que cessaremos o envio e deixaremos de tratar os seus dados para este fim.<\/span><\/p>\n<h3>9. QUEST\u00d5ES E SUGEST\u00d5ES<\/h3>\n<p class=\"tm7\"><span class=\"tm9\"><br \/>Voc\u00ea poder\u00e1 entrar em contato com a Bernardes Consultoria para quaisquer quest\u00f5es relacionadas com o tratamento dos seus dados pessoais e com o exerc\u00edcio dos direitos que lhe s\u00e3o conferidos pela legisla\u00e7\u00e3o aplic\u00e1vel atrav\u00e9s dos seguinte e-mail: <\/span><strong><u><a href=\"mailto:privacidade@andrademaia.com\"><span class=\"tm8\">privacidade@bernardesconsultoria <\/span><\/a><\/u><\/strong><span class=\"tm9\">.<\/span><\/p>\n<h3>10. ALTERA\u00c7\u00d5ES AO AVISO DE PRIVACIDADE<\/h3>\n<p class=\"tm7\"><span class=\"tm9\"><br \/>A Bernardes consultoria reserva-se no direito de, a qualquer momento, alterar o presente Aviso de Privacidade, o que ser\u00e1 devidamente publicado no website. <\/span><\/p>\n<p class=\"tm7\"><span class=\"tm9\">Este Aviso de Privacidade entra em vigor na mesma data da vig\u00eancia da Lei Geral de Prote\u00e7\u00e3o de Dados. <\/span><\/p>\n<p class=\"tm7\"><span class=\"tm9\">*\u00daltima atualiza\u00e7\u00e3o em 06 de junho\/2023<\/span><\/p>\n\n\t\t<\/div>\n\t<\/div>\n<\/div><\/div><\/div><\/div>\n<\/div>","protected":false},"excerpt":{"rendered":"<p>AVISO DE PRIVACIDADE \u00a0 A Bernardes consultoria valoriza a sua confian\u00e7a e respeita seriamente a privacidade e a prote\u00e7\u00e3o de seus dados pessoais. Neste contexto, este Aviso de Privacidade (\u201cAviso\u201d) foi criado com o objetivo de indicar com clareza e transpar\u00eancia como a Bernardes Consultoria capta e utiliza seus dados, bem como quais os direitos&hellip;<\/p>","protected":false},"author":2,"featured_media":0,"parent":0,"menu_order":100,"comment_status":"closed","ping_status":"closed","template":"","meta":{"footnotes":""},"class_list":["post-3658","page","type-page","status-publish","hentry","description-off"],"yoast_head":"<!-- This site is optimized with the Yoast SEO plugin v24.8.1 - https:\/\/yoast.com\/wordpress\/plugins\/seo\/ -->\n<title>Aviso de Privacidade - Bernardes Consultoria<\/title>\n<meta name=\"robots\" content=\"index, follow, max-snippet:-1, max-image-preview:large, max-video-preview:-1\" \/>\n<link rel=\"canonical\" href=\"https:\/\/bernardesconsultoria.com\/pt_pt\/aviso-de-privacidade\/\" \/>\n<meta property=\"og:locale\" content=\"pt_PT\" \/>\n<meta property=\"og:type\" content=\"article\" \/>\n<meta property=\"og:title\" content=\"Aviso de Privacidade - Bernardes Consultoria\" \/>\n<meta property=\"og:url\" content=\"https:\/\/bernardesconsultoria.com\/pt_pt\/aviso-de-privacidade\/\" \/>\n<meta property=\"og:site_name\" content=\"Bernardes Consultoria\" \/>\n<meta property=\"article:modified_time\" content=\"2024-09-02T14:42:52+00:00\" \/>\n<meta name=\"twitter:card\" content=\"summary_large_image\" \/>\n<meta name=\"twitter:label1\" content=\"Tempo estimado de leitura\" \/>\n\t<meta name=\"twitter:data1\" content=\"8 minutos\" \/>\n<script type=\"application\/ld+json\" class=\"yoast-schema-graph\">{\"@context\":\"https:\/\/schema.org\",\"@graph\":[{\"@type\":\"WebPage\",\"@id\":\"https:\/\/bernardesconsultoria.com\/aviso-de-privacidade\/\",\"url\":\"https:\/\/bernardesconsultoria.com\/aviso-de-privacidade\/\",\"name\":\"Aviso de Privacidade - Bernardes Consultoria\",\"isPartOf\":{\"@id\":\"https:\/\/www.bernardesconsultoria.com\/#website\"},\"datePublished\":\"2019-12-10T08:29:54+00:00\",\"dateModified\":\"2024-09-02T14:42:52+00:00\",\"breadcrumb\":{\"@id\":\"https:\/\/bernardesconsultoria.com\/aviso-de-privacidade\/#breadcrumb\"},\"inLanguage\":\"pt-PT\",\"potentialAction\":[{\"@type\":\"ReadAction\",\"target\":[\"https:\/\/bernardesconsultoria.com\/aviso-de-privacidade\/\"]}]},{\"@type\":\"BreadcrumbList\",\"@id\":\"https:\/\/bernardesconsultoria.com\/aviso-de-privacidade\/#breadcrumb\",\"itemListElement\":[{\"@type\":\"ListItem\",\"position\":1,\"name\":\"In\u00edcio\",\"item\":\"https:\/\/bernardesconsultoria.com\/\"},{\"@type\":\"ListItem\",\"position\":2,\"name\":\"Aviso de Privacidade\"}]},{\"@type\":\"WebSite\",\"@id\":\"https:\/\/www.bernardesconsultoria.com\/#website\",\"url\":\"https:\/\/www.bernardesconsultoria.com\/\",\"name\":\"Bernardes Consultoria\",\"description\":\"\",\"publisher\":{\"@id\":\"https:\/\/www.bernardesconsultoria.com\/#organization\"},\"potentialAction\":[{\"@type\":\"SearchAction\",\"target\":{\"@type\":\"EntryPoint\",\"urlTemplate\":\"https:\/\/www.bernardesconsultoria.com\/?s={search_term_string}\"},\"query-input\":{\"@type\":\"PropertyValueSpecification\",\"valueRequired\":true,\"valueName\":\"search_term_string\"}}],\"inLanguage\":\"pt-PT\"},{\"@type\":\"Organization\",\"@id\":\"https:\/\/www.bernardesconsultoria.com\/#organization\",\"name\":\"Bernardes Consultoria\",\"url\":\"https:\/\/www.bernardesconsultoria.com\/\",\"logo\":{\"@type\":\"ImageObject\",\"inLanguage\":\"pt-PT\",\"@id\":\"https:\/\/www.bernardesconsultoria.com\/#\/schema\/logo\/image\/\",\"url\":\"\",\"contentUrl\":\"\",\"caption\":\"Bernardes Consultoria\"},\"image\":{\"@id\":\"https:\/\/www.bernardesconsultoria.com\/#\/schema\/logo\/image\/\"}}]}<\/script>\n<!-- \/ Yoast SEO plugin. -->","yoast_head_json":{"title":"Aviso de Privacidade - Bernardes Consultoria","robots":{"index":"index","follow":"follow","max-snippet":"max-snippet:-1","max-image-preview":"max-image-preview:large","max-video-preview":"max-video-preview:-1"},"canonical":"https:\/\/bernardesconsultoria.com\/pt_pt\/aviso-de-privacidade\/","og_locale":"pt_PT","og_type":"article","og_title":"Aviso de Privacidade - Bernardes Consultoria","og_url":"https:\/\/bernardesconsultoria.com\/pt_pt\/aviso-de-privacidade\/","og_site_name":"Bernardes Consultoria","article_modified_time":"2024-09-02T14:42:52+00:00","twitter_card":"summary_large_image","twitter_misc":{"Tempo estimado de leitura":"8 minutos"},"schema":{"@context":"https:\/\/schema.org","@graph":[{"@type":"WebPage","@id":"https:\/\/bernardesconsultoria.com\/aviso-de-privacidade\/","url":"https:\/\/bernardesconsultoria.com\/aviso-de-privacidade\/","name":"Aviso de Privacidade - Bernardes Consultoria","isPartOf":{"@id":"https:\/\/www.bernardesconsultoria.com\/#website"},"datePublished":"2019-12-10T08:29:54+00:00","dateModified":"2024-09-02T14:42:52+00:00","breadcrumb":{"@id":"https:\/\/bernardesconsultoria.com\/aviso-de-privacidade\/#breadcrumb"},"inLanguage":"pt-PT","potentialAction":[{"@type":"ReadAction","target":["https:\/\/bernardesconsultoria.com\/aviso-de-privacidade\/"]}]},{"@type":"BreadcrumbList","@id":"https:\/\/bernardesconsultoria.com\/aviso-de-privacidade\/#breadcrumb","itemListElement":[{"@type":"ListItem","position":1,"name":"In\u00edcio","item":"https:\/\/bernardesconsultoria.com\/"},{"@type":"ListItem","position":2,"name":"Aviso de Privacidade"}]},{"@type":"WebSite","@id":"https:\/\/www.bernardesconsultoria.com\/#website","url":"https:\/\/www.bernardesconsultoria.com\/","name":"Bernardes Consultoria","description":"","publisher":{"@id":"https:\/\/www.bernardesconsultoria.com\/#organization"},"potentialAction":[{"@type":"SearchAction","target":{"@type":"EntryPoint","urlTemplate":"https:\/\/www.bernardesconsultoria.com\/?s={search_term_string}"},"query-input":{"@type":"PropertyValueSpecification","valueRequired":true,"valueName":"search_term_string"}}],"inLanguage":"pt-PT"},{"@type":"Organization","@id":"https:\/\/www.bernardesconsultoria.com\/#organization","name":"Bernardes Consultoria","url":"https:\/\/www.bernardesconsultoria.com\/","logo":{"@type":"ImageObject","inLanguage":"pt-PT","@id":"https:\/\/www.bernardesconsultoria.com\/#\/schema\/logo\/image\/","url":"","contentUrl":"","caption":"Bernardes Consultoria"},"image":{"@id":"https:\/\/www.bernardesconsultoria.com\/#\/schema\/logo\/image\/"}}]}},"_links":{"self":[{"href":"https:\/\/bernardesconsultoria.com\/pt_pt\/wp-json\/wp\/v2\/pages\/3658","targetHints":{"allow":["GET"]}}],"collection":[{"href":"https:\/\/bernardesconsultoria.com\/pt_pt\/wp-json\/wp\/v2\/pages"}],"about":[{"href":"https:\/\/bernardesconsultoria.com\/pt_pt\/wp-json\/wp\/v2\/types\/page"}],"author":[{"embeddable":true,"href":"https:\/\/bernardesconsultoria.com\/pt_pt\/wp-json\/wp\/v2\/users\/2"}],"replies":[{"embeddable":true,"href":"https:\/\/bernardesconsultoria.com\/pt_pt\/wp-json\/wp\/v2\/comments?post=3658"}],"version-history":[{"count":7,"href":"https:\/\/bernardesconsultoria.com\/pt_pt\/wp-json\/wp\/v2\/pages\/3658\/revisions"}],"predecessor-version":[{"id":56386,"href":"https:\/\/bernardesconsultoria.com\/pt_pt\/wp-json\/wp\/v2\/pages\/3658\/revisions\/56386"}],"wp:attachment":[{"href":"https:\/\/bernardesconsultoria.com\/pt_pt\/wp-json\/wp\/v2\/media?parent=3658"}],"curies":[{"name":"wp","href":"https:\/\/api.w.org\/{rel}","templated":true}]}}