{"id":3782,"date":"2024-05-30T10:00:16","date_gmt":"2024-05-30T10:00:16","guid":{"rendered":"http:\/\/bernardesconsultoria.com\/novosite\/?page_id=3782"},"modified":"2024-07-03T12:26:25","modified_gmt":"2024-07-03T12:26:25","slug":"controladoria-juridica","status":"publish","type":"page","link":"https:\/\/bernardesconsultoria.com\/pt_pt\/expertise\/controladoria-juridica\/","title":{"rendered":"Controladoria Jur\u00eddica"},"content":{"rendered":"<div data-elementor-type=\"wp-page\" data-elementor-id=\"3782\" class=\"elementor elementor-3782\" data-elementor-post-type=\"page\">\n\t\t\t\t<div class=\"elementor-element elementor-element-d72242b e-flex e-con-boxed e-con e-parent\" data-id=\"d72242b\" data-element_type=\"container\">\n\t\t\t\t\t<div class=\"e-con-inner\">\n\t\t<div class=\"elementor-element elementor-element-56c737f e-con-full e-flex e-con e-child\" data-id=\"56c737f\" data-element_type=\"container\">\n\t\t\t\t<div class=\"elementor-element elementor-element-b5e5e46 elementor-widget elementor-widget-image\" data-id=\"b5e5e46\" data-element_type=\"widget\" data-widget_type=\"image.default\">\n\t\t\t\t<div class=\"elementor-widget-container\">\n\t\t\t\t\t\t\t\t\t\t\t\t\t\t\t<img fetchpriority=\"high\" decoding=\"async\" width=\"1024\" height=\"683\" src=\"https:\/\/bernardesconsultoria.com\/wp-content\/uploads\/2024\/06\/treinamentosn-1024x683.webp\" class=\"attachment-large size-large wp-image-55639\" alt=\"\" srcset=\"https:\/\/bernardesconsultoria.com\/wp-content\/uploads\/2024\/06\/treinamentosn-1024x683.webp 1024w, https:\/\/bernardesconsultoria.com\/wp-content\/uploads\/2024\/06\/treinamentosn-300x200.webp 300w, https:\/\/bernardesconsultoria.com\/wp-content\/uploads\/2024\/06\/treinamentosn-768x512.webp 768w, https:\/\/bernardesconsultoria.com\/wp-content\/uploads\/2024\/06\/treinamentosn-24x16.webp 24w, https:\/\/bernardesconsultoria.com\/wp-content\/uploads\/2024\/06\/treinamentosn-36x24.webp 36w, https:\/\/bernardesconsultoria.com\/wp-content\/uploads\/2024\/06\/treinamentosn-48x32.webp 48w, https:\/\/bernardesconsultoria.com\/wp-content\/uploads\/2024\/06\/treinamentosn.webp 1079w\" sizes=\"(max-width: 1024px) 100vw, 1024px\" \/>\t\t\t\t\t\t\t\t\t\t\t\t\t\t\t<\/div>\n\t\t\t\t<\/div>\n\t\t\t\t<\/div>\n\t\t<div class=\"elementor-element elementor-element-2c1b939 e-con-full e-flex e-con e-child\" data-id=\"2c1b939\" data-element_type=\"container\">\n\t\t\t\t<div class=\"elementor-element elementor-element-56faa99 elementor-widget elementor-widget-heading\" data-id=\"56faa99\" data-element_type=\"widget\" data-widget_type=\"heading.default\">\n\t\t\t\t<div class=\"elementor-widget-container\">\n\t\t\t\t\t<h2 class=\"elementor-heading-title elementor-size-default\">CONTROLADORIA JUR\u00cdDICA<\/h2>\t\t\t\t<\/div>\n\t\t\t\t<\/div>\n\t\t\t\t<div class=\"elementor-element elementor-element-6d72682 elementor-widget elementor-widget-text-editor\" data-id=\"6d72682\" data-element_type=\"widget\" data-widget_type=\"text-editor.default\">\n\t\t\t\t<div class=\"elementor-widget-container\">\n\t\t\t\t\t\t\t\t\t<p>A Controladoria Jur\u00eddica aprimora a efici\u00eancia e a precis\u00e3o dos processos legais, garantindo um controle rigoroso e resultados superiores. Invista na excel\u00eancia operacional!<\/p><p>A Controladoria Jur\u00eddica\/Qualidade Jur\u00eddica, tem por objetivo garantir a qualidade da produ\u00e7\u00e3o e jur\u00eddica e funciona como \u00f3rg\u00e3o de controle operacional da organiza\u00e7\u00e3o jur\u00eddica.<br \/>Nossa consultoria tem por objetivo a otimiza\u00e7\u00e3o dos procedimentos e fluxos de trabalho, por meio do mapeamento de todas as atividades realizadas pela equipe t\u00e9cnico jur\u00eddica e de apoio legal, com sugest\u00f5es de melhorias, garantindo a efici\u00eancia e a efic\u00e1cia do departamento.<br \/>Alinhando conhecimento jur\u00eddico-processual com ferramentas de qualidade, aplicadas, originalmente \u00e0 ind\u00fastria, a consultoria em Gest\u00e3o da Qualidade Jur\u00eddica (Controladoria) visa a redu\u00e7\u00e3o do desperd\u00edcio na \u00e1rea de servi\u00e7os jur\u00eddicos, sejam eles, desperd\u00edcios de talento, de trabalho, estoque, processamento.<\/p>\t\t\t\t\t\t\t\t<\/div>\n\t\t\t\t<\/div>\n\t\t\t\t<\/div>\n\t\t\t\t\t<\/div>\n\t\t\t\t<\/div>\n\t\t\t\t<\/div>","protected":false},"excerpt":{"rendered":"<p>CONTROLADORIA JUR\u00cdDICA A Controladoria Jur\u00eddica aprimora a efici\u00eancia e a precis\u00e3o dos processos legais, garantindo um controle rigoroso e resultados superiores. Invista na excel\u00eancia operacional! A Controladoria Jur\u00eddica\/Qualidade Jur\u00eddica, tem por objetivo garantir a qualidade da produ\u00e7\u00e3o e jur\u00eddica e funciona como \u00f3rg\u00e3o de controle operacional da organiza\u00e7\u00e3o jur\u00eddica.Nossa consultoria tem por objetivo a otimiza\u00e7\u00e3o&hellip;<\/p>","protected":false},"author":2,"featured_media":2158,"parent":1483,"menu_order":5,"comment_status":"closed","ping_status":"closed","template":"elementor_header_footer","meta":{"footnotes":""},"class_list":["post-3782","page","type-page","status-publish","has-post-thumbnail","hentry"],"yoast_head":"<!-- This site is optimized with the Yoast SEO plugin v24.8.1 - https:\/\/yoast.com\/wordpress\/plugins\/seo\/ -->\n<title>Controladoria Jur\u00eddica - Bernardes Consultoria<\/title>\n<meta name=\"robots\" content=\"index, follow, max-snippet:-1, max-image-preview:large, max-video-preview:-1\" \/>\n<link rel=\"canonical\" href=\"https:\/\/bernardesconsultoria.com\/pt_pt\/expertise\/controladoria-juridica\/\" \/>\n<meta property=\"og:locale\" content=\"pt_PT\" \/>\n<meta property=\"og:type\" content=\"article\" \/>\n<meta property=\"og:title\" content=\"Controladoria Jur\u00eddica - Bernardes Consultoria\" \/>\n<meta property=\"og:description\" content=\"CONTROLADORIA JUR\u00cdDICA A Controladoria Jur\u00eddica aprimora a efici\u00eancia e a precis\u00e3o dos processos legais, garantindo um controle rigoroso e resultados superiores. Invista na excel\u00eancia operacional! A Controladoria Jur\u00eddica\/Qualidade Jur\u00eddica, tem por objetivo garantir a qualidade da produ\u00e7\u00e3o e jur\u00eddica e funciona como \u00f3rg\u00e3o de controle operacional da organiza\u00e7\u00e3o jur\u00eddica.Nossa consultoria tem por objetivo a otimiza\u00e7\u00e3o&hellip;\" \/>\n<meta property=\"og:url\" content=\"https:\/\/bernardesconsultoria.com\/pt_pt\/expertise\/controladoria-juridica\/\" \/>\n<meta property=\"og:site_name\" content=\"Bernardes Consultoria\" \/>\n<meta property=\"article:modified_time\" content=\"2024-07-03T12:26:25+00:00\" \/>\n<meta property=\"og:image\" content=\"https:\/\/bernardesconsultoria.com\/wp-content\/uploads\/2019\/11\/top-view-photo-of-people-near-wooden-table-3183150.jpg\" \/>\n\t<meta property=\"og:image:width\" content=\"1200\" \/>\n\t<meta property=\"og:image:height\" content=\"600\" \/>\n\t<meta property=\"og:image:type\" content=\"image\/jpeg\" \/>\n<meta name=\"twitter:card\" content=\"summary_large_image\" \/>\n<meta name=\"twitter:label1\" content=\"Tempo estimado de leitura\" \/>\n\t<meta name=\"twitter:data1\" content=\"1 minuto\" \/>\n<script type=\"application\/ld+json\" class=\"yoast-schema-graph\">{\"@context\":\"https:\/\/schema.org\",\"@graph\":[{\"@type\":\"WebPage\",\"@id\":\"https:\/\/bernardesconsultoria.com\/expertise\/controladoria-juridica\/\",\"url\":\"https:\/\/bernardesconsultoria.com\/expertise\/controladoria-juridica\/\",\"name\":\"Controladoria Jur\u00eddica - Bernardes Consultoria\",\"isPartOf\":{\"@id\":\"https:\/\/www.bernardesconsultoria.com\/#website\"},\"primaryImageOfPage\":{\"@id\":\"https:\/\/bernardesconsultoria.com\/expertise\/controladoria-juridica\/#primaryimage\"},\"image\":{\"@id\":\"https:\/\/bernardesconsultoria.com\/expertise\/controladoria-juridica\/#primaryimage\"},\"thumbnailUrl\":\"https:\/\/bernardesconsultoria.com\/wp-content\/uploads\/2019\/11\/top-view-photo-of-people-near-wooden-table-3183150.jpg\",\"datePublished\":\"2024-05-30T10:00:16+00:00\",\"dateModified\":\"2024-07-03T12:26:25+00:00\",\"breadcrumb\":{\"@id\":\"https:\/\/bernardesconsultoria.com\/expertise\/controladoria-juridica\/#breadcrumb\"},\"inLanguage\":\"pt-PT\",\"potentialAction\":[{\"@type\":\"ReadAction\",\"target\":[\"https:\/\/bernardesconsultoria.com\/expertise\/controladoria-juridica\/\"]}]},{\"@type\":\"ImageObject\",\"inLanguage\":\"pt-PT\",\"@id\":\"https:\/\/bernardesconsultoria.com\/expertise\/controladoria-juridica\/#primaryimage\",\"url\":\"https:\/\/bernardesconsultoria.com\/wp-content\/uploads\/2019\/11\/top-view-photo-of-people-near-wooden-table-3183150.jpg\",\"contentUrl\":\"https:\/\/bernardesconsultoria.com\/wp-content\/uploads\/2019\/11\/top-view-photo-of-people-near-wooden-table-3183150.jpg\",\"width\":1200,\"height\":600},{\"@type\":\"BreadcrumbList\",\"@id\":\"https:\/\/bernardesconsultoria.com\/expertise\/controladoria-juridica\/#breadcrumb\",\"itemListElement\":[{\"@type\":\"ListItem\",\"position\":1,\"name\":\"In\u00edcio\",\"item\":\"https:\/\/bernardesconsultoria.com\/\"},{\"@type\":\"ListItem\",\"position\":2,\"name\":\"Expertise\",\"item\":\"https:\/\/bernardesconsultoria.com\/pt_pt\/expertise\/\"},{\"@type\":\"ListItem\",\"position\":3,\"name\":\"Controladoria Jur\u00eddica\"}]},{\"@type\":\"WebSite\",\"@id\":\"https:\/\/www.bernardesconsultoria.com\/#website\",\"url\":\"https:\/\/www.bernardesconsultoria.com\/\",\"name\":\"Bernardes Consultoria\",\"description\":\"\",\"publisher\":{\"@id\":\"https:\/\/www.bernardesconsultoria.com\/#organization\"},\"potentialAction\":[{\"@type\":\"SearchAction\",\"target\":{\"@type\":\"EntryPoint\",\"urlTemplate\":\"https:\/\/www.bernardesconsultoria.com\/?s={search_term_string}\"},\"query-input\":{\"@type\":\"PropertyValueSpecification\",\"valueRequired\":true,\"valueName\":\"search_term_string\"}}],\"inLanguage\":\"pt-PT\"},{\"@type\":\"Organization\",\"@id\":\"https:\/\/www.bernardesconsultoria.com\/#organization\",\"name\":\"Bernardes Consultoria\",\"url\":\"https:\/\/www.bernardesconsultoria.com\/\",\"logo\":{\"@type\":\"ImageObject\",\"inLanguage\":\"pt-PT\",\"@id\":\"https:\/\/www.bernardesconsultoria.com\/#\/schema\/logo\/image\/\",\"url\":\"\",\"contentUrl\":\"\",\"caption\":\"Bernardes Consultoria\"},\"image\":{\"@id\":\"https:\/\/www.bernardesconsultoria.com\/#\/schema\/logo\/image\/\"}}]}<\/script>\n<!-- \/ Yoast SEO plugin. -->","yoast_head_json":{"title":"Controladoria Jur\u00eddica - Bernardes Consultoria","robots":{"index":"index","follow":"follow","max-snippet":"max-snippet:-1","max-image-preview":"max-image-preview:large","max-video-preview":"max-video-preview:-1"},"canonical":"https:\/\/bernardesconsultoria.com\/pt_pt\/expertise\/controladoria-juridica\/","og_locale":"pt_PT","og_type":"article","og_title":"Controladoria Jur\u00eddica - Bernardes Consultoria","og_description":"CONTROLADORIA JUR\u00cdDICA A Controladoria Jur\u00eddica aprimora a efici\u00eancia e a precis\u00e3o dos processos legais, garantindo um controle rigoroso e resultados superiores. Invista na excel\u00eancia operacional! A Controladoria Jur\u00eddica\/Qualidade Jur\u00eddica, tem por objetivo garantir a qualidade da produ\u00e7\u00e3o e jur\u00eddica e funciona como \u00f3rg\u00e3o de controle operacional da organiza\u00e7\u00e3o jur\u00eddica.Nossa consultoria tem por objetivo a otimiza\u00e7\u00e3o&hellip;","og_url":"https:\/\/bernardesconsultoria.com\/pt_pt\/expertise\/controladoria-juridica\/","og_site_name":"Bernardes Consultoria","article_modified_time":"2024-07-03T12:26:25+00:00","og_image":[{"width":1200,"height":600,"url":"https:\/\/bernardesconsultoria.com\/wp-content\/uploads\/2019\/11\/top-view-photo-of-people-near-wooden-table-3183150.jpg","type":"image\/jpeg"}],"twitter_card":"summary_large_image","twitter_misc":{"Tempo estimado de leitura":"1 minuto"},"schema":{"@context":"https:\/\/schema.org","@graph":[{"@type":"WebPage","@id":"https:\/\/bernardesconsultoria.com\/expertise\/controladoria-juridica\/","url":"https:\/\/bernardesconsultoria.com\/expertise\/controladoria-juridica\/","name":"Controladoria Jur\u00eddica - Bernardes Consultoria","isPartOf":{"@id":"https:\/\/www.bernardesconsultoria.com\/#website"},"primaryImageOfPage":{"@id":"https:\/\/bernardesconsultoria.com\/expertise\/controladoria-juridica\/#primaryimage"},"image":{"@id":"https:\/\/bernardesconsultoria.com\/expertise\/controladoria-juridica\/#primaryimage"},"thumbnailUrl":"https:\/\/bernardesconsultoria.com\/wp-content\/uploads\/2019\/11\/top-view-photo-of-people-near-wooden-table-3183150.jpg","datePublished":"2024-05-30T10:00:16+00:00","dateModified":"2024-07-03T12:26:25+00:00","breadcrumb":{"@id":"https:\/\/bernardesconsultoria.com\/expertise\/controladoria-juridica\/#breadcrumb"},"inLanguage":"pt-PT","potentialAction":[{"@type":"ReadAction","target":["https:\/\/bernardesconsultoria.com\/expertise\/controladoria-juridica\/"]}]},{"@type":"ImageObject","inLanguage":"pt-PT","@id":"https:\/\/bernardesconsultoria.com\/expertise\/controladoria-juridica\/#primaryimage","url":"https:\/\/bernardesconsultoria.com\/wp-content\/uploads\/2019\/11\/top-view-photo-of-people-near-wooden-table-3183150.jpg","contentUrl":"https:\/\/bernardesconsultoria.com\/wp-content\/uploads\/2019\/11\/top-view-photo-of-people-near-wooden-table-3183150.jpg","width":1200,"height":600},{"@type":"BreadcrumbList","@id":"https:\/\/bernardesconsultoria.com\/expertise\/controladoria-juridica\/#breadcrumb","itemListElement":[{"@type":"ListItem","position":1,"name":"In\u00edcio","item":"https:\/\/bernardesconsultoria.com\/"},{"@type":"ListItem","position":2,"name":"Expertise","item":"https:\/\/bernardesconsultoria.com\/pt_pt\/expertise\/"},{"@type":"ListItem","position":3,"name":"Controladoria Jur\u00eddica"}]},{"@type":"WebSite","@id":"https:\/\/www.bernardesconsultoria.com\/#website","url":"https:\/\/www.bernardesconsultoria.com\/","name":"Bernardes Consultoria","description":"","publisher":{"@id":"https:\/\/www.bernardesconsultoria.com\/#organization"},"potentialAction":[{"@type":"SearchAction","target":{"@type":"EntryPoint","urlTemplate":"https:\/\/www.bernardesconsultoria.com\/?s={search_term_string}"},"query-input":{"@type":"PropertyValueSpecification","valueRequired":true,"valueName":"search_term_string"}}],"inLanguage":"pt-PT"},{"@type":"Organization","@id":"https:\/\/www.bernardesconsultoria.com\/#organization","name":"Bernardes Consultoria","url":"https:\/\/www.bernardesconsultoria.com\/","logo":{"@type":"ImageObject","inLanguage":"pt-PT","@id":"https:\/\/www.bernardesconsultoria.com\/#\/schema\/logo\/image\/","url":"","contentUrl":"","caption":"Bernardes Consultoria"},"image":{"@id":"https:\/\/www.bernardesconsultoria.com\/#\/schema\/logo\/image\/"}}]}},"_links":{"self":[{"href":"https:\/\/bernardesconsultoria.com\/pt_pt\/wp-json\/wp\/v2\/pages\/3782","targetHints":{"allow":["GET"]}}],"collection":[{"href":"https:\/\/bernardesconsultoria.com\/pt_pt\/wp-json\/wp\/v2\/pages"}],"about":[{"href":"https:\/\/bernardesconsultoria.com\/pt_pt\/wp-json\/wp\/v2\/types\/page"}],"author":[{"embeddable":true,"href":"https:\/\/bernardesconsultoria.com\/pt_pt\/wp-json\/wp\/v2\/users\/2"}],"replies":[{"embeddable":true,"href":"https:\/\/bernardesconsultoria.com\/pt_pt\/wp-json\/wp\/v2\/comments?post=3782"}],"version-history":[{"count":11,"href":"https:\/\/bernardesconsultoria.com\/pt_pt\/wp-json\/wp\/v2\/pages\/3782\/revisions"}],"predecessor-version":[{"id":56285,"href":"https:\/\/bernardesconsultoria.com\/pt_pt\/wp-json\/wp\/v2\/pages\/3782\/revisions\/56285"}],"up":[{"embeddable":true,"href":"https:\/\/bernardesconsultoria.com\/pt_pt\/wp-json\/wp\/v2\/pages\/1483"}],"wp:featuredmedia":[{"embeddable":true,"href":"https:\/\/bernardesconsultoria.com\/pt_pt\/wp-json\/wp\/v2\/media\/2158"}],"wp:attachment":[{"href":"https:\/\/bernardesconsultoria.com\/pt_pt\/wp-json\/wp\/v2\/media?parent=3782"}],"curies":[{"name":"wp","href":"https:\/\/api.w.org\/{rel}","templated":true}]}}