{"id":3786,"date":"2024-05-30T10:08:46","date_gmt":"2024-05-30T10:08:46","guid":{"rendered":"http:\/\/bernardesconsultoria.com\/novosite\/?page_id=3786"},"modified":"2024-07-03T12:29:25","modified_gmt":"2024-07-03T12:29:25","slug":"legal-operations","status":"publish","type":"page","link":"https:\/\/bernardesconsultoria.com\/pt_pt\/expertise\/legal-operations\/","title":{"rendered":"Legal Operations"},"content":{"rendered":"<div data-elementor-type=\"wp-page\" data-elementor-id=\"3786\" class=\"elementor elementor-3786\" data-elementor-post-type=\"page\">\n\t\t\t\t<div class=\"elementor-element elementor-element-3e23e0d e-flex e-con-boxed e-con e-parent\" data-id=\"3e23e0d\" data-element_type=\"container\">\n\t\t\t\t\t<div class=\"e-con-inner\">\n\t\t<div class=\"elementor-element elementor-element-8ca7ced e-con-full e-flex e-con e-child\" data-id=\"8ca7ced\" data-element_type=\"container\">\n\t\t\t\t<div class=\"elementor-element elementor-element-0eb4817 elementor-widget elementor-widget-image\" data-id=\"0eb4817\" data-element_type=\"widget\" data-widget_type=\"image.default\">\n\t\t\t\t<div class=\"elementor-widget-container\">\n\t\t\t\t\t\t\t\t\t\t\t\t\t\t\t<img fetchpriority=\"high\" decoding=\"async\" width=\"1024\" height=\"683\" src=\"https:\/\/bernardesconsultoria.com\/wp-content\/uploads\/revslider\/the7-hero-scene-law\/bg-law-section-151-1024x683.jpg\" class=\"attachment-large size-large wp-image-1556\" alt=\"\" srcset=\"https:\/\/bernardesconsultoria.com\/wp-content\/uploads\/revslider\/the7-hero-scene-law\/bg-law-section-151-1024x683.jpg 1024w, https:\/\/bernardesconsultoria.com\/wp-content\/uploads\/revslider\/the7-hero-scene-law\/bg-law-section-151-300x200.jpg 300w, https:\/\/bernardesconsultoria.com\/wp-content\/uploads\/revslider\/the7-hero-scene-law\/bg-law-section-151-768x512.jpg 768w, https:\/\/bernardesconsultoria.com\/wp-content\/uploads\/revslider\/the7-hero-scene-law\/bg-law-section-151.jpg 1500w\" sizes=\"(max-width: 1024px) 100vw, 1024px\" \/>\t\t\t\t\t\t\t\t\t\t\t\t\t\t\t<\/div>\n\t\t\t\t<\/div>\n\t\t\t\t<div class=\"elementor-element elementor-element-4e923e5 elementor-hidden-mobile elementor-widget elementor-widget-image\" data-id=\"4e923e5\" data-element_type=\"widget\" data-widget_type=\"image.default\">\n\t\t\t\t<div class=\"elementor-widget-container\">\n\t\t\t\t\t\t\t\t\t\t\t\t\t\t\t<img decoding=\"async\" width=\"780\" height=\"400\" src=\"https:\/\/bernardesconsultoria.com\/wp-content\/uploads\/2024\/05\/img-consultoria-pessoas.jpg\" class=\"attachment-large size-large wp-image-1587\" alt=\"\" srcset=\"https:\/\/bernardesconsultoria.com\/wp-content\/uploads\/2024\/05\/img-consultoria-pessoas.jpg 780w, https:\/\/bernardesconsultoria.com\/wp-content\/uploads\/2024\/05\/img-consultoria-pessoas-300x154.jpg 300w, https:\/\/bernardesconsultoria.com\/wp-content\/uploads\/2024\/05\/img-consultoria-pessoas-768x394.jpg 768w\" sizes=\"(max-width: 780px) 100vw, 780px\" \/>\t\t\t\t\t\t\t\t\t\t\t\t\t\t\t<\/div>\n\t\t\t\t<\/div>\n\t\t\t\t<\/div>\n\t\t<div class=\"elementor-element elementor-element-8082d20 e-con-full e-flex e-con e-child\" data-id=\"8082d20\" data-element_type=\"container\">\n\t\t\t\t<div class=\"elementor-element elementor-element-1dbff52 elementor-widget elementor-widget-heading\" data-id=\"1dbff52\" data-element_type=\"widget\" data-widget_type=\"heading.default\">\n\t\t\t\t<div class=\"elementor-widget-container\">\n\t\t\t\t\t<h2 class=\"elementor-heading-title elementor-size-default\">LEGAL OPERATIONS<\/h2>\t\t\t\t<\/div>\n\t\t\t\t<\/div>\n\t\t\t\t<div class=\"elementor-element elementor-element-8999c42 elementor-widget elementor-widget-text-editor\" data-id=\"8999c42\" data-element_type=\"widget\" data-widget_type=\"text-editor.default\">\n\t\t\t\t<div class=\"elementor-widget-container\">\n\t\t\t\t\t\t\t\t\t<p><span style=\"color: #7a7a7a; font-size: 15px;\">Consultoria em Legal Operations \u2013 Legal Ops<\/span><br style=\"color: #7a7a7a; font-size: 15px;\" \/><span style=\"color: #7a7a7a; font-size: 15px;\">O Legal Operations \u00e9 o modelo de gest\u00e3o jur\u00eddica que visa sincronizar todos os pilares da gest\u00e3o para que caminhem com o mesmo objetivo. Ele \u00e9 respons\u00e1vel n\u00e3o somente por fornecer, mas tamb\u00e9m gerenciar o alcance dos objetivos estrat\u00e9gicos. Portanto, diferente dos outros modelos, a atua\u00e7\u00e3o do Legal Ops \u00e9 intensivamente estrat\u00e9gica.<\/span><br style=\"color: #7a7a7a; font-size: 15px;\" \/><span style=\"color: #7a7a7a; font-size: 15px;\">O Legal Operations \u00e9 um modelo de gest\u00e3o baseado no trip\u00e9: pessoas, processos e tecnologia. Tem por objetivo segregar e agregar as atividades n\u00e3o t\u00e9cnicas dos departamentos e escrit\u00f3rios jur\u00eddicos.<\/span><br style=\"color: #7a7a7a; font-size: 15px;\" \/><span style=\"color: #7a7a7a; font-size: 15px;\">Logo, \u00e9 respons\u00e1vel pelos fluxos de trabalhos, procedimentos internos, gest\u00e3o financeira, da informa\u00e7\u00e3o, tecnologia, clima organizacional entre outras atribui\u00e7\u00f5es. Ele atua como um Bussiness Partner dos escrit\u00f3rios e departamentos jur\u00eddicos e \u00e9 pautado por doze compet\u00eancias s\u00e3o elas:<\/span><br style=\"color: #7a7a7a; font-size: 15px;\" \/><span style=\"color: #7a7a7a; font-size: 15px;\">1. Intelig\u00eancia de neg\u00f3cio<\/span><br style=\"color: #7a7a7a; font-size: 15px;\" \/><span style=\"color: #7a7a7a; font-size: 15px;\">2. Gest\u00e3o financeira<\/span><br style=\"color: #7a7a7a; font-size: 15px;\" \/><span style=\"color: #7a7a7a; font-size: 15px;\">3. Gerenciamento de empresas e fornecedores<\/span><br style=\"color: #7a7a7a; font-size: 15px;\" \/><span style=\"color: #7a7a7a; font-size: 15px;\">4. Governan\u00e7a da informa\u00e7\u00e3o<\/span><br style=\"color: #7a7a7a; font-size: 15px;\" \/><span style=\"color: #7a7a7a; font-size: 15px;\">5. Gest\u00e3o do conhecimento<\/span><br style=\"color: #7a7a7a; font-size: 15px;\" \/><span style=\"color: #7a7a7a; font-size: 15px;\">6. Otimiza\u00e7\u00e3o e integridade da organiza\u00e7\u00e3o<\/span><br style=\"color: #7a7a7a; font-size: 15px;\" \/><span style=\"color: #7a7a7a; font-size: 15px;\">7. Opera\u00e7\u00f5es pr\u00e1ticas<\/span><br style=\"color: #7a7a7a; font-size: 15px;\" \/><span style=\"color: #7a7a7a; font-size: 15px;\">8. Gest\u00e3o de projetos<\/span><br style=\"color: #7a7a7a; font-size: 15px;\" \/><span style=\"color: #7a7a7a; font-size: 15px;\">9. Modelos de presta\u00e7\u00e3o de servi\u00e7os<\/span><br style=\"color: #7a7a7a; font-size: 15px;\" \/><span style=\"color: #7a7a7a; font-size: 15px;\">10. Planejamento estrat\u00e9gico<\/span><br style=\"color: #7a7a7a; font-size: 15px;\" \/><span style=\"color: #7a7a7a; font-size: 15px;\">11. Tecnologia<\/span><br style=\"color: #7a7a7a; font-size: 15px;\" \/><span style=\"color: #7a7a7a; font-size: 15px;\">12. Treinamento e Desenvolvimento<\/span><\/p>\t\t\t\t\t\t\t\t<\/div>\n\t\t\t\t<\/div>\n\t\t\t\t<\/div>\n\t\t\t\t\t<\/div>\n\t\t\t\t<\/div>\n\t\t\t\t<\/div>","protected":false},"excerpt":{"rendered":"<p>LEGAL OPERATIONS Consultoria em Legal Operations \u2013 Legal OpsO Legal Operations \u00e9 o modelo de gest\u00e3o jur\u00eddica que visa sincronizar todos os pilares da gest\u00e3o para que caminhem com o mesmo objetivo. Ele \u00e9 respons\u00e1vel n\u00e3o somente por fornecer, mas tamb\u00e9m gerenciar o alcance dos objetivos estrat\u00e9gicos. Portanto, diferente dos outros modelos, a atua\u00e7\u00e3o do&hellip;<\/p>","protected":false},"author":2,"featured_media":2158,"parent":1483,"menu_order":5,"comment_status":"closed","ping_status":"closed","template":"","meta":{"footnotes":""},"class_list":["post-3786","page","type-page","status-publish","has-post-thumbnail","hentry"],"yoast_head":"<!-- This site is optimized with the Yoast SEO plugin v24.8.1 - https:\/\/yoast.com\/wordpress\/plugins\/seo\/ -->\n<title>Legal Operations - Bernardes Consultoria<\/title>\n<meta name=\"robots\" content=\"index, follow, max-snippet:-1, max-image-preview:large, max-video-preview:-1\" \/>\n<link rel=\"canonical\" href=\"https:\/\/bernardesconsultoria.com\/pt_pt\/expertise\/legal-operations\/\" \/>\n<meta property=\"og:locale\" content=\"pt_PT\" \/>\n<meta property=\"og:type\" content=\"article\" \/>\n<meta property=\"og:title\" content=\"Legal Operations - Bernardes Consultoria\" \/>\n<meta property=\"og:description\" content=\"LEGAL OPERATIONS Consultoria em Legal Operations \u2013 Legal OpsO Legal Operations \u00e9 o modelo de gest\u00e3o jur\u00eddica que visa sincronizar todos os pilares da gest\u00e3o para que caminhem com o mesmo objetivo. Ele \u00e9 respons\u00e1vel n\u00e3o somente por fornecer, mas tamb\u00e9m gerenciar o alcance dos objetivos estrat\u00e9gicos. Portanto, diferente dos outros modelos, a atua\u00e7\u00e3o do&hellip;\" \/>\n<meta property=\"og:url\" content=\"https:\/\/bernardesconsultoria.com\/pt_pt\/expertise\/legal-operations\/\" \/>\n<meta property=\"og:site_name\" content=\"Bernardes Consultoria\" \/>\n<meta property=\"article:modified_time\" content=\"2024-07-03T12:29:25+00:00\" \/>\n<meta property=\"og:image\" content=\"https:\/\/bernardesconsultoria.com\/wp-content\/uploads\/2019\/11\/top-view-photo-of-people-near-wooden-table-3183150.jpg\" \/>\n\t<meta property=\"og:image:width\" content=\"1200\" \/>\n\t<meta property=\"og:image:height\" content=\"600\" \/>\n\t<meta property=\"og:image:type\" content=\"image\/jpeg\" \/>\n<meta name=\"twitter:card\" content=\"summary_large_image\" \/>\n<meta name=\"twitter:label1\" content=\"Tempo estimado de leitura\" \/>\n\t<meta name=\"twitter:data1\" content=\"1 minuto\" \/>\n<script type=\"application\/ld+json\" class=\"yoast-schema-graph\">{\"@context\":\"https:\/\/schema.org\",\"@graph\":[{\"@type\":\"WebPage\",\"@id\":\"https:\/\/bernardesconsultoria.com\/pt_pt\/expertise\/legal-operations\/\",\"url\":\"https:\/\/bernardesconsultoria.com\/pt_pt\/expertise\/legal-operations\/\",\"name\":\"Legal Operations - Bernardes Consultoria\",\"isPartOf\":{\"@id\":\"https:\/\/www.bernardesconsultoria.com\/#website\"},\"primaryImageOfPage\":{\"@id\":\"https:\/\/bernardesconsultoria.com\/pt_pt\/expertise\/legal-operations\/#primaryimage\"},\"image\":{\"@id\":\"https:\/\/bernardesconsultoria.com\/pt_pt\/expertise\/legal-operations\/#primaryimage\"},\"thumbnailUrl\":\"https:\/\/bernardesconsultoria.com\/wp-content\/uploads\/2019\/11\/top-view-photo-of-people-near-wooden-table-3183150.jpg\",\"datePublished\":\"2024-05-30T10:08:46+00:00\",\"dateModified\":\"2024-07-03T12:29:25+00:00\",\"breadcrumb\":{\"@id\":\"https:\/\/bernardesconsultoria.com\/pt_pt\/expertise\/legal-operations\/#breadcrumb\"},\"inLanguage\":\"pt-PT\",\"potentialAction\":[{\"@type\":\"ReadAction\",\"target\":[\"https:\/\/bernardesconsultoria.com\/pt_pt\/expertise\/legal-operations\/\"]}]},{\"@type\":\"ImageObject\",\"inLanguage\":\"pt-PT\",\"@id\":\"https:\/\/bernardesconsultoria.com\/pt_pt\/expertise\/legal-operations\/#primaryimage\",\"url\":\"https:\/\/bernardesconsultoria.com\/wp-content\/uploads\/2019\/11\/top-view-photo-of-people-near-wooden-table-3183150.jpg\",\"contentUrl\":\"https:\/\/bernardesconsultoria.com\/wp-content\/uploads\/2019\/11\/top-view-photo-of-people-near-wooden-table-3183150.jpg\",\"width\":1200,\"height\":600},{\"@type\":\"BreadcrumbList\",\"@id\":\"https:\/\/bernardesconsultoria.com\/pt_pt\/expertise\/legal-operations\/#breadcrumb\",\"itemListElement\":[{\"@type\":\"ListItem\",\"position\":1,\"name\":\"In\u00edcio\",\"item\":\"https:\/\/bernardesconsultoria.com\/\"},{\"@type\":\"ListItem\",\"position\":2,\"name\":\"Expertise\",\"item\":\"https:\/\/bernardesconsultoria.com\/pt_pt\/expertise\/\"},{\"@type\":\"ListItem\",\"position\":3,\"name\":\"Legal Operations\"}]},{\"@type\":\"WebSite\",\"@id\":\"https:\/\/www.bernardesconsultoria.com\/#website\",\"url\":\"https:\/\/www.bernardesconsultoria.com\/\",\"name\":\"Bernardes Consultoria\",\"description\":\"\",\"publisher\":{\"@id\":\"https:\/\/www.bernardesconsultoria.com\/#organization\"},\"potentialAction\":[{\"@type\":\"SearchAction\",\"target\":{\"@type\":\"EntryPoint\",\"urlTemplate\":\"https:\/\/www.bernardesconsultoria.com\/?s={search_term_string}\"},\"query-input\":{\"@type\":\"PropertyValueSpecification\",\"valueRequired\":true,\"valueName\":\"search_term_string\"}}],\"inLanguage\":\"pt-PT\"},{\"@type\":\"Organization\",\"@id\":\"https:\/\/www.bernardesconsultoria.com\/#organization\",\"name\":\"Bernardes Consultoria\",\"url\":\"https:\/\/www.bernardesconsultoria.com\/\",\"logo\":{\"@type\":\"ImageObject\",\"inLanguage\":\"pt-PT\",\"@id\":\"https:\/\/www.bernardesconsultoria.com\/#\/schema\/logo\/image\/\",\"url\":\"\",\"contentUrl\":\"\",\"caption\":\"Bernardes Consultoria\"},\"image\":{\"@id\":\"https:\/\/www.bernardesconsultoria.com\/#\/schema\/logo\/image\/\"}}]}<\/script>\n<!-- \/ Yoast SEO plugin. -->","yoast_head_json":{"title":"Legal Operations - Bernardes Consultoria","robots":{"index":"index","follow":"follow","max-snippet":"max-snippet:-1","max-image-preview":"max-image-preview:large","max-video-preview":"max-video-preview:-1"},"canonical":"https:\/\/bernardesconsultoria.com\/pt_pt\/expertise\/legal-operations\/","og_locale":"pt_PT","og_type":"article","og_title":"Legal Operations - Bernardes Consultoria","og_description":"LEGAL OPERATIONS Consultoria em Legal Operations \u2013 Legal OpsO Legal Operations \u00e9 o modelo de gest\u00e3o jur\u00eddica que visa sincronizar todos os pilares da gest\u00e3o para que caminhem com o mesmo objetivo. Ele \u00e9 respons\u00e1vel n\u00e3o somente por fornecer, mas tamb\u00e9m gerenciar o alcance dos objetivos estrat\u00e9gicos. Portanto, diferente dos outros modelos, a atua\u00e7\u00e3o do&hellip;","og_url":"https:\/\/bernardesconsultoria.com\/pt_pt\/expertise\/legal-operations\/","og_site_name":"Bernardes Consultoria","article_modified_time":"2024-07-03T12:29:25+00:00","og_image":[{"width":1200,"height":600,"url":"https:\/\/bernardesconsultoria.com\/wp-content\/uploads\/2019\/11\/top-view-photo-of-people-near-wooden-table-3183150.jpg","type":"image\/jpeg"}],"twitter_card":"summary_large_image","twitter_misc":{"Tempo estimado de leitura":"1 minuto"},"schema":{"@context":"https:\/\/schema.org","@graph":[{"@type":"WebPage","@id":"https:\/\/bernardesconsultoria.com\/pt_pt\/expertise\/legal-operations\/","url":"https:\/\/bernardesconsultoria.com\/pt_pt\/expertise\/legal-operations\/","name":"Legal Operations - Bernardes Consultoria","isPartOf":{"@id":"https:\/\/www.bernardesconsultoria.com\/#website"},"primaryImageOfPage":{"@id":"https:\/\/bernardesconsultoria.com\/pt_pt\/expertise\/legal-operations\/#primaryimage"},"image":{"@id":"https:\/\/bernardesconsultoria.com\/pt_pt\/expertise\/legal-operations\/#primaryimage"},"thumbnailUrl":"https:\/\/bernardesconsultoria.com\/wp-content\/uploads\/2019\/11\/top-view-photo-of-people-near-wooden-table-3183150.jpg","datePublished":"2024-05-30T10:08:46+00:00","dateModified":"2024-07-03T12:29:25+00:00","breadcrumb":{"@id":"https:\/\/bernardesconsultoria.com\/pt_pt\/expertise\/legal-operations\/#breadcrumb"},"inLanguage":"pt-PT","potentialAction":[{"@type":"ReadAction","target":["https:\/\/bernardesconsultoria.com\/pt_pt\/expertise\/legal-operations\/"]}]},{"@type":"ImageObject","inLanguage":"pt-PT","@id":"https:\/\/bernardesconsultoria.com\/pt_pt\/expertise\/legal-operations\/#primaryimage","url":"https:\/\/bernardesconsultoria.com\/wp-content\/uploads\/2019\/11\/top-view-photo-of-people-near-wooden-table-3183150.jpg","contentUrl":"https:\/\/bernardesconsultoria.com\/wp-content\/uploads\/2019\/11\/top-view-photo-of-people-near-wooden-table-3183150.jpg","width":1200,"height":600},{"@type":"BreadcrumbList","@id":"https:\/\/bernardesconsultoria.com\/pt_pt\/expertise\/legal-operations\/#breadcrumb","itemListElement":[{"@type":"ListItem","position":1,"name":"In\u00edcio","item":"https:\/\/bernardesconsultoria.com\/"},{"@type":"ListItem","position":2,"name":"Expertise","item":"https:\/\/bernardesconsultoria.com\/pt_pt\/expertise\/"},{"@type":"ListItem","position":3,"name":"Legal Operations"}]},{"@type":"WebSite","@id":"https:\/\/www.bernardesconsultoria.com\/#website","url":"https:\/\/www.bernardesconsultoria.com\/","name":"Bernardes Consultoria","description":"","publisher":{"@id":"https:\/\/www.bernardesconsultoria.com\/#organization"},"potentialAction":[{"@type":"SearchAction","target":{"@type":"EntryPoint","urlTemplate":"https:\/\/www.bernardesconsultoria.com\/?s={search_term_string}"},"query-input":{"@type":"PropertyValueSpecification","valueRequired":true,"valueName":"search_term_string"}}],"inLanguage":"pt-PT"},{"@type":"Organization","@id":"https:\/\/www.bernardesconsultoria.com\/#organization","name":"Bernardes Consultoria","url":"https:\/\/www.bernardesconsultoria.com\/","logo":{"@type":"ImageObject","inLanguage":"pt-PT","@id":"https:\/\/www.bernardesconsultoria.com\/#\/schema\/logo\/image\/","url":"","contentUrl":"","caption":"Bernardes Consultoria"},"image":{"@id":"https:\/\/www.bernardesconsultoria.com\/#\/schema\/logo\/image\/"}}]}},"_links":{"self":[{"href":"https:\/\/bernardesconsultoria.com\/pt_pt\/wp-json\/wp\/v2\/pages\/3786","targetHints":{"allow":["GET"]}}],"collection":[{"href":"https:\/\/bernardesconsultoria.com\/pt_pt\/wp-json\/wp\/v2\/pages"}],"about":[{"href":"https:\/\/bernardesconsultoria.com\/pt_pt\/wp-json\/wp\/v2\/types\/page"}],"author":[{"embeddable":true,"href":"https:\/\/bernardesconsultoria.com\/pt_pt\/wp-json\/wp\/v2\/users\/2"}],"replies":[{"embeddable":true,"href":"https:\/\/bernardesconsultoria.com\/pt_pt\/wp-json\/wp\/v2\/comments?post=3786"}],"version-history":[{"count":17,"href":"https:\/\/bernardesconsultoria.com\/pt_pt\/wp-json\/wp\/v2\/pages\/3786\/revisions"}],"predecessor-version":[{"id":56294,"href":"https:\/\/bernardesconsultoria.com\/pt_pt\/wp-json\/wp\/v2\/pages\/3786\/revisions\/56294"}],"up":[{"embeddable":true,"href":"https:\/\/bernardesconsultoria.com\/pt_pt\/wp-json\/wp\/v2\/pages\/1483"}],"wp:featuredmedia":[{"embeddable":true,"href":"https:\/\/bernardesconsultoria.com\/pt_pt\/wp-json\/wp\/v2\/media\/2158"}],"wp:attachment":[{"href":"https:\/\/bernardesconsultoria.com\/pt_pt\/wp-json\/wp\/v2\/media?parent=3786"}],"curies":[{"name":"wp","href":"https:\/\/api.w.org\/{rel}","templated":true}]}}