{"id":3980,"date":"2024-06-12T20:56:55","date_gmt":"2024-06-12T20:56:55","guid":{"rendered":"http:\/\/bernardesconsultoria.com\/?page_id=3980"},"modified":"2024-07-03T13:58:43","modified_gmt":"2024-07-03T13:58:43","slug":"atuacoes","status":"publish","type":"page","link":"https:\/\/bernardesconsultoria.com\/pt_pt\/atuacoes\/","title":{"rendered":"Atua\u00e7\u00f5es"},"content":{"rendered":"<div data-elementor-type=\"wp-page\" data-elementor-id=\"3980\" class=\"elementor elementor-3980\" data-elementor-post-type=\"page\">\n\t\t\t\t<div class=\"elementor-element elementor-element-c2a4200 e-flex e-con-boxed e-con e-parent\" data-id=\"c2a4200\" data-element_type=\"container\">\n\t\t\t\t\t<div class=\"e-con-inner\">\n\t\t<div class=\"elementor-element elementor-element-67d77b8 e-con-full e-flex e-con e-child\" data-id=\"67d77b8\" data-element_type=\"container\">\n\t\t\t\t<div class=\"elementor-element elementor-element-1e7e0aa elementor-widget elementor-widget-image\" data-id=\"1e7e0aa\" data-element_type=\"widget\" data-widget_type=\"image.default\">\n\t\t\t\t<div class=\"elementor-widget-container\">\n\t\t\t\t\t\t\t\t\t\t\t\t\t\t\t<img fetchpriority=\"high\" decoding=\"async\" width=\"1024\" height=\"683\" src=\"https:\/\/bernardesconsultoria.com\/wp-content\/uploads\/2024\/06\/treinamentosn-1024x683.webp\" class=\"attachment-large size-large wp-image-55639\" alt=\"\" srcset=\"https:\/\/bernardesconsultoria.com\/wp-content\/uploads\/2024\/06\/treinamentosn-1024x683.webp 1024w, https:\/\/bernardesconsultoria.com\/wp-content\/uploads\/2024\/06\/treinamentosn-300x200.webp 300w, https:\/\/bernardesconsultoria.com\/wp-content\/uploads\/2024\/06\/treinamentosn-768x512.webp 768w, https:\/\/bernardesconsultoria.com\/wp-content\/uploads\/2024\/06\/treinamentosn-24x16.webp 24w, https:\/\/bernardesconsultoria.com\/wp-content\/uploads\/2024\/06\/treinamentosn-36x24.webp 36w, https:\/\/bernardesconsultoria.com\/wp-content\/uploads\/2024\/06\/treinamentosn-48x32.webp 48w, https:\/\/bernardesconsultoria.com\/wp-content\/uploads\/2024\/06\/treinamentosn.webp 1079w\" sizes=\"(max-width: 1024px) 100vw, 1024px\" \/>\t\t\t\t\t\t\t\t\t\t\t\t\t\t\t<\/div>\n\t\t\t\t<\/div>\n\t\t\t\t<\/div>\n\t\t<div class=\"elementor-element elementor-element-5a406c8 e-con-full e-flex e-con e-child\" data-id=\"5a406c8\" data-element_type=\"container\">\n\t\t\t\t<div class=\"elementor-element elementor-element-bbbabbf elementor-widget elementor-widget-heading\" data-id=\"bbbabbf\" data-element_type=\"widget\" data-widget_type=\"heading.default\">\n\t\t\t\t<div class=\"elementor-widget-container\">\n\t\t\t\t\t<h2 class=\"elementor-heading-title elementor-size-default\">Consultoria<\/h2>\t\t\t\t<\/div>\n\t\t\t\t<\/div>\n\t\t\t\t<div class=\"elementor-element elementor-element-b016d6a elementor-widget elementor-widget-text-editor\" data-id=\"b016d6a\" data-element_type=\"widget\" data-widget_type=\"text-editor.default\">\n\t\t\t\t<div class=\"elementor-widget-container\">\n\t\t\t\t\t\t\t\t\t<p>A Advocacia 5.0 est\u00e1 revolucionando o mercado jur\u00eddico brasileiro. Novas tecnologias e pr\u00e1ticas, como a digitaliza\u00e7\u00e3o de processos e a automa\u00e7\u00e3o de tarefas, est\u00e3o transformando a forma de advogar. A gest\u00e3o profissional tornou-se essencial para escrit\u00f3rios de todos os portes e especialidades.<\/p>\t\t\t\t\t\t\t\t<\/div>\n\t\t\t\t<\/div>\n\t\t\t\t<div class=\"elementor-element elementor-element-854f951 elementor-align-center elementor-widget elementor-widget-button\" data-id=\"854f951\" data-element_type=\"widget\" data-widget_type=\"button.default\">\n\t\t\t\t<div class=\"elementor-widget-container\">\n\t\t\t\t\t\t\t\t\t<div class=\"elementor-button-wrapper\">\n\t\t\t\t\t<a class=\"elementor-button elementor-button-link elementor-size-sm\" href=\"http:\/\/bernardesconsultoria.com\/pt_pt\/atuacoes\/consultoria\/\">\n\t\t\t\t\t\t<span class=\"elementor-button-content-wrapper\">\n\t\t\t\t\t\t\t\t\t<span class=\"elementor-button-text\">Saiba Mais<\/span>\n\t\t\t\t\t<\/span>\n\t\t\t\t\t<\/a>\n\t\t\t\t<\/div>\n\t\t\t\t\t\t\t\t<\/div>\n\t\t\t\t<\/div>\n\t\t\t\t<\/div>\n\t\t\t\t\t<\/div>\n\t\t\t\t<\/div>\n\t\t<div class=\"elementor-element elementor-element-63b8fcc e-flex e-con-boxed e-con e-parent\" data-id=\"63b8fcc\" data-element_type=\"container\">\n\t\t\t\t\t<div class=\"e-con-inner\">\n\t\t<div class=\"elementor-element elementor-element-37e173b e-con-full e-flex e-con e-child\" data-id=\"37e173b\" data-element_type=\"container\">\n\t\t\t\t<div class=\"elementor-element elementor-element-ca6c93d elementor-widget elementor-widget-image\" data-id=\"ca6c93d\" data-element_type=\"widget\" data-widget_type=\"image.default\">\n\t\t\t\t<div class=\"elementor-widget-container\">\n\t\t\t\t\t\t\t\t\t\t\t\t\t\t\t<img decoding=\"async\" width=\"620\" height=\"345\" src=\"https:\/\/bernardesconsultoria.com\/wp-content\/uploads\/2024\/06\/gettyimages-1398577959.webp\" class=\"attachment-large size-large wp-image-3983\" alt=\"\" srcset=\"https:\/\/bernardesconsultoria.com\/wp-content\/uploads\/2024\/06\/gettyimages-1398577959.webp 620w, https:\/\/bernardesconsultoria.com\/wp-content\/uploads\/2024\/06\/gettyimages-1398577959-300x167.webp 300w, https:\/\/bernardesconsultoria.com\/wp-content\/uploads\/2024\/06\/gettyimages-1398577959-320x178.webp 320w, https:\/\/bernardesconsultoria.com\/wp-content\/uploads\/2024\/06\/gettyimages-1398577959-480x267.webp 480w, https:\/\/bernardesconsultoria.com\/wp-content\/uploads\/2024\/06\/gettyimages-1398577959-24x13.webp 24w, https:\/\/bernardesconsultoria.com\/wp-content\/uploads\/2024\/06\/gettyimages-1398577959-36x20.webp 36w, https:\/\/bernardesconsultoria.com\/wp-content\/uploads\/2024\/06\/gettyimages-1398577959-48x27.webp 48w\" sizes=\"(max-width: 620px) 100vw, 620px\" \/>\t\t\t\t\t\t\t\t\t\t\t\t\t\t\t<\/div>\n\t\t\t\t<\/div>\n\t\t\t\t<\/div>\n\t\t<div class=\"elementor-element elementor-element-2cd58ef e-con-full e-flex e-con e-child\" data-id=\"2cd58ef\" data-element_type=\"container\">\n\t\t\t\t<div class=\"elementor-element elementor-element-c5966cb elementor-widget elementor-widget-heading\" data-id=\"c5966cb\" data-element_type=\"widget\" data-widget_type=\"heading.default\">\n\t\t\t\t<div class=\"elementor-widget-container\">\n\t\t\t\t\t<h2 class=\"elementor-heading-title elementor-size-default\">Mentoria<\/h2>\t\t\t\t<\/div>\n\t\t\t\t<\/div>\n\t\t\t\t<div class=\"elementor-element elementor-element-f601e0e elementor-widget elementor-widget-text-editor\" data-id=\"f601e0e\" data-element_type=\"widget\" data-widget_type=\"text-editor.default\">\n\t\t\t\t<div class=\"elementor-widget-container\">\n\t\t\t\t\t\t\t\t\t<p>A Transforma\u00e7\u00e3o Digital no mercado jur\u00eddico introduziu novos conceitos, m\u00e9todos e tecnologias, que evoluem continuamente. A press\u00e3o de empresas e do Judici\u00e1rio, ambos em digitaliza\u00e7\u00e3o acelerada, obriga os Advogados a se manterem atualizados com as inova\u00e7\u00f5es.<\/p>\t\t\t\t\t\t\t\t<\/div>\n\t\t\t\t<\/div>\n\t\t\t\t<div class=\"elementor-element elementor-element-131dd35 elementor-align-center elementor-widget elementor-widget-button\" data-id=\"131dd35\" data-element_type=\"widget\" data-widget_type=\"button.default\">\n\t\t\t\t<div class=\"elementor-widget-container\">\n\t\t\t\t\t\t\t\t\t<div class=\"elementor-button-wrapper\">\n\t\t\t\t\t<a class=\"elementor-button elementor-button-link elementor-size-sm\" href=\"http:\/\/bernardesconsultoria.com\/pt_pt\/atuacoes\/mentoria\/\">\n\t\t\t\t\t\t<span class=\"elementor-button-content-wrapper\">\n\t\t\t\t\t\t\t\t\t<span class=\"elementor-button-text\">Saiba Mais<\/span>\n\t\t\t\t\t<\/span>\n\t\t\t\t\t<\/a>\n\t\t\t\t<\/div>\n\t\t\t\t\t\t\t\t<\/div>\n\t\t\t\t<\/div>\n\t\t\t\t<\/div>\n\t\t\t\t\t<\/div>\n\t\t\t\t<\/div>\n\t\t<div class=\"elementor-element elementor-element-897c23a e-flex e-con-boxed e-con e-parent\" data-id=\"897c23a\" data-element_type=\"container\">\n\t\t\t\t\t<div class=\"e-con-inner\">\n\t\t<div class=\"elementor-element elementor-element-4417322 e-con-full e-flex e-con e-child\" data-id=\"4417322\" data-element_type=\"container\">\n\t\t\t\t<div class=\"elementor-element elementor-element-270979d elementor-widget elementor-widget-image\" data-id=\"270979d\" data-element_type=\"widget\" data-widget_type=\"image.default\">\n\t\t\t\t<div class=\"elementor-widget-container\">\n\t\t\t\t\t\t\t\t\t\t\t\t\t\t\t<img decoding=\"async\" width=\"1024\" height=\"683\" src=\"https:\/\/bernardesconsultoria.com\/wp-content\/uploads\/2024\/06\/palestra-auditorio-scaled-1-1024x683.jpg\" class=\"attachment-large size-large wp-image-55628\" alt=\"\" srcset=\"https:\/\/bernardesconsultoria.com\/wp-content\/uploads\/2024\/06\/palestra-auditorio-scaled-1-1024x683.jpg 1024w, https:\/\/bernardesconsultoria.com\/wp-content\/uploads\/2024\/06\/palestra-auditorio-scaled-1-300x200.jpg 300w, https:\/\/bernardesconsultoria.com\/wp-content\/uploads\/2024\/06\/palestra-auditorio-scaled-1-768x512.jpg 768w, https:\/\/bernardesconsultoria.com\/wp-content\/uploads\/2024\/06\/palestra-auditorio-scaled-1-1536x1024.jpg 1536w, https:\/\/bernardesconsultoria.com\/wp-content\/uploads\/2024\/06\/palestra-auditorio-scaled-1-2048x1366.jpg 2048w, https:\/\/bernardesconsultoria.com\/wp-content\/uploads\/2024\/06\/palestra-auditorio-scaled-1-24x16.jpg 24w, https:\/\/bernardesconsultoria.com\/wp-content\/uploads\/2024\/06\/palestra-auditorio-scaled-1-36x24.jpg 36w, https:\/\/bernardesconsultoria.com\/wp-content\/uploads\/2024\/06\/palestra-auditorio-scaled-1-48x32.jpg 48w\" sizes=\"(max-width: 1024px) 100vw, 1024px\" \/>\t\t\t\t\t\t\t\t\t\t\t\t\t\t\t<\/div>\n\t\t\t\t<\/div>\n\t\t\t\t<\/div>\n\t\t<div class=\"elementor-element elementor-element-c4ccd74 e-con-full e-flex e-con e-child\" data-id=\"c4ccd74\" data-element_type=\"container\">\n\t\t\t\t<div class=\"elementor-element elementor-element-c17a344 elementor-widget elementor-widget-heading\" data-id=\"c17a344\" data-element_type=\"widget\" data-widget_type=\"heading.default\">\n\t\t\t\t<div class=\"elementor-widget-container\">\n\t\t\t\t\t<h2 class=\"elementor-heading-title elementor-size-default\">Palestras<\/h2>\t\t\t\t<\/div>\n\t\t\t\t<\/div>\n\t\t\t\t<div class=\"elementor-element elementor-element-95a0592 elementor-widget elementor-widget-text-editor\" data-id=\"95a0592\" data-element_type=\"widget\" data-widget_type=\"text-editor.default\">\n\t\t\t\t<div class=\"elementor-widget-container\">\n\t\t\t\t\t\t\t\t\t<p>Oferecemos palestras e semin\u00e1rios, online e presenciais, sobre a Advocacia na Era Digital. O Direito 4.0 e a Transforma\u00e7\u00e3o Digital envolvem conceitos e tecnologias em constante evolu\u00e7\u00e3o, o que dificulta a atualiza\u00e7\u00e3o dos advogados. Portanto, considero essencial compartilhar meus conhecimentos para ajudar o mercado a utilizar melhor essas novas ferramentas e tecnologias.<\/p>\t\t\t\t\t\t\t\t<\/div>\n\t\t\t\t<\/div>\n\t\t\t\t<div class=\"elementor-element elementor-element-157d148 elementor-align-center elementor-widget elementor-widget-button\" data-id=\"157d148\" data-element_type=\"widget\" data-widget_type=\"button.default\">\n\t\t\t\t<div class=\"elementor-widget-container\">\n\t\t\t\t\t\t\t\t\t<div class=\"elementor-button-wrapper\">\n\t\t\t\t\t<a class=\"elementor-button elementor-button-link elementor-size-sm\" href=\"http:\/\/bernardesconsultoria.com\/pt_pt\/atuacoes\/palestras\/\">\n\t\t\t\t\t\t<span class=\"elementor-button-content-wrapper\">\n\t\t\t\t\t\t\t\t\t<span class=\"elementor-button-text\">Saiba Mais<\/span>\n\t\t\t\t\t<\/span>\n\t\t\t\t\t<\/a>\n\t\t\t\t<\/div>\n\t\t\t\t\t\t\t\t<\/div>\n\t\t\t\t<\/div>\n\t\t\t\t<\/div>\n\t\t\t\t\t<\/div>\n\t\t\t\t<\/div>\n\t\t<div class=\"elementor-element elementor-element-19ae25d e-flex e-con-boxed e-con e-parent\" data-id=\"19ae25d\" data-element_type=\"container\">\n\t\t\t\t\t<div class=\"e-con-inner\">\n\t\t<div class=\"elementor-element elementor-element-150e3bd e-con-full e-flex e-con e-child\" data-id=\"150e3bd\" data-element_type=\"container\">\n\t\t\t\t<div class=\"elementor-element elementor-element-4640649 elementor-widget elementor-widget-image\" data-id=\"4640649\" data-element_type=\"widget\" data-widget_type=\"image.default\">\n\t\t\t\t<div class=\"elementor-widget-container\">\n\t\t\t\t\t\t\t\t\t\t\t\t\t\t\t<img loading=\"lazy\" decoding=\"async\" width=\"750\" height=\"415\" src=\"https:\/\/bernardesconsultoria.com\/wp-content\/uploads\/2024\/06\/Conheca-os-principais-tipos-de-treinamento-corporativo.jpg\" class=\"attachment-large size-large wp-image-3986\" alt=\"\" srcset=\"https:\/\/bernardesconsultoria.com\/wp-content\/uploads\/2024\/06\/Conheca-os-principais-tipos-de-treinamento-corporativo.jpg 750w, https:\/\/bernardesconsultoria.com\/wp-content\/uploads\/2024\/06\/Conheca-os-principais-tipos-de-treinamento-corporativo-300x166.jpg 300w, https:\/\/bernardesconsultoria.com\/wp-content\/uploads\/2024\/06\/Conheca-os-principais-tipos-de-treinamento-corporativo-320x177.jpg 320w, https:\/\/bernardesconsultoria.com\/wp-content\/uploads\/2024\/06\/Conheca-os-principais-tipos-de-treinamento-corporativo-480x266.jpg 480w, https:\/\/bernardesconsultoria.com\/wp-content\/uploads\/2024\/06\/Conheca-os-principais-tipos-de-treinamento-corporativo-24x13.jpg 24w, https:\/\/bernardesconsultoria.com\/wp-content\/uploads\/2024\/06\/Conheca-os-principais-tipos-de-treinamento-corporativo-36x20.jpg 36w, https:\/\/bernardesconsultoria.com\/wp-content\/uploads\/2024\/06\/Conheca-os-principais-tipos-de-treinamento-corporativo-48x27.jpg 48w\" sizes=\"(max-width: 750px) 100vw, 750px\" \/>\t\t\t\t\t\t\t\t\t\t\t\t\t\t\t<\/div>\n\t\t\t\t<\/div>\n\t\t\t\t<\/div>\n\t\t<div class=\"elementor-element elementor-element-f1c2e94 e-con-full e-flex e-con e-child\" data-id=\"f1c2e94\" data-element_type=\"container\">\n\t\t\t\t<div class=\"elementor-element elementor-element-33aea30 elementor-widget elementor-widget-heading\" data-id=\"33aea30\" data-element_type=\"widget\" data-widget_type=\"heading.default\">\n\t\t\t\t<div class=\"elementor-widget-container\">\n\t\t\t\t\t<h2 class=\"elementor-heading-title elementor-size-default\">Treinamentos<\/h2>\t\t\t\t<\/div>\n\t\t\t\t<\/div>\n\t\t\t\t<div class=\"elementor-element elementor-element-f486086 elementor-widget elementor-widget-text-editor\" data-id=\"f486086\" data-element_type=\"widget\" data-widget_type=\"text-editor.default\">\n\t\t\t\t<div class=\"elementor-widget-container\">\n\t\t\t\t\t\t\t\t\t<p>Manter a produtividade e a motiva\u00e7\u00e3o dos colaboradores \u00e9 um desafio constante para escrit\u00f3rios de todos os tamanhos. Independente da \u00e1rea de atua\u00e7\u00e3o, as organiza\u00e7\u00f5es dependem de pessoas. Falta de capacita\u00e7\u00e3o t\u00e9cnica, desconhecimento dos processos e baixa disposi\u00e7\u00e3o emocional resultam em problemas de produtividade, que \u00e9 crucial para a competitividade das organiza\u00e7\u00f5es.<\/p>\t\t\t\t\t\t\t\t<\/div>\n\t\t\t\t<\/div>\n\t\t\t\t<div class=\"elementor-element elementor-element-a140acc elementor-align-center elementor-widget elementor-widget-button\" data-id=\"a140acc\" data-element_type=\"widget\" data-widget_type=\"button.default\">\n\t\t\t\t<div class=\"elementor-widget-container\">\n\t\t\t\t\t\t\t\t\t<div class=\"elementor-button-wrapper\">\n\t\t\t\t\t<a class=\"elementor-button elementor-button-link elementor-size-sm\" href=\"http:\/\/bernardesconsultoria.com\/pt_pt\/atuacoes\/treinamentos\/\">\n\t\t\t\t\t\t<span class=\"elementor-button-content-wrapper\">\n\t\t\t\t\t\t\t\t\t<span class=\"elementor-button-text\">Saiba Mais<\/span>\n\t\t\t\t\t<\/span>\n\t\t\t\t\t<\/a>\n\t\t\t\t<\/div>\n\t\t\t\t\t\t\t\t<\/div>\n\t\t\t\t<\/div>\n\t\t\t\t<\/div>\n\t\t\t\t\t<\/div>\n\t\t\t\t<\/div>\n\t\t\t\t<\/div>","protected":false},"excerpt":{"rendered":"<p>Consultoria A Advocacia 5.0 est\u00e1 revolucionando o mercado jur\u00eddico brasileiro. Novas tecnologias e pr\u00e1ticas, como a digitaliza\u00e7\u00e3o de processos e a automa\u00e7\u00e3o de tarefas, est\u00e3o transformando a forma de advogar. A gest\u00e3o profissional tornou-se essencial para escrit\u00f3rios de todos os portes e especialidades. Saiba Mais Mentoria A Transforma\u00e7\u00e3o Digital no mercado jur\u00eddico introduziu novos conceitos,&hellip;<\/p>","protected":false},"author":2,"featured_media":55700,"parent":0,"menu_order":20,"comment_status":"closed","ping_status":"closed","template":"","meta":{"footnotes":""},"class_list":["post-3980","page","type-page","status-publish","has-post-thumbnail","hentry"],"yoast_head":"<!-- This site is optimized with the Yoast SEO plugin v24.8.1 - https:\/\/yoast.com\/wordpress\/plugins\/seo\/ -->\n<title>Atua\u00e7\u00f5es - Bernardes Consultoria<\/title>\n<meta name=\"robots\" content=\"index, follow, max-snippet:-1, max-image-preview:large, max-video-preview:-1\" \/>\n<link rel=\"canonical\" href=\"https:\/\/bernardesconsultoria.com\/pt_pt\/atuacoes\/\" \/>\n<meta property=\"og:locale\" content=\"pt_PT\" \/>\n<meta property=\"og:type\" content=\"article\" \/>\n<meta property=\"og:title\" content=\"Atua\u00e7\u00f5es - Bernardes Consultoria\" \/>\n<meta property=\"og:description\" content=\"Consultoria A Advocacia 5.0 est\u00e1 revolucionando o mercado jur\u00eddico brasileiro. Novas tecnologias e pr\u00e1ticas, como a digitaliza\u00e7\u00e3o de processos e a automa\u00e7\u00e3o de tarefas, est\u00e3o transformando a forma de advogar. A gest\u00e3o profissional tornou-se essencial para escrit\u00f3rios de todos os portes e especialidades. Saiba Mais Mentoria A Transforma\u00e7\u00e3o Digital no mercado jur\u00eddico introduziu novos conceitos,&hellip;\" \/>\n<meta property=\"og:url\" content=\"https:\/\/bernardesconsultoria.com\/pt_pt\/atuacoes\/\" \/>\n<meta property=\"og:site_name\" content=\"Bernardes Consultoria\" \/>\n<meta property=\"article:modified_time\" content=\"2024-07-03T13:58:43+00:00\" \/>\n<meta property=\"og:image\" content=\"https:\/\/bernardesconsultoria.com\/wp-content\/uploads\/2024\/06\/WhatsApp-Image-2021-06-29-at-7.50.35-PM.jpeg\" \/>\n\t<meta property=\"og:image:width\" content=\"1280\" \/>\n\t<meta property=\"og:image:height\" content=\"853\" \/>\n\t<meta property=\"og:image:type\" content=\"image\/jpeg\" \/>\n<meta name=\"twitter:card\" content=\"summary_large_image\" \/>\n<meta name=\"twitter:label1\" content=\"Tempo estimado de leitura\" \/>\n\t<meta name=\"twitter:data1\" content=\"1 minuto\" \/>\n<script type=\"application\/ld+json\" class=\"yoast-schema-graph\">{\"@context\":\"https:\/\/schema.org\",\"@graph\":[{\"@type\":\"WebPage\",\"@id\":\"https:\/\/bernardesconsultoria.com\/pt_pt\/atuacoes\/\",\"url\":\"https:\/\/bernardesconsultoria.com\/pt_pt\/atuacoes\/\",\"name\":\"Atua\u00e7\u00f5es - Bernardes Consultoria\",\"isPartOf\":{\"@id\":\"https:\/\/www.bernardesconsultoria.com\/#website\"},\"primaryImageOfPage\":{\"@id\":\"https:\/\/bernardesconsultoria.com\/pt_pt\/atuacoes\/#primaryimage\"},\"image\":{\"@id\":\"https:\/\/bernardesconsultoria.com\/pt_pt\/atuacoes\/#primaryimage\"},\"thumbnailUrl\":\"https:\/\/bernardesconsultoria.com\/wp-content\/uploads\/2024\/06\/WhatsApp-Image-2021-06-29-at-7.50.35-PM.jpeg\",\"datePublished\":\"2024-06-12T20:56:55+00:00\",\"dateModified\":\"2024-07-03T13:58:43+00:00\",\"breadcrumb\":{\"@id\":\"https:\/\/bernardesconsultoria.com\/pt_pt\/atuacoes\/#breadcrumb\"},\"inLanguage\":\"pt-PT\",\"potentialAction\":[{\"@type\":\"ReadAction\",\"target\":[\"https:\/\/bernardesconsultoria.com\/pt_pt\/atuacoes\/\"]}]},{\"@type\":\"ImageObject\",\"inLanguage\":\"pt-PT\",\"@id\":\"https:\/\/bernardesconsultoria.com\/pt_pt\/atuacoes\/#primaryimage\",\"url\":\"https:\/\/bernardesconsultoria.com\/wp-content\/uploads\/2024\/06\/WhatsApp-Image-2021-06-29-at-7.50.35-PM.jpeg\",\"contentUrl\":\"https:\/\/bernardesconsultoria.com\/wp-content\/uploads\/2024\/06\/WhatsApp-Image-2021-06-29-at-7.50.35-PM.jpeg\",\"width\":1280,\"height\":853},{\"@type\":\"BreadcrumbList\",\"@id\":\"https:\/\/bernardesconsultoria.com\/pt_pt\/atuacoes\/#breadcrumb\",\"itemListElement\":[{\"@type\":\"ListItem\",\"position\":1,\"name\":\"In\u00edcio\",\"item\":\"https:\/\/bernardesconsultoria.com\/\"},{\"@type\":\"ListItem\",\"position\":2,\"name\":\"Atua\u00e7\u00f5es\"}]},{\"@type\":\"WebSite\",\"@id\":\"https:\/\/www.bernardesconsultoria.com\/#website\",\"url\":\"https:\/\/www.bernardesconsultoria.com\/\",\"name\":\"Bernardes Consultoria\",\"description\":\"\",\"publisher\":{\"@id\":\"https:\/\/www.bernardesconsultoria.com\/#organization\"},\"potentialAction\":[{\"@type\":\"SearchAction\",\"target\":{\"@type\":\"EntryPoint\",\"urlTemplate\":\"https:\/\/www.bernardesconsultoria.com\/?s={search_term_string}\"},\"query-input\":{\"@type\":\"PropertyValueSpecification\",\"valueRequired\":true,\"valueName\":\"search_term_string\"}}],\"inLanguage\":\"pt-PT\"},{\"@type\":\"Organization\",\"@id\":\"https:\/\/www.bernardesconsultoria.com\/#organization\",\"name\":\"Bernardes Consultoria\",\"url\":\"https:\/\/www.bernardesconsultoria.com\/\",\"logo\":{\"@type\":\"ImageObject\",\"inLanguage\":\"pt-PT\",\"@id\":\"https:\/\/www.bernardesconsultoria.com\/#\/schema\/logo\/image\/\",\"url\":\"\",\"contentUrl\":\"\",\"caption\":\"Bernardes Consultoria\"},\"image\":{\"@id\":\"https:\/\/www.bernardesconsultoria.com\/#\/schema\/logo\/image\/\"}}]}<\/script>\n<!-- \/ Yoast SEO plugin. -->","yoast_head_json":{"title":"Atua\u00e7\u00f5es - Bernardes Consultoria","robots":{"index":"index","follow":"follow","max-snippet":"max-snippet:-1","max-image-preview":"max-image-preview:large","max-video-preview":"max-video-preview:-1"},"canonical":"https:\/\/bernardesconsultoria.com\/pt_pt\/atuacoes\/","og_locale":"pt_PT","og_type":"article","og_title":"Atua\u00e7\u00f5es - Bernardes Consultoria","og_description":"Consultoria A Advocacia 5.0 est\u00e1 revolucionando o mercado jur\u00eddico brasileiro. Novas tecnologias e pr\u00e1ticas, como a digitaliza\u00e7\u00e3o de processos e a automa\u00e7\u00e3o de tarefas, est\u00e3o transformando a forma de advogar. A gest\u00e3o profissional tornou-se essencial para escrit\u00f3rios de todos os portes e especialidades. Saiba Mais Mentoria A Transforma\u00e7\u00e3o Digital no mercado jur\u00eddico introduziu novos conceitos,&hellip;","og_url":"https:\/\/bernardesconsultoria.com\/pt_pt\/atuacoes\/","og_site_name":"Bernardes Consultoria","article_modified_time":"2024-07-03T13:58:43+00:00","og_image":[{"width":1280,"height":853,"url":"https:\/\/bernardesconsultoria.com\/wp-content\/uploads\/2024\/06\/WhatsApp-Image-2021-06-29-at-7.50.35-PM.jpeg","type":"image\/jpeg"}],"twitter_card":"summary_large_image","twitter_misc":{"Tempo estimado de leitura":"1 minuto"},"schema":{"@context":"https:\/\/schema.org","@graph":[{"@type":"WebPage","@id":"https:\/\/bernardesconsultoria.com\/pt_pt\/atuacoes\/","url":"https:\/\/bernardesconsultoria.com\/pt_pt\/atuacoes\/","name":"Atua\u00e7\u00f5es - Bernardes Consultoria","isPartOf":{"@id":"https:\/\/www.bernardesconsultoria.com\/#website"},"primaryImageOfPage":{"@id":"https:\/\/bernardesconsultoria.com\/pt_pt\/atuacoes\/#primaryimage"},"image":{"@id":"https:\/\/bernardesconsultoria.com\/pt_pt\/atuacoes\/#primaryimage"},"thumbnailUrl":"https:\/\/bernardesconsultoria.com\/wp-content\/uploads\/2024\/06\/WhatsApp-Image-2021-06-29-at-7.50.35-PM.jpeg","datePublished":"2024-06-12T20:56:55+00:00","dateModified":"2024-07-03T13:58:43+00:00","breadcrumb":{"@id":"https:\/\/bernardesconsultoria.com\/pt_pt\/atuacoes\/#breadcrumb"},"inLanguage":"pt-PT","potentialAction":[{"@type":"ReadAction","target":["https:\/\/bernardesconsultoria.com\/pt_pt\/atuacoes\/"]}]},{"@type":"ImageObject","inLanguage":"pt-PT","@id":"https:\/\/bernardesconsultoria.com\/pt_pt\/atuacoes\/#primaryimage","url":"https:\/\/bernardesconsultoria.com\/wp-content\/uploads\/2024\/06\/WhatsApp-Image-2021-06-29-at-7.50.35-PM.jpeg","contentUrl":"https:\/\/bernardesconsultoria.com\/wp-content\/uploads\/2024\/06\/WhatsApp-Image-2021-06-29-at-7.50.35-PM.jpeg","width":1280,"height":853},{"@type":"BreadcrumbList","@id":"https:\/\/bernardesconsultoria.com\/pt_pt\/atuacoes\/#breadcrumb","itemListElement":[{"@type":"ListItem","position":1,"name":"In\u00edcio","item":"https:\/\/bernardesconsultoria.com\/"},{"@type":"ListItem","position":2,"name":"Atua\u00e7\u00f5es"}]},{"@type":"WebSite","@id":"https:\/\/www.bernardesconsultoria.com\/#website","url":"https:\/\/www.bernardesconsultoria.com\/","name":"Bernardes Consultoria","description":"","publisher":{"@id":"https:\/\/www.bernardesconsultoria.com\/#organization"},"potentialAction":[{"@type":"SearchAction","target":{"@type":"EntryPoint","urlTemplate":"https:\/\/www.bernardesconsultoria.com\/?s={search_term_string}"},"query-input":{"@type":"PropertyValueSpecification","valueRequired":true,"valueName":"search_term_string"}}],"inLanguage":"pt-PT"},{"@type":"Organization","@id":"https:\/\/www.bernardesconsultoria.com\/#organization","name":"Bernardes Consultoria","url":"https:\/\/www.bernardesconsultoria.com\/","logo":{"@type":"ImageObject","inLanguage":"pt-PT","@id":"https:\/\/www.bernardesconsultoria.com\/#\/schema\/logo\/image\/","url":"","contentUrl":"","caption":"Bernardes Consultoria"},"image":{"@id":"https:\/\/www.bernardesconsultoria.com\/#\/schema\/logo\/image\/"}}]}},"_links":{"self":[{"href":"https:\/\/bernardesconsultoria.com\/pt_pt\/wp-json\/wp\/v2\/pages\/3980","targetHints":{"allow":["GET"]}}],"collection":[{"href":"https:\/\/bernardesconsultoria.com\/pt_pt\/wp-json\/wp\/v2\/pages"}],"about":[{"href":"https:\/\/bernardesconsultoria.com\/pt_pt\/wp-json\/wp\/v2\/types\/page"}],"author":[{"embeddable":true,"href":"https:\/\/bernardesconsultoria.com\/pt_pt\/wp-json\/wp\/v2\/users\/2"}],"replies":[{"embeddable":true,"href":"https:\/\/bernardesconsultoria.com\/pt_pt\/wp-json\/wp\/v2\/comments?post=3980"}],"version-history":[{"count":15,"href":"https:\/\/bernardesconsultoria.com\/pt_pt\/wp-json\/wp\/v2\/pages\/3980\/revisions"}],"predecessor-version":[{"id":56356,"href":"https:\/\/bernardesconsultoria.com\/pt_pt\/wp-json\/wp\/v2\/pages\/3980\/revisions\/56356"}],"wp:featuredmedia":[{"embeddable":true,"href":"https:\/\/bernardesconsultoria.com\/pt_pt\/wp-json\/wp\/v2\/media\/55700"}],"wp:attachment":[{"href":"https:\/\/bernardesconsultoria.com\/pt_pt\/wp-json\/wp\/v2\/media?parent=3980"}],"curies":[{"name":"wp","href":"https:\/\/api.w.org\/{rel}","templated":true}]}}