{"id":55695,"date":"2024-06-19T21:28:39","date_gmt":"2024-06-19T21:28:39","guid":{"rendered":"http:\/\/bernardesconsultoria.com\/?page_id=55695"},"modified":"2024-06-19T21:40:00","modified_gmt":"2024-06-19T21:40:00","slug":"gestao-legal","status":"publish","type":"page","link":"https:\/\/bernardesconsultoria.com\/pt_pt\/gestao-legal\/","title":{"rendered":"Gest\u00e3o Legal"},"content":{"rendered":"<div class=\"wpb-content-wrapper\"><div class=\"vc_row wpb_row vc_row-fluid vc_custom_1575390546273 vc_row-o-content-middle vc_row-flex\"><div class=\"wpb_column vc_column_container vc_col-sm-12\"><div class=\"vc_column-inner\"><div class=\"wpb_wrapper\"><div class=\"vc_row wpb_row vc_inner vc_row-fluid vc_row-o-equal-height vc_row-o-content-middle vc_row-flex\"><div class=\"wpb_column vc_column_container vc_col-sm-6 vc_col-has-fill\"><div class=\"vc_column-inner vc_custom_1718832718565\"><div class=\"wpb_wrapper\"><\/div><\/div><\/div><div class=\"wpb_column vc_column_container vc_col-sm-6\"><div class=\"vc_column-inner vc_custom_1575390506246\"><div class=\"wpb_wrapper\"><div id=\"ultimate-heading-213569dfec9dd7549\" class=\"uvc-heading ult-adjust-bottom-margin ultimate-heading-213569dfec9dd7549 uvc-2997  uvc-heading-default-font-sizes\" data-hspacer=\"no_spacer\"  data-halign=\"center\" style=\"text-align:center\"><div class=\"uvc-heading-spacer no_spacer\" style=\"top\"><\/div><div class=\"uvc-main-heading ult-responsive\"  data-ultimate-target='.uvc-heading.ultimate-heading-213569dfec9dd7549 h3'  data-responsive-json-new='{\"font-size\":\"\",\"line-height\":\"\"}' ><h3 style=\"font-weight:bold;color:#fd7263;margin-bottom:20px;\">GEST\u00c3O LEGAL<\/h3><\/div><\/div>\n\t<div class=\"wpb_text_column wpb_content_element\" >\n\t\t<div class=\"wpb_wrapper\">\n\t\t\t<p style=\"text-align: center;\">A Gest\u00e3o Legal \u00e9 a aplica\u00e7\u00e3o de conceitos e ferramentas de administra\u00e7\u00e3o de empresas ao universo jur\u00eddico e com isso os escrit\u00f3rios de advocacia passam a ser geridos como empresas, potencializando, desta forma, seus resultados.<\/p>\n\n\t\t<\/div>\n\t<\/div>\n<\/div><\/div><\/div><\/div><\/div><\/div><\/div><\/div>\n<\/div>","protected":false},"excerpt":{"rendered":"<p>GEST\u00c3O LEGAL A Gest\u00e3o Legal \u00e9 a aplica\u00e7\u00e3o de conceitos e ferramentas de administra\u00e7\u00e3o de empresas ao universo jur\u00eddico e com isso os escrit\u00f3rios de advocacia passam a ser geridos como empresas, potencializando, desta forma, seus resultados.<\/p>","protected":false},"author":2,"featured_media":0,"parent":0,"menu_order":5,"comment_status":"closed","ping_status":"closed","template":"","meta":{"footnotes":""},"class_list":["post-55695","page","type-page","status-publish","hentry","description-off"],"yoast_head":"<!-- This site is optimized with the Yoast SEO plugin v24.8.1 - https:\/\/yoast.com\/wordpress\/plugins\/seo\/ -->\n<title>Gest\u00e3o Legal - Bernardes Consultoria<\/title>\n<meta name=\"robots\" content=\"index, follow, max-snippet:-1, max-image-preview:large, max-video-preview:-1\" \/>\n<link rel=\"canonical\" href=\"https:\/\/bernardesconsultoria.com\/pt_pt\/gestao-legal\/\" \/>\n<meta property=\"og:locale\" content=\"pt_PT\" \/>\n<meta property=\"og:type\" content=\"article\" \/>\n<meta property=\"og:title\" content=\"Gest\u00e3o Legal - Bernardes Consultoria\" \/>\n<meta property=\"og:url\" content=\"https:\/\/bernardesconsultoria.com\/pt_pt\/gestao-legal\/\" \/>\n<meta property=\"og:site_name\" content=\"Bernardes Consultoria\" \/>\n<meta property=\"article:modified_time\" content=\"2024-06-19T21:40:00+00:00\" \/>\n<meta name=\"twitter:card\" content=\"summary_large_image\" \/>\n<meta name=\"twitter:label1\" content=\"Tempo estimado de leitura\" \/>\n\t<meta name=\"twitter:data1\" content=\"1 minuto\" \/>\n<script type=\"application\/ld+json\" class=\"yoast-schema-graph\">{\"@context\":\"https:\/\/schema.org\",\"@graph\":[{\"@type\":\"WebPage\",\"@id\":\"https:\/\/bernardesconsultoria.com\/gestao-legal\/\",\"url\":\"https:\/\/bernardesconsultoria.com\/gestao-legal\/\",\"name\":\"Gest\u00e3o Legal - Bernardes Consultoria\",\"isPartOf\":{\"@id\":\"https:\/\/www.bernardesconsultoria.com\/#website\"},\"datePublished\":\"2024-06-19T21:28:39+00:00\",\"dateModified\":\"2024-06-19T21:40:00+00:00\",\"breadcrumb\":{\"@id\":\"https:\/\/bernardesconsultoria.com\/gestao-legal\/#breadcrumb\"},\"inLanguage\":\"pt-PT\",\"potentialAction\":[{\"@type\":\"ReadAction\",\"target\":[\"https:\/\/bernardesconsultoria.com\/gestao-legal\/\"]}]},{\"@type\":\"BreadcrumbList\",\"@id\":\"https:\/\/bernardesconsultoria.com\/gestao-legal\/#breadcrumb\",\"itemListElement\":[{\"@type\":\"ListItem\",\"position\":1,\"name\":\"In\u00edcio\",\"item\":\"https:\/\/bernardesconsultoria.com\/\"},{\"@type\":\"ListItem\",\"position\":2,\"name\":\"Gest\u00e3o Legal\"}]},{\"@type\":\"WebSite\",\"@id\":\"https:\/\/www.bernardesconsultoria.com\/#website\",\"url\":\"https:\/\/www.bernardesconsultoria.com\/\",\"name\":\"Bernardes Consultoria\",\"description\":\"\",\"publisher\":{\"@id\":\"https:\/\/www.bernardesconsultoria.com\/#organization\"},\"potentialAction\":[{\"@type\":\"SearchAction\",\"target\":{\"@type\":\"EntryPoint\",\"urlTemplate\":\"https:\/\/www.bernardesconsultoria.com\/?s={search_term_string}\"},\"query-input\":{\"@type\":\"PropertyValueSpecification\",\"valueRequired\":true,\"valueName\":\"search_term_string\"}}],\"inLanguage\":\"pt-PT\"},{\"@type\":\"Organization\",\"@id\":\"https:\/\/www.bernardesconsultoria.com\/#organization\",\"name\":\"Bernardes Consultoria\",\"url\":\"https:\/\/www.bernardesconsultoria.com\/\",\"logo\":{\"@type\":\"ImageObject\",\"inLanguage\":\"pt-PT\",\"@id\":\"https:\/\/www.bernardesconsultoria.com\/#\/schema\/logo\/image\/\",\"url\":\"\",\"contentUrl\":\"\",\"caption\":\"Bernardes Consultoria\"},\"image\":{\"@id\":\"https:\/\/www.bernardesconsultoria.com\/#\/schema\/logo\/image\/\"}}]}<\/script>\n<!-- \/ Yoast SEO plugin. -->","yoast_head_json":{"title":"Gest\u00e3o Legal - Bernardes Consultoria","robots":{"index":"index","follow":"follow","max-snippet":"max-snippet:-1","max-image-preview":"max-image-preview:large","max-video-preview":"max-video-preview:-1"},"canonical":"https:\/\/bernardesconsultoria.com\/pt_pt\/gestao-legal\/","og_locale":"pt_PT","og_type":"article","og_title":"Gest\u00e3o Legal - Bernardes Consultoria","og_url":"https:\/\/bernardesconsultoria.com\/pt_pt\/gestao-legal\/","og_site_name":"Bernardes Consultoria","article_modified_time":"2024-06-19T21:40:00+00:00","twitter_card":"summary_large_image","twitter_misc":{"Tempo estimado de leitura":"1 minuto"},"schema":{"@context":"https:\/\/schema.org","@graph":[{"@type":"WebPage","@id":"https:\/\/bernardesconsultoria.com\/gestao-legal\/","url":"https:\/\/bernardesconsultoria.com\/gestao-legal\/","name":"Gest\u00e3o Legal - Bernardes Consultoria","isPartOf":{"@id":"https:\/\/www.bernardesconsultoria.com\/#website"},"datePublished":"2024-06-19T21:28:39+00:00","dateModified":"2024-06-19T21:40:00+00:00","breadcrumb":{"@id":"https:\/\/bernardesconsultoria.com\/gestao-legal\/#breadcrumb"},"inLanguage":"pt-PT","potentialAction":[{"@type":"ReadAction","target":["https:\/\/bernardesconsultoria.com\/gestao-legal\/"]}]},{"@type":"BreadcrumbList","@id":"https:\/\/bernardesconsultoria.com\/gestao-legal\/#breadcrumb","itemListElement":[{"@type":"ListItem","position":1,"name":"In\u00edcio","item":"https:\/\/bernardesconsultoria.com\/"},{"@type":"ListItem","position":2,"name":"Gest\u00e3o Legal"}]},{"@type":"WebSite","@id":"https:\/\/www.bernardesconsultoria.com\/#website","url":"https:\/\/www.bernardesconsultoria.com\/","name":"Bernardes Consultoria","description":"","publisher":{"@id":"https:\/\/www.bernardesconsultoria.com\/#organization"},"potentialAction":[{"@type":"SearchAction","target":{"@type":"EntryPoint","urlTemplate":"https:\/\/www.bernardesconsultoria.com\/?s={search_term_string}"},"query-input":{"@type":"PropertyValueSpecification","valueRequired":true,"valueName":"search_term_string"}}],"inLanguage":"pt-PT"},{"@type":"Organization","@id":"https:\/\/www.bernardesconsultoria.com\/#organization","name":"Bernardes Consultoria","url":"https:\/\/www.bernardesconsultoria.com\/","logo":{"@type":"ImageObject","inLanguage":"pt-PT","@id":"https:\/\/www.bernardesconsultoria.com\/#\/schema\/logo\/image\/","url":"","contentUrl":"","caption":"Bernardes Consultoria"},"image":{"@id":"https:\/\/www.bernardesconsultoria.com\/#\/schema\/logo\/image\/"}}]}},"_links":{"self":[{"href":"https:\/\/bernardesconsultoria.com\/pt_pt\/wp-json\/wp\/v2\/pages\/55695","targetHints":{"allow":["GET"]}}],"collection":[{"href":"https:\/\/bernardesconsultoria.com\/pt_pt\/wp-json\/wp\/v2\/pages"}],"about":[{"href":"https:\/\/bernardesconsultoria.com\/pt_pt\/wp-json\/wp\/v2\/types\/page"}],"author":[{"embeddable":true,"href":"https:\/\/bernardesconsultoria.com\/pt_pt\/wp-json\/wp\/v2\/users\/2"}],"replies":[{"embeddable":true,"href":"https:\/\/bernardesconsultoria.com\/pt_pt\/wp-json\/wp\/v2\/comments?post=55695"}],"version-history":[{"count":4,"href":"https:\/\/bernardesconsultoria.com\/pt_pt\/wp-json\/wp\/v2\/pages\/55695\/revisions"}],"predecessor-version":[{"id":55701,"href":"https:\/\/bernardesconsultoria.com\/pt_pt\/wp-json\/wp\/v2\/pages\/55695\/revisions\/55701"}],"wp:attachment":[{"href":"https:\/\/bernardesconsultoria.com\/pt_pt\/wp-json\/wp\/v2\/media?parent=55695"}],"curies":[{"name":"wp","href":"https:\/\/api.w.org\/{rel}","templated":true}]}}